{"id":7254,"date":"2011-07-14T22:18:32","date_gmt":"2011-07-14T22:18:32","guid":{"rendered":"https:\/\/www.allgeier.com\/de\/?page_id=7254"},"modified":"2025-07-23T10:27:51","modified_gmt":"2025-07-23T10:27:51","slug":"allgeier-treibt-internationale-expansion-weiter-voran-3","status":"publish","type":"page","link":"https:\/\/www.allgeier.com\/de\/pressroom\/press-releases\/allgeier-treibt-internationale-expansion-weiter-voran-3\/","title":{"rendered":"Allgeier treibt internationale Expansion weiter voran"},"content":{"rendered":"<p>ALLGEIER HOLDING AG \/ Schlagwort(e): Firmen\u00fcbernahme<\/p>\n<p>15.07.2011 \/ 00:18<\/p>\n<p>&#8212;&#8212;&#8212;&#8212;&#8212;&#8212;&#8212;&#8212;&#8212;&#8212;&#8212;&#8212;&#8212;&#8212;&#8212;&#8212;&#8212;&#8212;&#8212;&#8212;&#8212;&#8212;&#8212;<\/p>\n<p>M\u00fcnchen, 14. Juli 2011 &#8211; Die Allgeier Holding AG (WKN DE000508300), eine<br \/>\nder f\u00fchrenden IT Beratungs- und Servicegesellschaften im deutschsprachigen<br \/>\nRaum, hat sich heute mit den Gesellschaftern des IT-L\u00f6sungsanbieters und<br \/>\nSoftwareentwicklungshauses Nagarro Inc. vertraglich \u00fcber den Erwerb<br \/>\ns\u00e4mtlicher Anteile der Gesellschaft geeinigt. Die \u00dcbertragung der Anteile<br \/>\n(Closing) h\u00e4ngt von der Erf\u00fcllung \u00fcblicher vertraglicher Bedingungen ab und<br \/>\nwird f\u00fcr die kommenden Tage erwartet. Die Gesellschaft mit Sitz im Silicon<br \/>\nValley, USA, hat Tochtergesellschaften in Deutschland, Schweden, Indien und<br \/>\nMexiko.<\/p>\n<p>Nagarro, die mit dem Slogan &#8218;the brightest minds&#8216; wirbt, entwickelt als<br \/>\nHigh-End Softwaredienstleister individuelle Softwarel\u00f6sungen. Die<br \/>\nHauptkunden der Gesellschaft sind gro\u00dfe Unternehmen in den USA und Europa,<br \/>\ndie bei der Bereitstellung und Weiterentwicklung von unternehmensinternen<br \/>\nSchl\u00fcsselanwendungen auf die Expertise und Zuverl\u00e4ssigkeit von Nagarro<br \/>\nsetzen. Im Jahr 2010 setzte Nagarro mit 840 Mitarbeitern rund 22 Mio. USD<br \/>\num. Die 1996 gegr\u00fcndete Gesellschaft w\u00e4chst seit Jahren konstant stark in<br \/>\nUmsatz und Ertrag. Im Jahr 2011 ist ein Wachstum von 35 Prozent auf bis zu<br \/>\n30 Mio. USD geplant.<\/p>\n<p>F\u00fcr Allgeier ist die Transaktion ein weiterer konsequenter strategischer<br \/>\nSchritt auf das internationale Parkett zur Besetzung von Schl\u00fcsselm\u00e4rkten<br \/>\nund die Fortsetzung der Politik, sich an hervorragenden mittelst\u00e4ndischen<br \/>\nUnternehmen zu beteiligen. Vor dem Hintergrund der Verknappung von<br \/>\nIT-Fachkr\u00e4ften im deutschsprachigen Raum, ergibt sich nun ein Zugang zu<br \/>\nhochqualifizierten IT-Ressourcen an weltweiten Standorten. Gemeinsam mit<br \/>\nden Spezialisten der Allgeier Gesellschaften kann so der Kundenbedarf<br \/>\nl\u00fcckenlos abgedeckt werden. Die internationalen Gro\u00dfkunden von Allgeier<br \/>\nprofitieren von der jetzt umfassenden Leistungsf\u00e4higkeit in globalen<br \/>\nProjekten. Weitere Motivation f\u00fcr die Transaktion ist die Abrundung des<br \/>\nServiceportfolios der Allgeier Gruppe sowohl im Hinblick auf das wertvolle<br \/>\nKnow-how in State of the Art Technologien als auch in der geographischen<br \/>\nAbdeckung.<br \/>\n\u2003<br \/>\nDer Vorstand der Allgeier Holding sieht die Akquisition von Nagarro Inc.<br \/>\nals basisbildend f\u00fcr die Wahrnehmung weiterer internationaler<br \/>\nWachstumschancen und auch als Reaktion auf den vorherrschenden<br \/>\nFachkr\u00e4ftemangel. &#8218;Wir sind davon \u00fcberzeugt, mit Nagarro daf\u00fcr den<br \/>\nrichtigen Partner gefunden zu haben und freuen uns auf die gemeinsame<br \/>\nWeiterentwicklung&#8216;, so Carl Georg D\u00fcrschmidt, Vorstandsvorsitzender der<br \/>\nAllgeier Holding AG. &#8218;Nagarro hat sich einen guten Namen durch effizienten<br \/>\nEinsatz modernster IT und hochzufriedene Kunden gemacht. Mit unserer<br \/>\nUnterst\u00fctzung wird Nagarro ihren Kunden k\u00fcnftig noch mehr bieten k\u00f6nnen.&#8216;<\/p>\n<p>F\u00fcr Nagarro er\u00f6ffnet sich durch die Zugeh\u00f6rigkeit zu Allgeier eine bessere<br \/>\nErreichbarkeit des deutschsprachigen und des internationalen IT-Marktes<br \/>\ndurch Nutzung von Gr\u00f6\u00dfen- und Synergieeffekten. &#8218;Die Partnerschaft mit<br \/>\nAllgeier bietet f\u00fcr Nagarro neue und weitreichende M\u00f6glichkeiten&#8216;, sagt<br \/>\nVikas Seghal, CEO Nagarro Inc. Und weiter: &#8218;Nagarro freut sich darauf<br \/>\nzusammen mit einem gro\u00dfen Partner, seinen Global 500 Kunden das Fachwissen,<br \/>\ndie Flexibilit\u00e4t und die Leistungsf\u00e4higkeit anzubieten, die sie von uns<br \/>\nerwarten. Durch die Zusammenarbeit mit Allgeier Holding kann Nagarro seine<br \/>\nIdentit\u00e4t und Fokussierung beibehalten und gleichzeitig die Vorteile eines<br \/>\nweitaus gr\u00f6\u00dferen Unternehmens nutzen.&#8216;<\/p>\n<p>Der Erstkaufpreis liegt im unteren 2-stelligen Mio. EUR Bereich und kann<br \/>\nbei voller Erreichung der Earn-Out Ziele in den n\u00e4chsten 3 Jahren auf einen<br \/>\nmittleren 2-stelligen Mio. EUR Betrag ansteigen. Im Zuge des Verkaufs ihrer<br \/>\nAnteile haben sich die Gesellschafter der Nagarro Inc. mit einem<br \/>\nAktienpaket an der Allgeier Holding AG beteiligt. Sie werden weiterhin die<br \/>\nunternehmerische Verantwortung tragen und als Gesch\u00e4ftsf\u00fchrer agieren.<\/p>\n<p>Kurzprofil Nagarro<br \/>\nNagarro entwickelt komplexe, gesch\u00e4ftskritische Produkte und L\u00f6sungen, die<br \/>\nUnternehmen helfen, ihre Gesch\u00e4ftsziele zu erreichen und<br \/>\nWettbewerbsvorteile zu nutzen. Nagarros Bekenntnis, jedes Projekt zum<br \/>\nErfolg zu bringen, die unvergleichbaren, technischen F\u00e4higkeiten und<br \/>\nEigenschaften sowie das tiefe Fachwissen in zahlreichen Branchen sind die<br \/>\nBasis f\u00fcr den Erfolg zwischen Nagarro und seinen Kunden. Das 1996 gegr\u00fcndet<br \/>\nUnternehmen verf\u00fcgt \u00fcber Standorte in den USA, Mexiko, Deutschland,<br \/>\nSchweden und Indien. Im Jahr 2010 setzte Nagarro mit 840 Mitarbeitern rund<br \/>\n22 Mio. USD um.<\/p>\n<p>Pressekontakt<br \/>\nAllgeier Holding AG<br \/>\nFlorian Kr\u00e4nzle<br \/>\nWehrlestra\u00dfe 12<br \/>\nD-81679 M\u00fcnchen<br \/>\nTel.: +49 89 998421-0<br \/>\nFax: +49 89 998421-11<br \/>\nE-Mail: fkraenzle@allgeier-holding.de  <\/p>\n<p>Die Allgeier Holding AG mit Sitz in M\u00fcnchen ist eine der f\u00fchrenden<br \/>\nBeratungs- und Service-Gesellschaften im deutschsprachigen Raum. Allgeier<br \/>\nbietet in den drei Gesch\u00e4ftsbereichen IT Solutions, IT Services &amp;<br \/>\nRecruiting und Project Solutions einen Full-Service-Ansatz, von der<br \/>\nKonzeption \u00fcber die Umsetzung bis hin zum Betrieb von IT Landschaften. Die<br \/>\nAllgeier Gruppe umfasst 16 operative Tochtergesellschaften mit \u00fcber 1.300<br \/>\nangestellten Mitarbeitern sowie \u00fcber 1.400 freiberuflichen Experten und<br \/>\nbetreut ca. 3.000 Kunden aus nahezu allen Bereichen der Wirtschaft. In<br \/>\nDeutschland verf\u00fcgt die Gruppe \u00fcber 52 Niederlassungen und 18 weitere in<br \/>\nBelgien, Frankreich, Niederlande, \u00d6sterreich, Rum\u00e4nien, Tschechien, der<br \/>\nSchweiz und China. Allgeier erzielte im Gesch\u00e4ftsjahr 2010 einen Umsatz von<br \/>\n308,7 Mio. Euro. Damit ist Allgeier laut der L\u00fcnendonk Marktsegmentstudie<br \/>\n2010 Nummer 2 bei den mittelst\u00e4ndischen IT Serviceunternehmen und Nummer 2<br \/>\nbei den IT Recruiting-Unternehmen in Deutschland. Die Gesellschaft ist am<br \/>\nregulierten Markt der Frankfurter Wertpapierb\u00f6rse im General Standard<br \/>\ngelistet.<\/p>\n<p>Ende der Corporate News<\/p>\n<p>&#8212;&#8212;&#8212;&#8212;&#8212;&#8212;&#8212;&#8212;&#8212;&#8212;&#8212;&#8212;&#8212;&#8212;&#8212;&#8212;&#8212;&#8212;&#8212;&#8212;&#8212;&#8212;&#8212;<\/p>\n<p>15.07.2011 Ver\u00f6ffentlichung einer Corporate News\/Finanznachricht,<br \/>\n\u00fcbermittelt durch die DGAP &#8211; ein Unternehmen der EquityStory AG.<br \/>\nF\u00fcr den Inhalt der Mitteilung ist der Emittent \/ Herausgeber<br \/>\nverantwortlich.<\/p>\n<p>Die DGAP Distributionsservices umfassen gesetzliche Meldepflichten,<br \/>\nCorporate News\/Finanznachrichten und Pressemitteilungen.<br \/>\nMedienarchiv unter http:\/\/www.dgap-medientreff.de und<br \/>\nhttp:\/\/www.dgap.de<\/p>\n<p>&#8212;&#8212;&#8212;&#8212;&#8212;&#8212;&#8212;&#8212;&#8212;&#8212;&#8212;&#8212;&#8212;&#8212;&#8212;&#8212;&#8212;&#8212;&#8212;&#8212;&#8212;&#8212;&#8212;<\/p>\n<p>Sprache:        Deutsch<br \/>\nUnternehmen:    ALLGEIER HOLDING AG<br \/>\n                Wehrlestra\u00dfe 12<br \/>\n                81679 M\u00fcnchen<br \/>\n                Deutschland<br \/>\nTelefon:        +49 (0) 89 &#8211; 99 84 21 0<br \/>\nFax:            +49 (0) 89 &#8211; 99 84 21 11<br \/>\nE-Mail:         info@allgeier.com<br \/>\nInternet:       http:\/\/www.allgeier.com<br \/>\nISIN:           DE0005086300<br \/>\nWKN:            508630<br \/>\nB\u00f6rsen:         Regulierter Markt in Frankfurt (General Standard);<br \/>\n                Freiverkehr in Berlin, D\u00fcsseldorf, Hamburg, Stuttgart  <\/p>\n<p>Ende der Mitteilung    DGAP News-Service<br \/>\n&#8212;&#8212;&#8212;&#8212;&#8212;&#8212;&#8212;&#8212;&#8212;&#8212;&#8212;&#8212;&#8212;&#8212;&#8212;&#8212;&#8212;&#8212;&#8212;&#8212;&#8212;&#8212;&#8212;<br \/>\n132134 15.07.2011                                                      <\/p>\n","protected":false},"excerpt":{"rendered":"<p>M\u00fcnchen, 14. Juli 2011 &#8211; Die Allgeier Holding AG (WKN DE000508300), eine der f\u00fchrenden IT Beratungs- und Servicegesellschaften im deutschsprachigen Raum, hat sich heute mit den Gesellschaftern des IT-L\u00f6sungsanbieters und Softwareentwicklungshauses Nagarro Inc. vertraglich \u00fcber den Erwerb s\u00e4mtlicher Anteile<\/p>\n","protected":false},"author":4,"featured_media":0,"parent":1169,"menu_order":0,"comment_status":"close","ping_status":"closed","template":"","meta":{"_acf_changed":false,"footnotes":""},"categories":[],"tags":[],"class_list":["post-7254","page","type-page","status-publish","hentry"],"acf":[],"yoast_head":"<!-- This site is optimized with the Yoast SEO plugin v27.4 - https:\/\/yoast.com\/product\/yoast-seo-wordpress\/ -->\n<title>Allgeier treibt internationale Expansion weiter voran - Allgeier SE<\/title>\n<meta name=\"robots\" content=\"index, follow, max-snippet:-1, max-image-preview:large, max-video-preview:-1\" \/>\n<link rel=\"canonical\" href=\"https:\/\/www.allgeier.com\/de\/pressroom\/press-releases\/allgeier-treibt-internationale-expansion-weiter-voran-3\/\" \/>\n<meta property=\"og:locale\" content=\"de_DE\" \/>\n<meta property=\"og:type\" content=\"article\" \/>\n<meta property=\"og:title\" content=\"Allgeier treibt internationale Expansion weiter voran - Allgeier SE\" \/>\n<meta property=\"og:description\" content=\"M\u00fcnchen, 14. Juli 2011 - Die Allgeier Holding AG (WKN DE000508300), eine der f\u00fchrenden IT Beratungs- und Servicegesellschaften im deutschsprachigen Raum, hat sich heute mit den Gesellschaftern des IT-L\u00f6sungsanbieters und Softwareentwicklungshauses Nagarro Inc. vertraglich \u00fcber den Erwerb s\u00e4mtlicher Anteile\" \/>\n<meta property=\"og:url\" content=\"https:\/\/www.allgeier.com\/de\/pressroom\/press-releases\/allgeier-treibt-internationale-expansion-weiter-voran-3\/\" \/>\n<meta property=\"og:site_name\" content=\"Allgeier SE\" \/>\n<meta property=\"article:modified_time\" content=\"2025-07-23T10:27:51+00:00\" \/>\n<meta name=\"twitter:card\" content=\"summary_large_image\" \/>\n<meta name=\"twitter:label1\" content=\"Gesch\u00e4tzte Lesezeit\" \/>\n\t<meta name=\"twitter:data1\" content=\"5\u00a0Minuten\" \/>\n<script type=\"application\/ld+json\" class=\"yoast-schema-graph\">{\"@context\":\"https:\\\/\\\/schema.org\",\"@graph\":[{\"@type\":\"WebPage\",\"@id\":\"https:\\\/\\\/www.allgeier.com\\\/de\\\/pressroom\\\/press-releases\\\/allgeier-treibt-internationale-expansion-weiter-voran-3\\\/\",\"url\":\"https:\\\/\\\/www.allgeier.com\\\/de\\\/pressroom\\\/press-releases\\\/allgeier-treibt-internationale-expansion-weiter-voran-3\\\/\",\"name\":\"Allgeier treibt internationale Expansion weiter voran - Allgeier SE\",\"isPartOf\":{\"@id\":\"https:\\\/\\\/www.allgeier.com\\\/de\\\/#website\"},\"datePublished\":\"2011-07-14T22:18:32+00:00\",\"dateModified\":\"2025-07-23T10:27:51+00:00\",\"breadcrumb\":{\"@id\":\"https:\\\/\\\/www.allgeier.com\\\/de\\\/pressroom\\\/press-releases\\\/allgeier-treibt-internationale-expansion-weiter-voran-3\\\/#breadcrumb\"},\"inLanguage\":\"de\",\"potentialAction\":[{\"@type\":\"ReadAction\",\"target\":[\"https:\\\/\\\/www.allgeier.com\\\/de\\\/pressroom\\\/press-releases\\\/allgeier-treibt-internationale-expansion-weiter-voran-3\\\/\"]}]},{\"@type\":\"BreadcrumbList\",\"@id\":\"https:\\\/\\\/www.allgeier.com\\\/de\\\/pressroom\\\/press-releases\\\/allgeier-treibt-internationale-expansion-weiter-voran-3\\\/#breadcrumb\",\"itemListElement\":[{\"@type\":\"ListItem\",\"position\":1,\"name\":\"Home\",\"item\":\"https:\\\/\\\/www.allgeier.com\\\/de\\\/\"},{\"@type\":\"ListItem\",\"position\":2,\"name\":\"Presse\",\"item\":\"https:\\\/\\\/www.allgeier.com\\\/de\\\/pressroom\\\/\"},{\"@type\":\"ListItem\",\"position\":3,\"name\":\"Pressemitteilungen\",\"item\":\"https:\\\/\\\/www.allgeier.com\\\/de\\\/pressroom\\\/press-releases\\\/\"},{\"@type\":\"ListItem\",\"position\":4,\"name\":\"Allgeier treibt internationale Expansion weiter voran\"}]},{\"@type\":\"WebSite\",\"@id\":\"https:\\\/\\\/www.allgeier.com\\\/de\\\/#website\",\"url\":\"https:\\\/\\\/www.allgeier.com\\\/de\\\/\",\"name\":\"Allgeier SE\",\"description\":\"Software &amp; IT Services for digital transformation\",\"potentialAction\":[{\"@type\":\"SearchAction\",\"target\":{\"@type\":\"EntryPoint\",\"urlTemplate\":\"https:\\\/\\\/www.allgeier.com\\\/de\\\/?s={search_term_string}\"},\"query-input\":{\"@type\":\"PropertyValueSpecification\",\"valueRequired\":true,\"valueName\":\"search_term_string\"}}],\"inLanguage\":\"de\"}]}<\/script>\n<!-- \/ Yoast SEO plugin. -->","yoast_head_json":{"title":"Allgeier treibt internationale Expansion weiter voran - Allgeier SE","robots":{"index":"index","follow":"follow","max-snippet":"max-snippet:-1","max-image-preview":"max-image-preview:large","max-video-preview":"max-video-preview:-1"},"canonical":"https:\/\/www.allgeier.com\/de\/pressroom\/press-releases\/allgeier-treibt-internationale-expansion-weiter-voran-3\/","og_locale":"de_DE","og_type":"article","og_title":"Allgeier treibt internationale Expansion weiter voran - Allgeier SE","og_description":"M\u00fcnchen, 14. Juli 2011 - Die Allgeier Holding AG (WKN DE000508300), eine der f\u00fchrenden IT Beratungs- und Servicegesellschaften im deutschsprachigen Raum, hat sich heute mit den Gesellschaftern des IT-L\u00f6sungsanbieters und Softwareentwicklungshauses Nagarro Inc. vertraglich \u00fcber den Erwerb s\u00e4mtlicher Anteile","og_url":"https:\/\/www.allgeier.com\/de\/pressroom\/press-releases\/allgeier-treibt-internationale-expansion-weiter-voran-3\/","og_site_name":"Allgeier SE","article_modified_time":"2025-07-23T10:27:51+00:00","twitter_card":"summary_large_image","twitter_misc":{"Gesch\u00e4tzte Lesezeit":"5\u00a0Minuten"},"schema":{"@context":"https:\/\/schema.org","@graph":[{"@type":"WebPage","@id":"https:\/\/www.allgeier.com\/de\/pressroom\/press-releases\/allgeier-treibt-internationale-expansion-weiter-voran-3\/","url":"https:\/\/www.allgeier.com\/de\/pressroom\/press-releases\/allgeier-treibt-internationale-expansion-weiter-voran-3\/","name":"Allgeier treibt internationale Expansion weiter voran - Allgeier SE","isPartOf":{"@id":"https:\/\/www.allgeier.com\/de\/#website"},"datePublished":"2011-07-14T22:18:32+00:00","dateModified":"2025-07-23T10:27:51+00:00","breadcrumb":{"@id":"https:\/\/www.allgeier.com\/de\/pressroom\/press-releases\/allgeier-treibt-internationale-expansion-weiter-voran-3\/#breadcrumb"},"inLanguage":"de","potentialAction":[{"@type":"ReadAction","target":["https:\/\/www.allgeier.com\/de\/pressroom\/press-releases\/allgeier-treibt-internationale-expansion-weiter-voran-3\/"]}]},{"@type":"BreadcrumbList","@id":"https:\/\/www.allgeier.com\/de\/pressroom\/press-releases\/allgeier-treibt-internationale-expansion-weiter-voran-3\/#breadcrumb","itemListElement":[{"@type":"ListItem","position":1,"name":"Home","item":"https:\/\/www.allgeier.com\/de\/"},{"@type":"ListItem","position":2,"name":"Presse","item":"https:\/\/www.allgeier.com\/de\/pressroom\/"},{"@type":"ListItem","position":3,"name":"Pressemitteilungen","item":"https:\/\/www.allgeier.com\/de\/pressroom\/press-releases\/"},{"@type":"ListItem","position":4,"name":"Allgeier treibt internationale Expansion weiter voran"}]},{"@type":"WebSite","@id":"https:\/\/www.allgeier.com\/de\/#website","url":"https:\/\/www.allgeier.com\/de\/","name":"Allgeier SE","description":"Software &amp; IT Services for digital transformation","potentialAction":[{"@type":"SearchAction","target":{"@type":"EntryPoint","urlTemplate":"https:\/\/www.allgeier.com\/de\/?s={search_term_string}"},"query-input":{"@type":"PropertyValueSpecification","valueRequired":true,"valueName":"search_term_string"}}],"inLanguage":"de"}]}},"_links":{"self":[{"href":"https:\/\/www.allgeier.com\/de\/wp-json\/wp\/v2\/pages\/7254","targetHints":{"allow":["GET"]}}],"collection":[{"href":"https:\/\/www.allgeier.com\/de\/wp-json\/wp\/v2\/pages"}],"about":[{"href":"https:\/\/www.allgeier.com\/de\/wp-json\/wp\/v2\/types\/page"}],"author":[{"embeddable":true,"href":"https:\/\/www.allgeier.com\/de\/wp-json\/wp\/v2\/users\/4"}],"replies":[{"embeddable":true,"href":"https:\/\/www.allgeier.com\/de\/wp-json\/wp\/v2\/comments?post=7254"}],"version-history":[{"count":1,"href":"https:\/\/www.allgeier.com\/de\/wp-json\/wp\/v2\/pages\/7254\/revisions"}],"predecessor-version":[{"id":7256,"href":"https:\/\/www.allgeier.com\/de\/wp-json\/wp\/v2\/pages\/7254\/revisions\/7256"}],"up":[{"embeddable":true,"href":"https:\/\/www.allgeier.com\/de\/wp-json\/wp\/v2\/pages\/1169"}],"wp:attachment":[{"href":"https:\/\/www.allgeier.com\/de\/wp-json\/wp\/v2\/media?parent=7254"}],"wp:term":[{"taxonomy":"category","embeddable":true,"href":"https:\/\/www.allgeier.com\/de\/wp-json\/wp\/v2\/categories?post=7254"},{"taxonomy":"post_tag","embeddable":true,"href":"https:\/\/www.allgeier.com\/de\/wp-json\/wp\/v2\/tags?post=7254"}],"curies":[{"name":"wp","href":"https:\/\/api.w.org\/{rel}","templated":true}]}}