{"id":7333,"date":"2020-08-18T15:44:55","date_gmt":"2020-08-18T15:44:55","guid":{"rendered":"https:\/\/www.allgeier.com\/de\/?page_id=7333"},"modified":"2025-07-23T10:28:15","modified_gmt":"2025-07-23T10:28:15","slug":"allgeier-se-veroeffentlichung-gemaess-%c2%a7-40-abs-1-wphg-mit-dem-ziel-der-europaweiten-verbreitung-11","status":"publish","type":"page","link":"https:\/\/www.allgeier.com\/de\/investor-relations\/voting-rights-notifications\/allgeier-se-veroeffentlichung-gemaess-%c2%a7-40-abs-1-wphg-mit-dem-ziel-der-europaweiten-verbreitung-11\/","title":{"rendered":"ALLGEIER SE: Ver\u00f6ffentlichung gem\u00e4\u00df \u00a7 40 Abs. 1 WpHG mit dem Ziel der europaweiten Verbreitung"},"content":{"rendered":"<table border=\"0\">\n<tr>\n<td>\n<p>ALLGEIER SE<\/p>\n<p><\/p>\n<p>ALLGEIER SE: Ver\u00f6ffentlichung gem\u00e4\u00df \u00a7 40 Abs. 1 WpHG mit dem Ziel der europaweiten Verbreitung <\/p>\n<p>18.08.2020 \/ 17:44 <\/p>\n<p>Ver\u00f6ffentlichung einer Stimmrechtsmitteilung \u00fcbermittelt durch DGAP &#8211; ein Service der EQS Group AG.<\/p>\n<p>F\u00fcr den Inhalt der Mitteilung ist der Emittent \/ Herausgeber verantwortlich.<\/p>\n<hr \/>\n<div>\n<div>\n<strong>Stimmrechtsmitteilung<\/strong><\/p>\n<p><strong>1. Angaben zum Emittenten<\/strong><\/p>\n<table border=\"1\">\n<tr>\n<td>Name:<\/td>\n<td>ALLGEIER SE<\/td>\n<\/tr>\n<tr>\n<td>Stra\u00dfe, Hausnr.:<\/td>\n<td>Einsteinstra\u00dfe 172<\/td>\n<\/tr>\n<tr>\n<td>PLZ:<\/td>\n<td>81677<\/td>\n<\/tr>\n<tr>\n<td>Ort:<\/td>\n<td>M\u00fcnchen<br \/>Deutschland<\/td>\n<\/tr>\n<tr>\n<td>Legal Entity Identifier (LEI):<\/td>\n<td>529900IQAYRZIGKOJL63<\/td>\n<\/tr>\n<\/table>\n<p><strong>2. Grund der Mitteilung<\/strong><\/p>\n<table border=\"1\">\n<tr>\n<td>X<\/td>\n<td>Erwerb bzw. Ver\u00e4u\u00dferung von Aktien mit Stimmrechten<\/td>\n<\/tr>\n<tr>\n<td>\u00a0<\/td>\n<td>Erwerb bzw. Ver\u00e4u\u00dferung von Instrumenten<\/td>\n<\/tr>\n<tr>\n<td>\u00a0<\/td>\n<td>\u00c4nderung der Gesamtzahl der Stimmrechte<\/td>\n<\/tr>\n<tr>\n<td>\u00a0<\/td>\n<td>Sonstiger Grund:<\/td>\n<\/tr>\n<\/table>\n<p><strong>3. Angaben zum Mitteilungspflichtigen<\/strong><\/p>\n<table border=\"1\">\n<tr>\n<td>Juristische Person: Axxion S.A.<br \/>Registrierter Sitz, Staat: Grevenmacher, Luxemburg<\/td>\n<\/tr>\n<\/table>\n<p><strong>4. Namen der Aktion\u00e4re<\/strong><br \/>\nmit 3% oder mehr Stimmrechten, wenn abweichend von 3.<\/p>\n<table border=\"1\">\n<tr>\n<td>\u00a0<\/td>\n<\/tr>\n<\/table>\n<p><strong>5. Datum der Schwellenber\u00fchrung:<\/strong><\/p>\n<table border=\"1\">\n<tr>\n<td>17.08.2020<\/td>\n<\/tr>\n<\/table>\n<p><strong>6. Gesamtstimmrechtsanteile<\/strong><\/p>\n<table border=\"1\">\n<tr>\n<td>\u00a0<\/td>\n<td align=\"right\">Anteil Stimmrechte <br \/>(Summe 7.a.)<\/td>\n<td align=\"right\">Anteil Instrumente <br \/>(Summe 7.b.1.+ 7.b.2.)<\/td>\n<td align=\"right\">Summe Anteile <br \/>(Summe 7.a. + 7.b.)<\/td>\n<td align=\"right\">Gesamtzahl der Stimmrechte nach \u00a7 41 WpHG<\/td>\n<\/tr>\n<tr>\n<td>neu<\/td>\n<td align=\"right\">4,91 %<\/td>\n<td align=\"right\">0,00 %<\/td>\n<td align=\"right\">4,91 %<\/td>\n<td align=\"right\">11289000<\/td>\n<\/tr>\n<tr>\n<td>letzte Mitteilung<\/td>\n<td align=\"right\">5,16 %<\/td>\n<td align=\"right\">0,00 %<\/td>\n<td align=\"right\">5,16 %<\/td>\n<td align=\"right\">\/<\/td>\n<\/tr>\n<\/table>\n<p><strong>7. Einzelheiten zu den Stimmrechtsbest\u00e4nden<\/strong><br \/>\n<br \/><strong>a. Stimmrechte (\u00a7\u00a7 33, 34 WpHG)<\/strong><\/p>\n<table border=\"1\">\n<tr>\n<td>ISIN<\/td>\n<td colspan=\"2\" align=\"center\">absolut<\/td>\n<td colspan=\"2\" align=\"center\">in %<\/td>\n<\/tr>\n<tr>\n<td>\u00a0<\/td>\n<td align=\"right\">direkt <br \/>(\u00a7 33 WpHG)<\/td>\n<td align=\"right\">zugerechnet <br \/>(\u00a7 34 WpHG)<\/td>\n<td align=\"right\">direkt <br \/>(\u00a7 33 WpHG)<\/td>\n<td align=\"right\">zugerechnet <br \/>(\u00a7 34 WpHG)<\/td>\n<\/tr>\n<tr>\n<td>DE000A2GS633<\/td>\n<td align=\"right\">417826<\/td>\n<td align=\"right\">135953<\/td>\n<td align=\"right\">3,70 %<\/td>\n<td align=\"right\">1,20 %<\/td>\n<\/tr>\n<tr>\n<td><strong>Summe<\/strong><\/td>\n<td colspan=\"2\" align=\"center\">553779<\/td>\n<td colspan=\"2\" align=\"center\">4,91 %<\/td>\n<\/tr>\n<\/table>\n<p><strong>b.1. Instrumente i.S.d. \u00a7 38 Abs. 1 Nr. 1 WpHG<\/strong><\/p>\n<table border=\"1\">\n<tr>\n<td>Art des Instruments<\/td>\n<td>F\u00e4lligkeit \/ Verfall<\/td>\n<td>Aus\u00fcbungs\u00adzeitraum \/ Laufzeit<\/td>\n<td align=\"right\">Stimmrechte absolut<\/td>\n<td align=\"right\">Stimmrechte in %<\/td>\n<\/tr>\n<tr>\n<td \/>\n<td \/>\n<td \/>\n<td align=\"right\">0<\/td>\n<td align=\"right\">0,00 %<\/td>\n<\/tr>\n<tr>\n<td>\u00a0<\/td>\n<td>\u00a0<\/td>\n<td><strong>Summe<\/strong><\/td>\n<td align=\"right\">0<\/td>\n<td align=\"right\">0,00 %<\/td>\n<\/tr>\n<\/table>\n<p><strong>b.2. Instrumente i.S.d. \u00a7 38 Abs. 1 Nr. 2 WpHG<\/strong><\/p>\n<table border=\"1\">\n<tr>\n<td>Art des Instruments<\/td>\n<td>F\u00e4lligkeit \/ Verfall<\/td>\n<td>Aus\u00fcbungs\u00adzeitraum \/ Laufzeit<\/td>\n<td>Barausgleich oder physische Abwicklung<\/td>\n<td align=\"right\">Stimmrechte absolut<\/td>\n<td align=\"right\">Stimmrechte in %<\/td>\n<\/tr>\n<tr>\n<td \/>\n<td \/>\n<td \/>\n<td \/>\n<td align=\"right\">0<\/td>\n<td align=\"right\">0,00 %<\/td>\n<\/tr>\n<tr>\n<td>\u00a0<\/td>\n<td>\u00a0<\/td>\n<td>\u00a0<\/td>\n<td><strong>Summe<\/strong><\/td>\n<td align=\"right\">0<\/td>\n<td align=\"right\">0,00 %<\/td>\n<\/tr>\n<\/table>\n<p><strong>8. Informationen in Bezug auf den Mitteilungspflichtigen<\/strong><\/p>\n<table border=\"1\">\n<tr>\n<td>X<\/td>\n<td>Mitteilungspflichtiger (3.) wird weder beherrscht noch beherrscht Mitteilungspflichtiger andere Unternehmen, die Stimmrechte des Emittenten (1.) halten oder denen Stimmrechte des Emittenten zugerechnet werden.<\/td>\n<\/tr>\n<tr>\n<td>\u00a0<\/td>\n<td>Vollst\u00e4ndige Kette der Tochterunternehmen, beginnend mit der obersten beherrschenden Person oder dem obersten beherrschenden Unternehmen:<\/td>\n<\/tr>\n<\/table>\n<p><\/p>\n<table border=\"1\">\n<tr>\n<td>Unternehmen<\/td>\n<td align=\"right\">Stimmrechte in %, wenn 3% oder h\u00f6her<\/td>\n<td align=\"right\">Instrumente in %, wenn 5% oder h\u00f6her<\/td>\n<td align=\"right\">Summe in %, wenn 5% oder h\u00f6her<\/td>\n<\/tr>\n<\/table>\n<p><strong>9. Bei Vollmacht gem\u00e4\u00df \u00a7 34 Abs. 3 WpHG<\/strong><br \/>\n(nur m\u00f6glich bei einer Zurechnung nach \u00a7 34 Abs. 1 Satz 1 Nr. 6 WpHG)<\/p>\n<p>Datum der Hauptversammlung: <br \/>\nGesamtstimmrechtsanteile (6.) nach der Hauptversammlung:<\/p>\n<table border=\"1\">\n<tr>\n<td align=\"right\">Anteil Stimmrechte<\/td>\n<td align=\"right\">Anteil Instrumente<\/td>\n<td align=\"right\">Summe Anteile<\/td>\n<\/tr>\n<tr>\n<td align=\"right\"> %<\/td>\n<td align=\"right\"> %<\/td>\n<td align=\"right\"> %<\/td>\n<\/tr>\n<\/table>\n<p><strong>10. Sonstige Informationen:<\/strong><\/p>\n<table border=\"1\">\n<tr>\n<td>\u00a0<\/td>\n<\/tr>\n<\/table>\n<p>\nDatum<\/p>\n<table border=\"1\">\n<tr>\n<td>18.08.2020<\/td>\n<\/tr>\n<\/table>\n<p><\/div>\n<\/div>\n<p><\/p>\n<hr \/>\n<p>\n18.08.2020  Die DGAP Distributionsservices umfassen gesetzliche Meldepflichten, Corporate News\/Finanznachrichten und Pressemitteilungen. <br \/>Medienarchiv unter http:\/\/www.dgap.de<\/p>\n<hr \/>\n<\/td>\n<\/tr>\n<\/table>\n<table>\n<tr>\n<td align=\"left\" valign=\"top\">Sprache:<\/td>\n<td align=\"left\" valign=\"top\">Deutsch<\/td>\n<\/tr>\n<tr>\n<td align=\"left\" valign=\"top\">Unternehmen:<\/td>\n<td align=\"left\" valign=\"top\">ALLGEIER SE<\/td>\n<\/tr>\n<tr>\n<td align=\"left\" valign=\"top\" \/>\n<td align=\"left\" valign=\"top\">Einsteinstra\u00dfe 172<\/td>\n<\/tr>\n<tr>\n<td align=\"left\" valign=\"top\" \/>\n<td align=\"left\" valign=\"top\">81677 M\u00fcnchen<\/td>\n<\/tr>\n<tr>\n<td align=\"left\" valign=\"top\" \/>\n<td align=\"left\" valign=\"top\">Deutschland<\/td>\n<\/tr>\n<tr>\n<td align=\"left\" valign=\"top\">Internet:<\/td>\n<td align=\"left\" valign=\"top\">http:\/\/www.allgeier.com<\/td>\n<\/tr>\n<\/table>\n<p><\/p>\n<table border=\"0\">\n<tr>\n<td align=\"left\" valign=\"top\" colspan=\"2\" \/>\n<\/tr>\n<\/table>\n<table border=\"0\">\n<tr>\n<td align=\"left\" valign=\"top\" colspan=\"2\">\u00a0<\/td>\n<\/tr>\n<tr>\n<td align=\"left\" valign=\"top\">Ende der Mitteilung<\/td>\n<td align=\"left\" valign=\"top\">DGAP News-Service<\/td>\n<\/tr>\n<\/table>\n<table border=\"0\">\n<tr>\n<td>\n<hr \/>\n<\/td>\n<\/tr>\n<\/table>\n<p>1120235\u00a0\u00a018.08.2020\u00a0<\/p>\n","protected":false},"excerpt":{"rendered":"<p>ALLGEIER SE    ALLGEIER SE: Ver\u00f6ffentlichung gem\u00e4\u00df \u00a7 40 Abs. 1 WpHG mit dem Ziel der europaweiten Verbreitung     18.08.2020 \/ 17:44   Ver\u00f6ffentlichung einer Stimmrechtsmitteilung \u00fcbermittelt durch DGAP &#8211; ein Service der EQS Group AG.  F\u00fcr den Inhalt der Mitteilung ist der Emittent \/ Herausgeber<\/p>\n","protected":false},"author":4,"featured_media":0,"parent":1157,"menu_order":0,"comment_status":"close","ping_status":"closed","template":"","meta":{"_acf_changed":false,"footnotes":""},"categories":[],"tags":[],"class_list":["post-7333","page","type-page","status-publish","hentry"],"acf":[],"yoast_head":"<!-- This site is optimized with the Yoast SEO plugin v27.4 - https:\/\/yoast.com\/product\/yoast-seo-wordpress\/ -->\n<title>ALLGEIER SE: Ver\u00f6ffentlichung gem\u00e4\u00df \u00a7 40 Abs. 1 WpHG mit dem Ziel der europaweiten Verbreitung - Allgeier SE<\/title>\n<meta name=\"robots\" content=\"index, follow, max-snippet:-1, max-image-preview:large, max-video-preview:-1\" \/>\n<link rel=\"canonical\" href=\"https:\/\/www.allgeier.com\/de\/investor-relations\/voting-rights-notifications\/allgeier-se-veroeffentlichung-gemaess-\u00a7-40-abs-1-wphg-mit-dem-ziel-der-europaweiten-verbreitung-11\/\" \/>\n<meta property=\"og:locale\" content=\"de_DE\" \/>\n<meta property=\"og:type\" content=\"article\" \/>\n<meta property=\"og:title\" content=\"ALLGEIER SE: Ver\u00f6ffentlichung gem\u00e4\u00df \u00a7 40 Abs. 1 WpHG mit dem Ziel der europaweiten Verbreitung - Allgeier SE\" \/>\n<meta property=\"og:description\" content=\"ALLGEIER SE  ALLGEIER SE: Ver\u00f6ffentlichung gem\u00e4\u00df \u00a7 40 Abs. 1 WpHG mit dem Ziel der europaweiten Verbreitung   18.08.2020 \/ 17:44  Ver\u00f6ffentlichung einer Stimmrechtsmitteilung \u00fcbermittelt durch DGAP - ein Service der EQS Group AG. F\u00fcr den Inhalt der Mitteilung ist der Emittent \/ Herausgeber\" \/>\n<meta property=\"og:url\" content=\"https:\/\/www.allgeier.com\/de\/investor-relations\/voting-rights-notifications\/allgeier-se-veroeffentlichung-gemaess-\u00a7-40-abs-1-wphg-mit-dem-ziel-der-europaweiten-verbreitung-11\/\" \/>\n<meta property=\"og:site_name\" content=\"Allgeier SE\" \/>\n<meta property=\"article:modified_time\" content=\"2025-07-23T10:28:15+00:00\" \/>\n<meta name=\"twitter:card\" content=\"summary_large_image\" \/>\n<meta name=\"twitter:label1\" content=\"Gesch\u00e4tzte Lesezeit\" \/>\n\t<meta name=\"twitter:data1\" content=\"2\u00a0Minuten\" \/>\n<script type=\"application\/ld+json\" class=\"yoast-schema-graph\">{\"@context\":\"https:\\\/\\\/schema.org\",\"@graph\":[{\"@type\":\"WebPage\",\"@id\":\"https:\\\/\\\/www.allgeier.com\\\/de\\\/investor-relations\\\/voting-rights-notifications\\\/allgeier-se-veroeffentlichung-gemaess-%c2%a7-40-abs-1-wphg-mit-dem-ziel-der-europaweiten-verbreitung-11\\\/\",\"url\":\"https:\\\/\\\/www.allgeier.com\\\/de\\\/investor-relations\\\/voting-rights-notifications\\\/allgeier-se-veroeffentlichung-gemaess-%c2%a7-40-abs-1-wphg-mit-dem-ziel-der-europaweiten-verbreitung-11\\\/\",\"name\":\"ALLGEIER SE: Ver\u00f6ffentlichung gem\u00e4\u00df \u00a7 40 Abs. 1 WpHG mit dem Ziel der europaweiten Verbreitung - Allgeier SE\",\"isPartOf\":{\"@id\":\"https:\\\/\\\/www.allgeier.com\\\/de\\\/#website\"},\"datePublished\":\"2020-08-18T15:44:55+00:00\",\"dateModified\":\"2025-07-23T10:28:15+00:00\",\"breadcrumb\":{\"@id\":\"https:\\\/\\\/www.allgeier.com\\\/de\\\/investor-relations\\\/voting-rights-notifications\\\/allgeier-se-veroeffentlichung-gemaess-%c2%a7-40-abs-1-wphg-mit-dem-ziel-der-europaweiten-verbreitung-11\\\/#breadcrumb\"},\"inLanguage\":\"de\",\"potentialAction\":[{\"@type\":\"ReadAction\",\"target\":[\"https:\\\/\\\/www.allgeier.com\\\/de\\\/investor-relations\\\/voting-rights-notifications\\\/allgeier-se-veroeffentlichung-gemaess-%c2%a7-40-abs-1-wphg-mit-dem-ziel-der-europaweiten-verbreitung-11\\\/\"]}]},{\"@type\":\"BreadcrumbList\",\"@id\":\"https:\\\/\\\/www.allgeier.com\\\/de\\\/investor-relations\\\/voting-rights-notifications\\\/allgeier-se-veroeffentlichung-gemaess-%c2%a7-40-abs-1-wphg-mit-dem-ziel-der-europaweiten-verbreitung-11\\\/#breadcrumb\",\"itemListElement\":[{\"@type\":\"ListItem\",\"position\":1,\"name\":\"Home\",\"item\":\"https:\\\/\\\/www.allgeier.com\\\/de\\\/\"},{\"@type\":\"ListItem\",\"position\":2,\"name\":\"Investor Relations\",\"item\":\"https:\\\/\\\/www.allgeier.com\\\/de\\\/investor-relations\\\/\"},{\"@type\":\"ListItem\",\"position\":3,\"name\":\"Stimmrechtsmitteilungen\",\"item\":\"https:\\\/\\\/www.allgeier.com\\\/de\\\/investor-relations\\\/voting-rights-notifications\\\/\"},{\"@type\":\"ListItem\",\"position\":4,\"name\":\"ALLGEIER SE: Ver\u00f6ffentlichung gem\u00e4\u00df \u00a7 40 Abs. 1 WpHG mit dem Ziel der europaweiten Verbreitung\"}]},{\"@type\":\"WebSite\",\"@id\":\"https:\\\/\\\/www.allgeier.com\\\/de\\\/#website\",\"url\":\"https:\\\/\\\/www.allgeier.com\\\/de\\\/\",\"name\":\"Allgeier SE\",\"description\":\"Software &amp; IT Services for digital transformation\",\"potentialAction\":[{\"@type\":\"SearchAction\",\"target\":{\"@type\":\"EntryPoint\",\"urlTemplate\":\"https:\\\/\\\/www.allgeier.com\\\/de\\\/?s={search_term_string}\"},\"query-input\":{\"@type\":\"PropertyValueSpecification\",\"valueRequired\":true,\"valueName\":\"search_term_string\"}}],\"inLanguage\":\"de\"}]}<\/script>\n<!-- \/ Yoast SEO plugin. -->","yoast_head_json":{"title":"ALLGEIER SE: Ver\u00f6ffentlichung gem\u00e4\u00df \u00a7 40 Abs. 1 WpHG mit dem Ziel der europaweiten Verbreitung - Allgeier SE","robots":{"index":"index","follow":"follow","max-snippet":"max-snippet:-1","max-image-preview":"max-image-preview:large","max-video-preview":"max-video-preview:-1"},"canonical":"https:\/\/www.allgeier.com\/de\/investor-relations\/voting-rights-notifications\/allgeier-se-veroeffentlichung-gemaess-\u00a7-40-abs-1-wphg-mit-dem-ziel-der-europaweiten-verbreitung-11\/","og_locale":"de_DE","og_type":"article","og_title":"ALLGEIER SE: Ver\u00f6ffentlichung gem\u00e4\u00df \u00a7 40 Abs. 1 WpHG mit dem Ziel der europaweiten Verbreitung - Allgeier SE","og_description":"ALLGEIER SE  ALLGEIER SE: Ver\u00f6ffentlichung gem\u00e4\u00df \u00a7 40 Abs. 1 WpHG mit dem Ziel der europaweiten Verbreitung   18.08.2020 \/ 17:44  Ver\u00f6ffentlichung einer Stimmrechtsmitteilung \u00fcbermittelt durch DGAP - ein Service der EQS Group AG. F\u00fcr den Inhalt der Mitteilung ist der Emittent \/ Herausgeber","og_url":"https:\/\/www.allgeier.com\/de\/investor-relations\/voting-rights-notifications\/allgeier-se-veroeffentlichung-gemaess-\u00a7-40-abs-1-wphg-mit-dem-ziel-der-europaweiten-verbreitung-11\/","og_site_name":"Allgeier SE","article_modified_time":"2025-07-23T10:28:15+00:00","twitter_card":"summary_large_image","twitter_misc":{"Gesch\u00e4tzte Lesezeit":"2\u00a0Minuten"},"schema":{"@context":"https:\/\/schema.org","@graph":[{"@type":"WebPage","@id":"https:\/\/www.allgeier.com\/de\/investor-relations\/voting-rights-notifications\/allgeier-se-veroeffentlichung-gemaess-%c2%a7-40-abs-1-wphg-mit-dem-ziel-der-europaweiten-verbreitung-11\/","url":"https:\/\/www.allgeier.com\/de\/investor-relations\/voting-rights-notifications\/allgeier-se-veroeffentlichung-gemaess-%c2%a7-40-abs-1-wphg-mit-dem-ziel-der-europaweiten-verbreitung-11\/","name":"ALLGEIER SE: Ver\u00f6ffentlichung gem\u00e4\u00df \u00a7 40 Abs. 1 WpHG mit dem Ziel der europaweiten Verbreitung - Allgeier SE","isPartOf":{"@id":"https:\/\/www.allgeier.com\/de\/#website"},"datePublished":"2020-08-18T15:44:55+00:00","dateModified":"2025-07-23T10:28:15+00:00","breadcrumb":{"@id":"https:\/\/www.allgeier.com\/de\/investor-relations\/voting-rights-notifications\/allgeier-se-veroeffentlichung-gemaess-%c2%a7-40-abs-1-wphg-mit-dem-ziel-der-europaweiten-verbreitung-11\/#breadcrumb"},"inLanguage":"de","potentialAction":[{"@type":"ReadAction","target":["https:\/\/www.allgeier.com\/de\/investor-relations\/voting-rights-notifications\/allgeier-se-veroeffentlichung-gemaess-%c2%a7-40-abs-1-wphg-mit-dem-ziel-der-europaweiten-verbreitung-11\/"]}]},{"@type":"BreadcrumbList","@id":"https:\/\/www.allgeier.com\/de\/investor-relations\/voting-rights-notifications\/allgeier-se-veroeffentlichung-gemaess-%c2%a7-40-abs-1-wphg-mit-dem-ziel-der-europaweiten-verbreitung-11\/#breadcrumb","itemListElement":[{"@type":"ListItem","position":1,"name":"Home","item":"https:\/\/www.allgeier.com\/de\/"},{"@type":"ListItem","position":2,"name":"Investor Relations","item":"https:\/\/www.allgeier.com\/de\/investor-relations\/"},{"@type":"ListItem","position":3,"name":"Stimmrechtsmitteilungen","item":"https:\/\/www.allgeier.com\/de\/investor-relations\/voting-rights-notifications\/"},{"@type":"ListItem","position":4,"name":"ALLGEIER SE: Ver\u00f6ffentlichung gem\u00e4\u00df \u00a7 40 Abs. 1 WpHG mit dem Ziel der europaweiten Verbreitung"}]},{"@type":"WebSite","@id":"https:\/\/www.allgeier.com\/de\/#website","url":"https:\/\/www.allgeier.com\/de\/","name":"Allgeier SE","description":"Software &amp; IT Services for digital transformation","potentialAction":[{"@type":"SearchAction","target":{"@type":"EntryPoint","urlTemplate":"https:\/\/www.allgeier.com\/de\/?s={search_term_string}"},"query-input":{"@type":"PropertyValueSpecification","valueRequired":true,"valueName":"search_term_string"}}],"inLanguage":"de"}]}},"_links":{"self":[{"href":"https:\/\/www.allgeier.com\/de\/wp-json\/wp\/v2\/pages\/7333","targetHints":{"allow":["GET"]}}],"collection":[{"href":"https:\/\/www.allgeier.com\/de\/wp-json\/wp\/v2\/pages"}],"about":[{"href":"https:\/\/www.allgeier.com\/de\/wp-json\/wp\/v2\/types\/page"}],"author":[{"embeddable":true,"href":"https:\/\/www.allgeier.com\/de\/wp-json\/wp\/v2\/users\/4"}],"replies":[{"embeddable":true,"href":"https:\/\/www.allgeier.com\/de\/wp-json\/wp\/v2\/comments?post=7333"}],"version-history":[{"count":1,"href":"https:\/\/www.allgeier.com\/de\/wp-json\/wp\/v2\/pages\/7333\/revisions"}],"predecessor-version":[{"id":7334,"href":"https:\/\/www.allgeier.com\/de\/wp-json\/wp\/v2\/pages\/7333\/revisions\/7334"}],"up":[{"embeddable":true,"href":"https:\/\/www.allgeier.com\/de\/wp-json\/wp\/v2\/pages\/1157"}],"wp:attachment":[{"href":"https:\/\/www.allgeier.com\/de\/wp-json\/wp\/v2\/media?parent=7333"}],"wp:term":[{"taxonomy":"category","embeddable":true,"href":"https:\/\/www.allgeier.com\/de\/wp-json\/wp\/v2\/categories?post=7333"},{"taxonomy":"post_tag","embeddable":true,"href":"https:\/\/www.allgeier.com\/de\/wp-json\/wp\/v2\/tags?post=7333"}],"curies":[{"name":"wp","href":"https:\/\/api.w.org\/{rel}","templated":true}]}}