{"id":7358,"date":"2025-08-11T14:07:14","date_gmt":"2025-08-11T14:07:14","guid":{"rendered":"https:\/\/www.allgeier.com\/de\/?page_id=7358"},"modified":"2025-08-11T14:10:39","modified_gmt":"2025-08-11T14:10:39","slug":"allgeier-se-halbjahreszahlen-2025-sind-von-investitionen-in-erwartetes-wachstum-im-oeffentlichen-sektor-gepraegt","status":"publish","type":"page","link":"https:\/\/www.allgeier.com\/de\/investor-relations\/adhoc-announcements\/allgeier-se-halbjahreszahlen-2025-sind-von-investitionen-in-erwartetes-wachstum-im-oeffentlichen-sektor-gepraegt\/","title":{"rendered":"ALLGEIER SE: Halbjahreszahlen 2025 sind von Investitionen in erwartetes Wachstum im \u00f6ffentlichen Sektor gepr\u00e4gt"},"content":{"rendered":"<table border=\"0\">\n<tr>\n<td>\n<p>ALLGEIER SE \/ Schlagwort(e): Halbjahresergebnis\/Vorl\u00e4ufiges Ergebnis<\/p>\n<p>ALLGEIER SE: Halbjahreszahlen 2025 sind von Investitionen in erwartetes Wachstum im \u00f6ffentlichen Sektor gepr\u00e4gt <\/p>\n<p>11.08.2025 \/ 16:07 CET\/CEST<\/p>\n<p>Ver\u00f6ffentlichung einer Insiderinformation nach Artikel 17 der Verordnung (EU) Nr. 596\/2014, \u00fcbermittelt durch EQS News &#8211; ein Service der EQS Group.<\/p>\n<p>F\u00fcr den Inhalt der Mitteilung ist der Emittent \/ Herausgeber verantwortlich.<\/p>\n<hr \/>\n<div>\n<p><i>M\u00fcnchen, 11.08.2025<\/i>\u00a0\u2013 Allgeier SE (ISIN DE000A2GS633, WKN A2GS63) erzielte im ersten Halbjahr 2025 (01. Januar 2025 \u2013 30. Juni 2025) gem\u00e4\u00df vorl\u00e4ufigen Zahlen im fortgef\u00fchrten Gesch\u00e4ft einen Umsatz von 187 Mio. Euro (Vorjahr: 198 Mio. Euro). Die Umsatz- und Ergebnisentwicklung der Allgeier SE war im ersten Halbjahr 2025 noch ma\u00dfgeblich durch die Sondersituation aufgrund der verz\u00f6gerten Durchf\u00fchrung von geplanten und teilweise bereits beauftragten Digitalisierungsprojekten im \u00f6ffentlichen Sektor beeinflusst. Die neue Bundesregierung befand sich im ersten Halbjahr 2025 noch in der Findungsphase. Daher sind die angek\u00fcndigten erheblichen Geldmittel aus den Sonderverm\u00f6gen des Bundes noch nicht in den Digitalisierungsbudgets verf\u00fcgbar und die vielf\u00e4ltig geplanten Investitionen haben noch nicht begonnen, Wirkung zu entfalten. Die andauernden Projektverschiebungen im \u00f6ffentlichen Sektor f\u00fchrten im ersten Halbjahr im Vergleich zur urspr\u00fcnglichen Planung zu einem in der Gr\u00f6\u00dfenordnung von 7 Mio. Euro niedrigeren Umsatz. In der ersten Jahresh\u00e4lfte haben wir gezielt in Know-how, Personalverst\u00e4rkung und unsere eigenen Softwareprodukte investiert. F\u00fcr unsere \u00f6ffentlich-rechtlichen Kunden haben wir bereits Projektteams aufgebaut, deren Auslastung jedoch erst im weiteren Jahresverlauf anziehen d\u00fcrfte. Wir gehen vor dem Hintergrund der erwarteten Digitalisierungsbudgets, insbesondere auf Bundesebene, davon aus, dass sich die beschriebene Sondersituation im zweiten Halbjahr sukzessive aufl\u00f6sen wird und die bereits gewonnenen Neuprojekte zur Umsetzung kommen.<\/p>\n<p>Die Wertsch\u00f6pfung des Allgeier-Konzerns (definiert als Gesamtleistung abz\u00fcglich der den Ums\u00e4tzen direkt zurechenbaren Umsatz- und Personalkosten) betrug in den ersten sechs Monaten des laufenden Gesch\u00e4ftsjahres 67 Mio. Euro (Vorjahr: 70 Mio. Euro). Daraus resultierte eine Wertsch\u00f6pfungsmarge von 35 Prozent (Vorjahr: 35 Prozent). Das bereinigte EBITDA (EBITDA vor Effekten, die betriebswirtschaftlich als au\u00dferordentlich oder periodenfremd qualifiziert werden) belief sich auf 21 Mio. Euro (Vorjahr: 22 Mio. Euro), entsprechend einer bereinigten EBITDA-Marge von 11\u00a0Prozent (Vorjahr: 11\u00a0Prozent). Im ersten Halbjahr 2025 sind im Allgeier-Konzern au\u00dferordentliche Kosten in H\u00f6he von rund 5 Mio. Euro angefallen. Wesentliche Gr\u00f6\u00dfe sind hier Kosten in H\u00f6he von rund 3 Mio. Euro f\u00fcr das Vorhalten und den Aufbau von Teams f\u00fcr Projekte im \u00f6ffentlichen Sektor, deren Beginn bzw. Fortsetzung f\u00fcr das zweite Halbjahr 2025 nach der Sommerferienzeit erwartet werden. Weitere au\u00dferordentliche Kosten sind durch den erfolgten Personalabbau an anderen Stellen entstanden. Das berichtete EBITDA sank aufgrund dieser Effekte auf 16 Mio. Euro (Vorjahr: 20\u00a0Mio.\u00a0Euro).<\/p>\n<p>Eckdaten der Bilanz zum 30. Juni 2025<\/p>\n<p>Zum Bilanzstichtag 30. Juni 2025 betrug das Konzern-Eigenkapital 183 Mio. Euro (31.\u00a0Dezember\u00a02024:\u00a0194 Mio. Euro). Dem Allgeier-Konzern standen zum Ende des ersten Halbjahres 2025 liquide Mittel in H\u00f6he von 33 Mio. Euro zur Verf\u00fcgung (31. Dezember 2024: 57\u00a0Mio. Euro). Die verzinslichen Finanzschulden (ohne Verbindlichkeiten aus Miet- und Leasingvertr\u00e4gen) erh\u00f6hten sich zum 30. Juni 2025 leicht auf 151 Mio. Euro (31. Dezember 2024: 149\u00a0Mio. Euro). Dagegen reduzierte sich die Inanspruchnahme des Factorings im ersten Halbjahr von 30 Mio. Euro auf 16 Mio. Euro. Die Nettoverschuldung lag zum Ende des ersten Halbjahres bei 134 Mio. Euro (31.\u00a0Dezember 2024: 122 Mio. Euro). Die Bilanzsumme betrug zum Stichtag 449 Mio. Euro (31.\u00a0Dezember 2024: 471 Mio. Euro).<\/p>\n<p>Ausblick<\/p>\n<p>Die Allgeier SE bel\u00e4sst die Guidance f\u00fcr das Gesch\u00e4ftsjahr 2025 in dem in der Ad-hoc-Mitteilung vom 20. Dezember 2024 sowie im Gesch\u00e4ftsbericht 2024 ver\u00f6ffentlichten Rahmen.<\/p>\n<p>Hinweise<\/p>\n<p>Die Gesch\u00e4ftszahlen des ersten Halbjahres 2025 werden im Einzelnen im Halbjahresfinanzbericht f\u00fcr den Allgeier-Konzern dargestellt, der am 15. August 2025 ver\u00f6ffentlicht wird.<\/p>\n<p>Angaben in der Ergebnisrechnung f\u00fcr das Vorjahr beziehen sich auf das fortgef\u00fchrte Gesch\u00e4ft des Konzerns.<\/p>\n<p>\nKontakt:<\/p>\n<p>Allgeier SE<br \/>\nInvestor Relations<br \/>\nDr. Christopher Gro\u00dfe<br \/>\nMontgelasstra\u00dfe 14<br \/>\n81679 M\u00fcnchen<br \/>\nTel.: +49 (0)89\/998421-0<br \/>\nFax: +49 (0)89\/998421-11<br \/>\nE-Mail: ir@allgeier.com<br \/>\nWeb: www.allgeier.com<\/p>\n<p>Allgeier ist ein Technologie-Unternehmen f\u00fcr digitale Transformation. Die zur Allgeier-Gruppe geh\u00f6renden Unternehmen unterst\u00fctzen ihre mehr als 2.500 Kunden im In- und Ausland mit umfassenden Software- und IT-Services bei den Herausforderungen des digitalen Wandels sowie der Digitalisierung und Transformation gesch\u00e4ftskritischer Prozesse. Die breite und stabile Kundenbasis besteht aus global agierenden Konzernen, leistungsstarken mittelst\u00e4ndischen Unternehmen sowie Auftraggebern des \u00f6ffentlichen Sektors auf allen f\u00f6deralen Ebenen. Das Leistungsportfolio reicht von eigenen Software-Produkten und Plattformen \u00fcber High-End-Softwareentwicklung, Beratung und Konzeption von Digitalisierungsl\u00f6sungen bis hin zur langfristigen Betreuung von Softwareanwendungen in der Cloud oder anderen Umgebungen. In den beiden Konzernsegmenten Enterprise IT und mgm technology partners sind \u00fcber 3.100 Mitarbeiter an weltweit insgesamt 48 Standorten in der DACH-Region, in Frankreich, Spanien, Portugal, Polen, Tschechien und den Niederlanden sowie in Indien, Vietnam, den USA und Kanada t\u00e4tig. Im Gesch\u00e4ftsjahr 2024 erzielte Allgeier im fortgef\u00fchrten Gesch\u00e4ft einen Umsatz von 403 Mio. Euro. Gem\u00e4\u00df L\u00fcnendonk\u00ae-Liste 2025 z\u00e4hlt Allgeier zu den f\u00fchrenden IT-Beratungs- und Systemintegrations-Unternehmen in Deutschland und belegt den ersten Platz auf der L\u00fcnendonk\u00ae-Liste 2025 \u201eF\u00fchrende mittelst\u00e4ndische IT-Beratungs- und Systemintegrations-Unternehmen in Deutschland\u201c. Allgeier SE ist am Regulierten Markt der Frankfurter Wertpapierb\u00f6rse im General Standard gelistet (WKN A2GS63, ISIN DE000A2GS633). Weitere Informationen unter: www.allgeier.com<\/p>\n<\/div>\n<p>Ende der Insiderinformation<\/p>\n<hr \/>\n<p>\n11.08.2025 CET\/CEST Die EQS Distributionsservices umfassen gesetzliche Meldepflichten, Corporate News\/Finanznachrichten und Pressemitteilungen.<br \/>Medienarchiv unter https:\/\/eqs-news.com<\/p>\n<hr \/>\n<\/td>\n<\/tr>\n<\/table>\n<table>\n<tr>\n<td align=\"left\" valign=\"top\">Sprache:<\/td>\n<td align=\"left\" valign=\"top\">Deutsch<\/td>\n<\/tr>\n<tr>\n<td align=\"left\" valign=\"top\">Unternehmen:<\/td>\n<td align=\"left\" valign=\"top\">ALLGEIER SE<\/td>\n<\/tr>\n<tr>\n<td align=\"left\" valign=\"top\" \/>\n<td align=\"left\" valign=\"top\">Montgelasstr. 14<\/td>\n<\/tr>\n<tr>\n<td align=\"left\" valign=\"top\" \/>\n<td align=\"left\" valign=\"top\">81679 M\u00fcnchen<\/td>\n<\/tr>\n<tr>\n<td align=\"left\" valign=\"top\" \/>\n<td align=\"left\" valign=\"top\">Deutschland<\/td>\n<\/tr>\n<tr>\n<td align=\"left\" valign=\"top\">Telefon:<\/td>\n<td align=\"left\" valign=\"top\">+49 (0) 89 &#8211; 99 84 21 0<\/td>\n<\/tr>\n<tr>\n<td align=\"left\" valign=\"top\">Fax:<\/td>\n<td align=\"left\" valign=\"top\">+49 (0) 89 &#8211; 99 84 21 11<\/td>\n<\/tr>\n<tr>\n<td align=\"left\" valign=\"top\">E-Mail:<\/td>\n<td align=\"left\" valign=\"top\">info@allgeier.com<\/td>\n<\/tr>\n<tr>\n<td align=\"left\" valign=\"top\">Internet:<\/td>\n<td align=\"left\" valign=\"top\">http:\/\/www.allgeier.com<\/td>\n<\/tr>\n<tr>\n<td align=\"left\" valign=\"top\">ISIN:<\/td>\n<td align=\"left\" valign=\"top\">DE000A2GS633<\/td>\n<\/tr>\n<tr>\n<td align=\"left\" valign=\"top\">WKN:<\/td>\n<td align=\"left\" valign=\"top\">A2GS63<\/td>\n<\/tr>\n<tr>\n<td align=\"left\" valign=\"top\">Indizes:<\/td>\n<td align=\"left\" valign=\"top\">CDAX<\/td>\n<\/tr>\n<tr>\n<td align=\"left\" valign=\"top\">B\u00f6rsen:<\/td>\n<td align=\"left\" valign=\"top\">Regulierter Markt in Frankfurt (General Standard); Freiverkehr in Berlin, D\u00fcsseldorf, Hamburg, Stuttgart, Tradegate Exchange<\/td>\n<\/tr>\n<tr>\n<td align=\"left\" valign=\"top\">EQS News ID:<\/td>\n<td align=\"left\" valign=\"top\">2182262<\/td>\n<\/tr>\n<\/table>\n<p><\/p>\n<table border=\"0\">\n<tr>\n<td align=\"left\" valign=\"top\" colspan=\"2\" \/>\n<\/tr>\n<\/table>\n<table border=\"0\">\n<tr>\n<td align=\"left\" valign=\"top\" colspan=\"2\">\u00a0<\/td>\n<\/tr>\n<tr>\n<td align=\"left\" valign=\"top\">Ende der Mitteilung<\/td>\n<td align=\"left\" valign=\"top\">EQS News-Service<\/td>\n<\/tr>\n<\/table>\n<table border=\"0\">\n<tr>\n<td>\n<hr \/>\n<\/td>\n<\/tr>\n<\/table>\n<div>\n<p>2182262\u00a0\u00a011.08.2025\u00a0CET\/CEST<\/p>\n<\/div>\n","protected":false},"excerpt":{"rendered":"<p>ALLGEIER SE \/ Schlagwort(e): Halbjahresergebnis\/Vorl\u00e4ufiges Ergebnis  ALLGEIER SE: Halbjahreszahlen 2025 sind von Investitionen in erwartetes Wachstum im \u00f6ffentlichen Sektor gepr\u00e4gt  11.08.2025 \/ 16:07 CET\/CEST  Ver\u00f6ffentlichung einer Insiderinformation nach Artikel 17 der Verordnung (EU) Nr. 596\/2014,<\/p>\n","protected":false},"author":4,"featured_media":0,"parent":1155,"menu_order":0,"comment_status":"close","ping_status":"closed","template":"","meta":{"_acf_changed":false,"footnotes":""},"categories":[],"tags":[],"class_list":["post-7358","page","type-page","status-publish","hentry"],"acf":[],"yoast_head":"<!-- This site is optimized with the Yoast SEO plugin v27.3 - https:\/\/yoast.com\/product\/yoast-seo-wordpress\/ -->\n<title>ALLGEIER SE: Halbjahreszahlen 2025 sind von Investitionen in erwartetes Wachstum im \u00f6ffentlichen Sektor gepr\u00e4gt - Allgeier SE<\/title>\n<meta name=\"robots\" content=\"index, follow, max-snippet:-1, max-image-preview:large, max-video-preview:-1\" \/>\n<link rel=\"canonical\" href=\"https:\/\/www.allgeier.com\/de\/investor-relations\/adhoc-announcements\/allgeier-se-halbjahreszahlen-2025-sind-von-investitionen-in-erwartetes-wachstum-im-oeffentlichen-sektor-gepraegt\/\" \/>\n<meta property=\"og:locale\" content=\"de_DE\" \/>\n<meta property=\"og:type\" content=\"article\" \/>\n<meta property=\"og:title\" content=\"ALLGEIER SE: Halbjahreszahlen 2025 sind von Investitionen in erwartetes Wachstum im \u00f6ffentlichen Sektor gepr\u00e4gt - Allgeier SE\" \/>\n<meta property=\"og:description\" content=\"ALLGEIER SE \/ Schlagwort(e): Halbjahresergebnis\/Vorl\u00e4ufiges Ergebnis ALLGEIER SE: Halbjahreszahlen 2025 sind von Investitionen in erwartetes Wachstum im \u00f6ffentlichen Sektor gepr\u00e4gt 11.08.2025 \/ 16:07 CET\/CEST Ver\u00f6ffentlichung einer Insiderinformation nach Artikel 17 der Verordnung (EU) Nr. 596\/2014,\" \/>\n<meta property=\"og:url\" content=\"https:\/\/www.allgeier.com\/de\/investor-relations\/adhoc-announcements\/allgeier-se-halbjahreszahlen-2025-sind-von-investitionen-in-erwartetes-wachstum-im-oeffentlichen-sektor-gepraegt\/\" \/>\n<meta property=\"og:site_name\" content=\"Allgeier SE\" \/>\n<meta property=\"article:modified_time\" content=\"2025-08-11T14:10:39+00:00\" \/>\n<meta name=\"twitter:card\" content=\"summary_large_image\" \/>\n<meta name=\"twitter:label1\" content=\"Gesch\u00e4tzte Lesezeit\" \/>\n\t<meta name=\"twitter:data1\" content=\"5\u00a0Minuten\" \/>\n<script type=\"application\/ld+json\" class=\"yoast-schema-graph\">{\"@context\":\"https:\\\/\\\/schema.org\",\"@graph\":[{\"@type\":\"WebPage\",\"@id\":\"https:\\\/\\\/www.allgeier.com\\\/de\\\/investor-relations\\\/adhoc-announcements\\\/allgeier-se-halbjahreszahlen-2025-sind-von-investitionen-in-erwartetes-wachstum-im-oeffentlichen-sektor-gepraegt\\\/\",\"url\":\"https:\\\/\\\/www.allgeier.com\\\/de\\\/investor-relations\\\/adhoc-announcements\\\/allgeier-se-halbjahreszahlen-2025-sind-von-investitionen-in-erwartetes-wachstum-im-oeffentlichen-sektor-gepraegt\\\/\",\"name\":\"ALLGEIER SE: Halbjahreszahlen 2025 sind von Investitionen in erwartetes Wachstum im \u00f6ffentlichen Sektor gepr\u00e4gt - Allgeier SE\",\"isPartOf\":{\"@id\":\"https:\\\/\\\/www.allgeier.com\\\/de\\\/#website\"},\"datePublished\":\"2025-08-11T14:07:14+00:00\",\"dateModified\":\"2025-08-11T14:10:39+00:00\",\"breadcrumb\":{\"@id\":\"https:\\\/\\\/www.allgeier.com\\\/de\\\/investor-relations\\\/adhoc-announcements\\\/allgeier-se-halbjahreszahlen-2025-sind-von-investitionen-in-erwartetes-wachstum-im-oeffentlichen-sektor-gepraegt\\\/#breadcrumb\"},\"inLanguage\":\"de\",\"potentialAction\":[{\"@type\":\"ReadAction\",\"target\":[\"https:\\\/\\\/www.allgeier.com\\\/de\\\/investor-relations\\\/adhoc-announcements\\\/allgeier-se-halbjahreszahlen-2025-sind-von-investitionen-in-erwartetes-wachstum-im-oeffentlichen-sektor-gepraegt\\\/\"]}]},{\"@type\":\"BreadcrumbList\",\"@id\":\"https:\\\/\\\/www.allgeier.com\\\/de\\\/investor-relations\\\/adhoc-announcements\\\/allgeier-se-halbjahreszahlen-2025-sind-von-investitionen-in-erwartetes-wachstum-im-oeffentlichen-sektor-gepraegt\\\/#breadcrumb\",\"itemListElement\":[{\"@type\":\"ListItem\",\"position\":1,\"name\":\"Home\",\"item\":\"https:\\\/\\\/www.allgeier.com\\\/de\\\/\"},{\"@type\":\"ListItem\",\"position\":2,\"name\":\"Investor Relations\",\"item\":\"https:\\\/\\\/www.allgeier.com\\\/de\\\/investor-relations\\\/\"},{\"@type\":\"ListItem\",\"position\":3,\"name\":\"Ad hoc-Mitteilungen\",\"item\":\"https:\\\/\\\/www.allgeier.com\\\/de\\\/investor-relations\\\/adhoc-announcements\\\/\"},{\"@type\":\"ListItem\",\"position\":4,\"name\":\"ALLGEIER SE: Halbjahreszahlen 2025 sind von Investitionen in erwartetes Wachstum im \u00f6ffentlichen Sektor gepr\u00e4gt\"}]},{\"@type\":\"WebSite\",\"@id\":\"https:\\\/\\\/www.allgeier.com\\\/de\\\/#website\",\"url\":\"https:\\\/\\\/www.allgeier.com\\\/de\\\/\",\"name\":\"Allgeier SE\",\"description\":\"Software &amp; IT Services for digital transformation\",\"potentialAction\":[{\"@type\":\"SearchAction\",\"target\":{\"@type\":\"EntryPoint\",\"urlTemplate\":\"https:\\\/\\\/www.allgeier.com\\\/de\\\/?s={search_term_string}\"},\"query-input\":{\"@type\":\"PropertyValueSpecification\",\"valueRequired\":true,\"valueName\":\"search_term_string\"}}],\"inLanguage\":\"de\"}]}<\/script>\n<!-- \/ Yoast SEO plugin. -->","yoast_head_json":{"title":"ALLGEIER SE: Halbjahreszahlen 2025 sind von Investitionen in erwartetes Wachstum im \u00f6ffentlichen Sektor gepr\u00e4gt - Allgeier SE","robots":{"index":"index","follow":"follow","max-snippet":"max-snippet:-1","max-image-preview":"max-image-preview:large","max-video-preview":"max-video-preview:-1"},"canonical":"https:\/\/www.allgeier.com\/de\/investor-relations\/adhoc-announcements\/allgeier-se-halbjahreszahlen-2025-sind-von-investitionen-in-erwartetes-wachstum-im-oeffentlichen-sektor-gepraegt\/","og_locale":"de_DE","og_type":"article","og_title":"ALLGEIER SE: Halbjahreszahlen 2025 sind von Investitionen in erwartetes Wachstum im \u00f6ffentlichen Sektor gepr\u00e4gt - Allgeier SE","og_description":"ALLGEIER SE \/ Schlagwort(e): Halbjahresergebnis\/Vorl\u00e4ufiges Ergebnis ALLGEIER SE: Halbjahreszahlen 2025 sind von Investitionen in erwartetes Wachstum im \u00f6ffentlichen Sektor gepr\u00e4gt 11.08.2025 \/ 16:07 CET\/CEST Ver\u00f6ffentlichung einer Insiderinformation nach Artikel 17 der Verordnung (EU) Nr. 596\/2014,","og_url":"https:\/\/www.allgeier.com\/de\/investor-relations\/adhoc-announcements\/allgeier-se-halbjahreszahlen-2025-sind-von-investitionen-in-erwartetes-wachstum-im-oeffentlichen-sektor-gepraegt\/","og_site_name":"Allgeier SE","article_modified_time":"2025-08-11T14:10:39+00:00","twitter_card":"summary_large_image","twitter_misc":{"Gesch\u00e4tzte Lesezeit":"5\u00a0Minuten"},"schema":{"@context":"https:\/\/schema.org","@graph":[{"@type":"WebPage","@id":"https:\/\/www.allgeier.com\/de\/investor-relations\/adhoc-announcements\/allgeier-se-halbjahreszahlen-2025-sind-von-investitionen-in-erwartetes-wachstum-im-oeffentlichen-sektor-gepraegt\/","url":"https:\/\/www.allgeier.com\/de\/investor-relations\/adhoc-announcements\/allgeier-se-halbjahreszahlen-2025-sind-von-investitionen-in-erwartetes-wachstum-im-oeffentlichen-sektor-gepraegt\/","name":"ALLGEIER SE: Halbjahreszahlen 2025 sind von Investitionen in erwartetes Wachstum im \u00f6ffentlichen Sektor gepr\u00e4gt - Allgeier SE","isPartOf":{"@id":"https:\/\/www.allgeier.com\/de\/#website"},"datePublished":"2025-08-11T14:07:14+00:00","dateModified":"2025-08-11T14:10:39+00:00","breadcrumb":{"@id":"https:\/\/www.allgeier.com\/de\/investor-relations\/adhoc-announcements\/allgeier-se-halbjahreszahlen-2025-sind-von-investitionen-in-erwartetes-wachstum-im-oeffentlichen-sektor-gepraegt\/#breadcrumb"},"inLanguage":"de","potentialAction":[{"@type":"ReadAction","target":["https:\/\/www.allgeier.com\/de\/investor-relations\/adhoc-announcements\/allgeier-se-halbjahreszahlen-2025-sind-von-investitionen-in-erwartetes-wachstum-im-oeffentlichen-sektor-gepraegt\/"]}]},{"@type":"BreadcrumbList","@id":"https:\/\/www.allgeier.com\/de\/investor-relations\/adhoc-announcements\/allgeier-se-halbjahreszahlen-2025-sind-von-investitionen-in-erwartetes-wachstum-im-oeffentlichen-sektor-gepraegt\/#breadcrumb","itemListElement":[{"@type":"ListItem","position":1,"name":"Home","item":"https:\/\/www.allgeier.com\/de\/"},{"@type":"ListItem","position":2,"name":"Investor Relations","item":"https:\/\/www.allgeier.com\/de\/investor-relations\/"},{"@type":"ListItem","position":3,"name":"Ad hoc-Mitteilungen","item":"https:\/\/www.allgeier.com\/de\/investor-relations\/adhoc-announcements\/"},{"@type":"ListItem","position":4,"name":"ALLGEIER SE: Halbjahreszahlen 2025 sind von Investitionen in erwartetes Wachstum im \u00f6ffentlichen Sektor gepr\u00e4gt"}]},{"@type":"WebSite","@id":"https:\/\/www.allgeier.com\/de\/#website","url":"https:\/\/www.allgeier.com\/de\/","name":"Allgeier SE","description":"Software &amp; IT Services for digital transformation","potentialAction":[{"@type":"SearchAction","target":{"@type":"EntryPoint","urlTemplate":"https:\/\/www.allgeier.com\/de\/?s={search_term_string}"},"query-input":{"@type":"PropertyValueSpecification","valueRequired":true,"valueName":"search_term_string"}}],"inLanguage":"de"}]}},"_links":{"self":[{"href":"https:\/\/www.allgeier.com\/de\/wp-json\/wp\/v2\/pages\/7358","targetHints":{"allow":["GET"]}}],"collection":[{"href":"https:\/\/www.allgeier.com\/de\/wp-json\/wp\/v2\/pages"}],"about":[{"href":"https:\/\/www.allgeier.com\/de\/wp-json\/wp\/v2\/types\/page"}],"author":[{"embeddable":true,"href":"https:\/\/www.allgeier.com\/de\/wp-json\/wp\/v2\/users\/4"}],"replies":[{"embeddable":true,"href":"https:\/\/www.allgeier.com\/de\/wp-json\/wp\/v2\/comments?post=7358"}],"version-history":[{"count":1,"href":"https:\/\/www.allgeier.com\/de\/wp-json\/wp\/v2\/pages\/7358\/revisions"}],"predecessor-version":[{"id":7359,"href":"https:\/\/www.allgeier.com\/de\/wp-json\/wp\/v2\/pages\/7358\/revisions\/7359"}],"up":[{"embeddable":true,"href":"https:\/\/www.allgeier.com\/de\/wp-json\/wp\/v2\/pages\/1155"}],"wp:attachment":[{"href":"https:\/\/www.allgeier.com\/de\/wp-json\/wp\/v2\/media?parent=7358"}],"wp:term":[{"taxonomy":"category","embeddable":true,"href":"https:\/\/www.allgeier.com\/de\/wp-json\/wp\/v2\/categories?post=7358"},{"taxonomy":"post_tag","embeddable":true,"href":"https:\/\/www.allgeier.com\/de\/wp-json\/wp\/v2\/tags?post=7358"}],"curies":[{"name":"wp","href":"https:\/\/api.w.org\/{rel}","templated":true}]}}