{"id":7365,"date":"2025-08-18T14:08:44","date_gmt":"2025-08-18T14:08:44","guid":{"rendered":"https:\/\/www.allgeier.com\/de\/?page_id=7365"},"modified":"2025-08-18T14:09:53","modified_gmt":"2025-08-18T14:09:53","slug":"allgeier-se-evora-uebernimmt-sap-cloud-erp-experten-all4cloud-ausbau-des-allgeier-sap-gesamtportfolios-und-der-public-cloud-strategie","status":"publish","type":"page","link":"https:\/\/www.allgeier.com\/de\/investor-relations\/adhoc-announcements\/allgeier-se-evora-uebernimmt-sap-cloud-erp-experten-all4cloud-ausbau-des-allgeier-sap-gesamtportfolios-und-der-public-cloud-strategie\/","title":{"rendered":"Allgeier SE: Evora \u00fcbernimmt SAP Cloud-ERP-Experten all4cloud \u2013 Ausbau des Allgeier-SAP-Gesamtportfolios und der Public-Cloud-Strategie"},"content":{"rendered":"<table border=\"0\">\n<tr>\n<td>\n<p>ALLGEIER SE \/ Schlagwort(e): Firmen\u00fcbernahme\/Fusionen &amp; \u00dcbernahmen<\/p>\n<p>Allgeier SE: Evora \u00fcbernimmt SAP Cloud-ERP-Experten all4cloud \u2013 Ausbau des Allgeier-SAP-Gesamtportfolios und der Public-Cloud-Strategie <\/p>\n<p>18.08.2025 \/ 16:08 CET\/CEST<\/p>\n<p>Ver\u00f6ffentlichung einer Insiderinformation nach Artikel 17 der Verordnung (EU) Nr. 596\/2014, \u00fcbermittelt durch EQS News &#8211; ein Service der EQS Group.<\/p>\n<p>F\u00fcr den Inhalt der Mitteilung ist der Emittent \/ Herausgeber verantwortlich.<\/p>\n<hr \/>\n<div>\n<p><i>M\u00fcnchen, 18. August 2025<\/i>\u00a0\u2013 Die Allgeier SE (ISIN DE000A2GS633, WKN A2GS63) hat heute zur Verst\u00e4rkung der Evora IT Solutions Group GmbH, Walldorf (\u201eEvora\u201c), mit ihr und den Gesellschaftern der all4cloud GmbH &amp; Co. KG, Viernheim (\u201eall4cloud\u201c), Vertr\u00e4ge zur mehrheitlichen \u00dcbernahme der all4cloud geschlossen. all4cloud ist ein Cloud ERP-Spezialist und einer der f\u00fchrenden SAP Gold- und GROW-Partner f\u00fcr die Cloud-L\u00f6sungen der SAP mit einem Umsatz von ca. 15 Mio. Euro. Das Unternehmen bietet mit seinen spezialisierten Teams aus 80 Mitarbeitern internationalen mittelst\u00e4ndischen Kunden ma\u00dfgeschneiderte cloudbasierte Enterprise-L\u00f6sungen und Managed Services, die eine schnelle, standardisierte Digitalisierung zentraler Gesch\u00e4ftsprozesse erm\u00f6glichen.<\/p>\n<p>Mit diesem strategischen Schritt erweitert Allgeier sein SAP-Gesamtportfolio substanziell und treibt die konzernweite Public-Cloud-Strategie im SAP-Umfeld voran: all4cloud wird als SAP-Public-Cloud-Provider in das Allgeier-Bestandskundenportfolio mit \u00fcber 2.000 Kunden verzahnt und er\u00f6ffnet konzernweit signifikante Cross- und Up-Selling-Potenziale \u2013 von Cloud-ERP-Kernsystemen \u00fcber Prozessberatung und Implementierung bis zu skalierbaren Managed-Services-Modellen. Damit st\u00e4rkt Allgeier die Position des Gesch\u00e4ftsbereichs Enterprise IT entlang der gesamten Wertsch\u00f6pfungskette.<\/p>\n<p>Auf Ebene von Evora erg\u00e4nzt all4cloud das bestehende SAP-Angebot um umfassende Cloud-ERP-Technologien inklusive End-to-End-Prozessberatung, Implementierung und Support. Die Kunden profitieren von zahlreichen Vorteilen wie der beschleunigten Einf\u00fchrung der SAP Business Suite \u2013 einschlie\u00dflich SAP Business AI und SAP Business Data Cloud \u2013 bei nahtloser Integration von SAP\u2011 und Fremdsystemen sowie einer deutlich erh\u00f6hten Skalierbarkeit. Vor dem Hintergrund eines dynamisch wachsenden Cloud-ERP-Markts unterst\u00fctzt die Transaktion das k\u00fcnftige organische und anorganische Wachstum der Allgeier-Gruppe.<\/p>\n<p>\nKontakt:<\/p>\n<p>Allgeier SE<br \/>\nInvestor Relations<br \/>\nDr. Christopher Gro\u00dfe<br \/>\nMontgelasstra\u00dfe 14<br \/>\n81679 M\u00fcnchen<br \/>\nTel.: +49 (0)89\/998421-0<br \/>\nFax: +49 (0)89\/998421-11<br \/>\nE-Mail: ir@allgeier.com<br \/>\nWeb: www.allgeier.com<\/p>\n<p>Allgeier ist ein Technologie-Unternehmen f\u00fcr digitale Transformation. Die zur Allgeier-Gruppe geh\u00f6renden Unternehmen unterst\u00fctzen ihre mehr als 2.500 Kunden im In- und Ausland mit umfassenden Software- und IT-Services bei den Herausforderungen des digitalen Wandels sowie der Digitalisierung und Transformation gesch\u00e4ftskritischer Prozesse. Die breite und stabile Kundenbasis besteht aus global agierenden Konzernen, leistungsstarken mittelst\u00e4ndischen Unternehmen sowie Auftraggebern des \u00f6ffentlichen Sektors auf allen f\u00f6deralen Ebenen. Das Leistungsportfolio reicht von eigenen Software-Produkten und Plattformen \u00fcber High-End-Softwareentwicklung, Beratung und Konzeption von Digitalisierungsl\u00f6sungen bis hin zur langfristigen Betreuung von Softwareanwendungen in der Cloud oder anderen Umgebungen. In den beiden Konzernsegmenten Enterprise IT und mgm technology partners sind \u00fcber 3.100 Mitarbeiter an weltweit insgesamt 48 Standorten in der DACH-Region, in Frankreich, Spanien, Portugal, Polen, Tschechien und den Niederlanden sowie in Indien, Vietnam, den USA und Kanada t\u00e4tig. Im Gesch\u00e4ftsjahr 2024 erzielte Allgeier im fortgef\u00fchrten Gesch\u00e4ft einen Umsatz von 403 Mio. Euro. Gem\u00e4\u00df L\u00fcnendonk\u00ae-Liste 2025 z\u00e4hlt Allgeier zu den f\u00fchrenden IT-Beratungs- und Systemintegrations-Unternehmen in Deutschland und belegt den ersten Platz auf der L\u00fcnendonk\u00ae-Liste 2025 \u201eF\u00fchrende mittelst\u00e4ndische IT-Beratungs- und Systemintegrations-Unternehmen in Deutschland\u201c. Allgeier SE ist am Regulierten Markt der Frankfurter Wertpapierb\u00f6rse im General Standard gelistet (WKN A2GS63, ISIN DE000A2GS633). Weitere Informationen unter: www.allgeier.com<\/p>\n<\/div>\n<p>Ende der Insiderinformation<\/p>\n<hr \/>\n<p>\n18.08.2025 CET\/CEST Die EQS Distributionsservices umfassen gesetzliche Meldepflichten, Corporate News\/Finanznachrichten und Pressemitteilungen.<br \/>Medienarchiv unter https:\/\/eqs-news.com<\/p>\n<hr \/>\n<\/td>\n<\/tr>\n<\/table>\n<table>\n<tr>\n<td align=\"left\" valign=\"top\">Sprache:<\/td>\n<td align=\"left\" valign=\"top\">Deutsch<\/td>\n<\/tr>\n<tr>\n<td align=\"left\" valign=\"top\">Unternehmen:<\/td>\n<td align=\"left\" valign=\"top\">ALLGEIER SE<\/td>\n<\/tr>\n<tr>\n<td align=\"left\" valign=\"top\" \/>\n<td align=\"left\" valign=\"top\">Montgelasstr. 14<\/td>\n<\/tr>\n<tr>\n<td align=\"left\" valign=\"top\" \/>\n<td align=\"left\" valign=\"top\">81679 M\u00fcnchen<\/td>\n<\/tr>\n<tr>\n<td align=\"left\" valign=\"top\" \/>\n<td align=\"left\" valign=\"top\">Deutschland<\/td>\n<\/tr>\n<tr>\n<td align=\"left\" valign=\"top\">Telefon:<\/td>\n<td align=\"left\" valign=\"top\">+49 (0) 89 &#8211; 99 84 21 0<\/td>\n<\/tr>\n<tr>\n<td align=\"left\" valign=\"top\">Fax:<\/td>\n<td align=\"left\" valign=\"top\">+49 (0) 89 &#8211; 99 84 21 11<\/td>\n<\/tr>\n<tr>\n<td align=\"left\" valign=\"top\">E-Mail:<\/td>\n<td align=\"left\" valign=\"top\">info@allgeier.com<\/td>\n<\/tr>\n<tr>\n<td align=\"left\" valign=\"top\">Internet:<\/td>\n<td align=\"left\" valign=\"top\">http:\/\/www.allgeier.com<\/td>\n<\/tr>\n<tr>\n<td align=\"left\" valign=\"top\">ISIN:<\/td>\n<td align=\"left\" valign=\"top\">DE000A2GS633<\/td>\n<\/tr>\n<tr>\n<td align=\"left\" valign=\"top\">WKN:<\/td>\n<td align=\"left\" valign=\"top\">A2GS63<\/td>\n<\/tr>\n<tr>\n<td align=\"left\" valign=\"top\">Indizes:<\/td>\n<td align=\"left\" valign=\"top\">CDAX<\/td>\n<\/tr>\n<tr>\n<td align=\"left\" valign=\"top\">B\u00f6rsen:<\/td>\n<td align=\"left\" valign=\"top\">Regulierter Markt in Frankfurt (General Standard); Freiverkehr in Berlin, D\u00fcsseldorf, Hamburg, Stuttgart, Tradegate Exchange<\/td>\n<\/tr>\n<tr>\n<td align=\"left\" valign=\"top\">EQS News ID:<\/td>\n<td align=\"left\" valign=\"top\">2185338<\/td>\n<\/tr>\n<\/table>\n<p><\/p>\n<table border=\"0\">\n<tr>\n<td align=\"left\" valign=\"top\" colspan=\"2\" \/>\n<\/tr>\n<\/table>\n<table border=\"0\">\n<tr>\n<td align=\"left\" valign=\"top\" colspan=\"2\">\u00a0<\/td>\n<\/tr>\n<tr>\n<td align=\"left\" valign=\"top\">Ende der Mitteilung<\/td>\n<td align=\"left\" valign=\"top\">EQS News-Service<\/td>\n<\/tr>\n<\/table>\n<table border=\"0\">\n<tr>\n<td>\n<hr \/>\n<\/td>\n<\/tr>\n<\/table>\n<div>\n<p>2185338\u00a0\u00a018.08.2025\u00a0CET\/CEST<\/p>\n<\/div>\n","protected":false},"excerpt":{"rendered":"<p>ALLGEIER SE \/ Schlagwort(e): Firmen\u00fcbernahme\/Fusionen &#038; \u00dcbernahmen  Allgeier SE: Evora \u00fcbernimmt SAP Cloud-ERP-Experten all4cloud \u2013 Ausbau des Allgeier-SAP-Gesamtportfolios und der Public-Cloud-Strategie  18.08.2025 \/ 16:08 CET\/CEST  Ver\u00f6ffentlichung einer Insiderinformation nach Artikel 17 der<\/p>\n","protected":false},"author":4,"featured_media":0,"parent":1155,"menu_order":0,"comment_status":"close","ping_status":"closed","template":"","meta":{"_acf_changed":false,"footnotes":""},"categories":[],"tags":[],"class_list":["post-7365","page","type-page","status-publish","hentry"],"acf":[],"yoast_head":"<!-- This site is optimized with the Yoast SEO plugin v27.3 - https:\/\/yoast.com\/product\/yoast-seo-wordpress\/ -->\n<title>Allgeier SE: Evora \u00fcbernimmt SAP Cloud-ERP-Experten all4cloud \u2013 Ausbau des Allgeier-SAP-Gesamtportfolios und der Public-Cloud-Strategie - Allgeier SE<\/title>\n<meta name=\"robots\" content=\"index, follow, max-snippet:-1, max-image-preview:large, max-video-preview:-1\" \/>\n<link rel=\"canonical\" href=\"https:\/\/www.allgeier.com\/de\/investor-relations\/adhoc-announcements\/allgeier-se-evora-uebernimmt-sap-cloud-erp-experten-all4cloud-ausbau-des-allgeier-sap-gesamtportfolios-und-der-public-cloud-strategie\/\" \/>\n<meta property=\"og:locale\" content=\"de_DE\" \/>\n<meta property=\"og:type\" content=\"article\" \/>\n<meta property=\"og:title\" content=\"Allgeier SE: Evora \u00fcbernimmt SAP Cloud-ERP-Experten all4cloud \u2013 Ausbau des Allgeier-SAP-Gesamtportfolios und der Public-Cloud-Strategie - Allgeier SE\" \/>\n<meta property=\"og:description\" content=\"ALLGEIER SE \/ Schlagwort(e): Firmen\u00fcbernahme\/Fusionen &amp; \u00dcbernahmen Allgeier SE: Evora \u00fcbernimmt SAP Cloud-ERP-Experten all4cloud \u2013 Ausbau des Allgeier-SAP-Gesamtportfolios und der Public-Cloud-Strategie 18.08.2025 \/ 16:08 CET\/CEST Ver\u00f6ffentlichung einer Insiderinformation nach Artikel 17 der\" \/>\n<meta property=\"og:url\" content=\"https:\/\/www.allgeier.com\/de\/investor-relations\/adhoc-announcements\/allgeier-se-evora-uebernimmt-sap-cloud-erp-experten-all4cloud-ausbau-des-allgeier-sap-gesamtportfolios-und-der-public-cloud-strategie\/\" \/>\n<meta property=\"og:site_name\" content=\"Allgeier SE\" \/>\n<meta property=\"article:modified_time\" content=\"2025-08-18T14:09:53+00:00\" \/>\n<meta name=\"twitter:card\" content=\"summary_large_image\" \/>\n<meta name=\"twitter:label1\" content=\"Gesch\u00e4tzte Lesezeit\" \/>\n\t<meta name=\"twitter:data1\" content=\"3\u00a0Minuten\" \/>\n<script type=\"application\/ld+json\" class=\"yoast-schema-graph\">{\"@context\":\"https:\\\/\\\/schema.org\",\"@graph\":[{\"@type\":\"WebPage\",\"@id\":\"https:\\\/\\\/www.allgeier.com\\\/de\\\/investor-relations\\\/adhoc-announcements\\\/allgeier-se-evora-uebernimmt-sap-cloud-erp-experten-all4cloud-ausbau-des-allgeier-sap-gesamtportfolios-und-der-public-cloud-strategie\\\/\",\"url\":\"https:\\\/\\\/www.allgeier.com\\\/de\\\/investor-relations\\\/adhoc-announcements\\\/allgeier-se-evora-uebernimmt-sap-cloud-erp-experten-all4cloud-ausbau-des-allgeier-sap-gesamtportfolios-und-der-public-cloud-strategie\\\/\",\"name\":\"Allgeier SE: Evora \u00fcbernimmt SAP Cloud-ERP-Experten all4cloud \u2013 Ausbau des Allgeier-SAP-Gesamtportfolios und der Public-Cloud-Strategie - Allgeier SE\",\"isPartOf\":{\"@id\":\"https:\\\/\\\/www.allgeier.com\\\/de\\\/#website\"},\"datePublished\":\"2025-08-18T14:08:44+00:00\",\"dateModified\":\"2025-08-18T14:09:53+00:00\",\"breadcrumb\":{\"@id\":\"https:\\\/\\\/www.allgeier.com\\\/de\\\/investor-relations\\\/adhoc-announcements\\\/allgeier-se-evora-uebernimmt-sap-cloud-erp-experten-all4cloud-ausbau-des-allgeier-sap-gesamtportfolios-und-der-public-cloud-strategie\\\/#breadcrumb\"},\"inLanguage\":\"de\",\"potentialAction\":[{\"@type\":\"ReadAction\",\"target\":[\"https:\\\/\\\/www.allgeier.com\\\/de\\\/investor-relations\\\/adhoc-announcements\\\/allgeier-se-evora-uebernimmt-sap-cloud-erp-experten-all4cloud-ausbau-des-allgeier-sap-gesamtportfolios-und-der-public-cloud-strategie\\\/\"]}]},{\"@type\":\"BreadcrumbList\",\"@id\":\"https:\\\/\\\/www.allgeier.com\\\/de\\\/investor-relations\\\/adhoc-announcements\\\/allgeier-se-evora-uebernimmt-sap-cloud-erp-experten-all4cloud-ausbau-des-allgeier-sap-gesamtportfolios-und-der-public-cloud-strategie\\\/#breadcrumb\",\"itemListElement\":[{\"@type\":\"ListItem\",\"position\":1,\"name\":\"Home\",\"item\":\"https:\\\/\\\/www.allgeier.com\\\/de\\\/\"},{\"@type\":\"ListItem\",\"position\":2,\"name\":\"Investor Relations\",\"item\":\"https:\\\/\\\/www.allgeier.com\\\/de\\\/investor-relations\\\/\"},{\"@type\":\"ListItem\",\"position\":3,\"name\":\"Ad hoc-Mitteilungen\",\"item\":\"https:\\\/\\\/www.allgeier.com\\\/de\\\/investor-relations\\\/adhoc-announcements\\\/\"},{\"@type\":\"ListItem\",\"position\":4,\"name\":\"Allgeier SE: Evora \u00fcbernimmt SAP Cloud-ERP-Experten all4cloud \u2013 Ausbau des Allgeier-SAP-Gesamtportfolios und der Public-Cloud-Strategie\"}]},{\"@type\":\"WebSite\",\"@id\":\"https:\\\/\\\/www.allgeier.com\\\/de\\\/#website\",\"url\":\"https:\\\/\\\/www.allgeier.com\\\/de\\\/\",\"name\":\"Allgeier SE\",\"description\":\"Software &amp; IT Services for digital transformation\",\"potentialAction\":[{\"@type\":\"SearchAction\",\"target\":{\"@type\":\"EntryPoint\",\"urlTemplate\":\"https:\\\/\\\/www.allgeier.com\\\/de\\\/?s={search_term_string}\"},\"query-input\":{\"@type\":\"PropertyValueSpecification\",\"valueRequired\":true,\"valueName\":\"search_term_string\"}}],\"inLanguage\":\"de\"}]}<\/script>\n<!-- \/ Yoast SEO plugin. -->","yoast_head_json":{"title":"Allgeier SE: Evora \u00fcbernimmt SAP Cloud-ERP-Experten all4cloud \u2013 Ausbau des Allgeier-SAP-Gesamtportfolios und der Public-Cloud-Strategie - Allgeier SE","robots":{"index":"index","follow":"follow","max-snippet":"max-snippet:-1","max-image-preview":"max-image-preview:large","max-video-preview":"max-video-preview:-1"},"canonical":"https:\/\/www.allgeier.com\/de\/investor-relations\/adhoc-announcements\/allgeier-se-evora-uebernimmt-sap-cloud-erp-experten-all4cloud-ausbau-des-allgeier-sap-gesamtportfolios-und-der-public-cloud-strategie\/","og_locale":"de_DE","og_type":"article","og_title":"Allgeier SE: Evora \u00fcbernimmt SAP Cloud-ERP-Experten all4cloud \u2013 Ausbau des Allgeier-SAP-Gesamtportfolios und der Public-Cloud-Strategie - Allgeier SE","og_description":"ALLGEIER SE \/ Schlagwort(e): Firmen\u00fcbernahme\/Fusionen & \u00dcbernahmen Allgeier SE: Evora \u00fcbernimmt SAP Cloud-ERP-Experten all4cloud \u2013 Ausbau des Allgeier-SAP-Gesamtportfolios und der Public-Cloud-Strategie 18.08.2025 \/ 16:08 CET\/CEST Ver\u00f6ffentlichung einer Insiderinformation nach Artikel 17 der","og_url":"https:\/\/www.allgeier.com\/de\/investor-relations\/adhoc-announcements\/allgeier-se-evora-uebernimmt-sap-cloud-erp-experten-all4cloud-ausbau-des-allgeier-sap-gesamtportfolios-und-der-public-cloud-strategie\/","og_site_name":"Allgeier SE","article_modified_time":"2025-08-18T14:09:53+00:00","twitter_card":"summary_large_image","twitter_misc":{"Gesch\u00e4tzte Lesezeit":"3\u00a0Minuten"},"schema":{"@context":"https:\/\/schema.org","@graph":[{"@type":"WebPage","@id":"https:\/\/www.allgeier.com\/de\/investor-relations\/adhoc-announcements\/allgeier-se-evora-uebernimmt-sap-cloud-erp-experten-all4cloud-ausbau-des-allgeier-sap-gesamtportfolios-und-der-public-cloud-strategie\/","url":"https:\/\/www.allgeier.com\/de\/investor-relations\/adhoc-announcements\/allgeier-se-evora-uebernimmt-sap-cloud-erp-experten-all4cloud-ausbau-des-allgeier-sap-gesamtportfolios-und-der-public-cloud-strategie\/","name":"Allgeier SE: Evora \u00fcbernimmt SAP Cloud-ERP-Experten all4cloud \u2013 Ausbau des Allgeier-SAP-Gesamtportfolios und der Public-Cloud-Strategie - Allgeier SE","isPartOf":{"@id":"https:\/\/www.allgeier.com\/de\/#website"},"datePublished":"2025-08-18T14:08:44+00:00","dateModified":"2025-08-18T14:09:53+00:00","breadcrumb":{"@id":"https:\/\/www.allgeier.com\/de\/investor-relations\/adhoc-announcements\/allgeier-se-evora-uebernimmt-sap-cloud-erp-experten-all4cloud-ausbau-des-allgeier-sap-gesamtportfolios-und-der-public-cloud-strategie\/#breadcrumb"},"inLanguage":"de","potentialAction":[{"@type":"ReadAction","target":["https:\/\/www.allgeier.com\/de\/investor-relations\/adhoc-announcements\/allgeier-se-evora-uebernimmt-sap-cloud-erp-experten-all4cloud-ausbau-des-allgeier-sap-gesamtportfolios-und-der-public-cloud-strategie\/"]}]},{"@type":"BreadcrumbList","@id":"https:\/\/www.allgeier.com\/de\/investor-relations\/adhoc-announcements\/allgeier-se-evora-uebernimmt-sap-cloud-erp-experten-all4cloud-ausbau-des-allgeier-sap-gesamtportfolios-und-der-public-cloud-strategie\/#breadcrumb","itemListElement":[{"@type":"ListItem","position":1,"name":"Home","item":"https:\/\/www.allgeier.com\/de\/"},{"@type":"ListItem","position":2,"name":"Investor Relations","item":"https:\/\/www.allgeier.com\/de\/investor-relations\/"},{"@type":"ListItem","position":3,"name":"Ad hoc-Mitteilungen","item":"https:\/\/www.allgeier.com\/de\/investor-relations\/adhoc-announcements\/"},{"@type":"ListItem","position":4,"name":"Allgeier SE: Evora \u00fcbernimmt SAP Cloud-ERP-Experten all4cloud \u2013 Ausbau des Allgeier-SAP-Gesamtportfolios und der Public-Cloud-Strategie"}]},{"@type":"WebSite","@id":"https:\/\/www.allgeier.com\/de\/#website","url":"https:\/\/www.allgeier.com\/de\/","name":"Allgeier SE","description":"Software &amp; IT Services for digital transformation","potentialAction":[{"@type":"SearchAction","target":{"@type":"EntryPoint","urlTemplate":"https:\/\/www.allgeier.com\/de\/?s={search_term_string}"},"query-input":{"@type":"PropertyValueSpecification","valueRequired":true,"valueName":"search_term_string"}}],"inLanguage":"de"}]}},"_links":{"self":[{"href":"https:\/\/www.allgeier.com\/de\/wp-json\/wp\/v2\/pages\/7365","targetHints":{"allow":["GET"]}}],"collection":[{"href":"https:\/\/www.allgeier.com\/de\/wp-json\/wp\/v2\/pages"}],"about":[{"href":"https:\/\/www.allgeier.com\/de\/wp-json\/wp\/v2\/types\/page"}],"author":[{"embeddable":true,"href":"https:\/\/www.allgeier.com\/de\/wp-json\/wp\/v2\/users\/4"}],"replies":[{"embeddable":true,"href":"https:\/\/www.allgeier.com\/de\/wp-json\/wp\/v2\/comments?post=7365"}],"version-history":[{"count":1,"href":"https:\/\/www.allgeier.com\/de\/wp-json\/wp\/v2\/pages\/7365\/revisions"}],"predecessor-version":[{"id":7366,"href":"https:\/\/www.allgeier.com\/de\/wp-json\/wp\/v2\/pages\/7365\/revisions\/7366"}],"up":[{"embeddable":true,"href":"https:\/\/www.allgeier.com\/de\/wp-json\/wp\/v2\/pages\/1155"}],"wp:attachment":[{"href":"https:\/\/www.allgeier.com\/de\/wp-json\/wp\/v2\/media?parent=7365"}],"wp:term":[{"taxonomy":"category","embeddable":true,"href":"https:\/\/www.allgeier.com\/de\/wp-json\/wp\/v2\/categories?post=7365"},{"taxonomy":"post_tag","embeddable":true,"href":"https:\/\/www.allgeier.com\/de\/wp-json\/wp\/v2\/tags?post=7365"}],"curies":[{"name":"wp","href":"https:\/\/api.w.org\/{rel}","templated":true}]}}