{"id":7412,"date":"2025-11-05T12:26:04","date_gmt":"2025-11-05T12:26:04","guid":{"rendered":"https:\/\/www.allgeier.com\/de\/investor-relations\/adhoc-announcements\/es-05112025\/"},"modified":"2025-12-11T13:51:13","modified_gmt":"2025-12-11T13:51:13","slug":"es-05112025-2","status":"publish","type":"page","link":"https:\/\/www.allgeier.com\/de\/investor-relations\/adhoc-announcements\/es-05112025-2\/","title":{"rendered":"Allgeier SE: Operatives Ergebnis im dritten Quartal 2025 \u00fcbersteigt das operative Ergebnis des Vorjahresquartals"},"content":{"rendered":"<table border=\"0\">\n<tbody>\n<tr>\n<td>ALLGEIER SE \/ Schlagwort(e): Quartalsergebnis\/Vorl\u00e4ufiges Ergebnis<\/p>\n<p>Allgeier SE: Operatives Ergebnis im dritten Quartal 2025 \u00fcbersteigt das operative Ergebnis des Vorjahresquartals<\/p>\n<p>05.11.2025 \/ 14:26 CET\/CEST<\/p>\n<p>Ver\u00f6ffentlichung einer Insiderinformation nach Artikel 17 der Verordnung (EU) Nr. 596\/2014, \u00fcbermittelt durch EQS News &#8211; ein Service der EQS Group.<\/p>\n<p>F\u00fcr den Inhalt der Mitteilung ist der Emittent \/ Herausgeber verantwortlich.<\/p>\n<hr \/>\n<div>\n<p><i>M\u00fcnchen, 5.11.2025<\/i> \u2013 Die Umsatz- und Ergebnisentwicklung der Allgeier SE (ISIN DE000A2GS633, WKN A2GS63) war auch im dritten Quartal 2025 noch ma\u00dfgeblich durch die Verz\u00f6gerung bei der Durchf\u00fchrung von Digitalisierungsprojekten im \u00f6ffentlichen Sektor beeinflusst. Wir gehen vor dem Hintergrund der erwarteten Digitalisierungsbudgets, insbesondere auf Bundesebene davon aus, dass sich diese Sondersituation erst im Jahr 2026 sukzessive aufl\u00f6sen wird und die bereits gewonnenen Neuprojekte zur Umsetzung kommen k\u00f6nnen. Gleichwohl konnten der Umsatz und vor allem das operative Ergebnis im dritten Quartal im Vergleich zum ersten und zweiten Quartal deutlich gesteigert werden. Der Umsatz liegt im dritten Quartal 2025 damit in etwa auf dem Niveau des dritten Quartals des Vorjahres. Das operative EBITDA liegt \u00fcber dem Niveau des dritten Quartals des Vorjahres.<\/p>\n<p>Der Umsatz im dritten Quartal (1. Juli 2025 bis 30. September 2025) des Gesch\u00e4ftsjahres 2025 betrug im fortgef\u00fchrten Gesch\u00e4ft des Konzerns 85 Mio. Euro (Vorjahr: 86 Mio. Euro) gem\u00e4\u00df vorl\u00e4ufigen Zahlen. Das im Oktober 2025 ver\u00e4u\u00dferte IT-Services-Gesch\u00e4ft ist in den Zahlen zum fortgef\u00fchrten Gesch\u00e4ft jeweils nicht mehr enthalten (auch nicht in den zum Vergleich angef\u00fchrten Vorjahreszahlen). Die Wertsch\u00f6pfung (definiert als Gesamtleistung abz\u00fcglich der den Ums\u00e4tzen direkt zurechenbaren Umsatz- und Personalkosten) betrug im dritten Quartal 35 Mio. Euro (Vorjahr: 34 Mio. Euro). Daraus resultierte eine Wertsch\u00f6pfungsmarge von 40 Prozent (Vorjahr: 39 Prozent). Das bereinigte EBITDA (EBITDA vor Effekten, die betriebswirtschaftlich als au\u00dferordentlich oder periodenfremd qualifiziert werden) belief sich auf 13,6 Mio. Euro (Vorjahr: 12,7 Mio. Euro), entsprechend einer bereinigten EBITDA-Marge von 15,6\u00a0Prozent (Vorjahr: 14,4\u00a0Prozent). Im dritten Quartal 2025 sind im fortgef\u00fchrten Gesch\u00e4ft des Allgeier-Konzerns au\u00dferordentliche Kosten in H\u00f6he von rund 2,5 Mio. Euro angefallen. Dies ist im Wesentlichen durch das Vorhalten von Teams f\u00fcr Projekte im \u00f6ffentlichen Sektor, deren Beginn oder Fortsetzung ungewiss war, sowie durch erfolgten Personalabbau begr\u00fcndet. Das berichtete EBITDA lag entsprechend bei 11,1 Mio. Euro (Vorjahr: 19,8\u00a0Mio.\u00a0Euro). Im Vorjahr war das berichtete EBITDA durch eine nachtr\u00e4gliche Anpassung des Kaufpreises f\u00fcr die Evora-Gruppe um 9,4 Mio. Euro au\u00dferordentlich erh\u00f6ht.<\/p>\n<p>Eckdaten der Bilanz zum 30. September 2025<\/p>\n<p>Zum Bilanzstichtag 30. September 2025 betrug das Konzern-Eigenkapital 187 Mio. Euro (31.\u00a0Dezember\u00a02024:\u00a0194 Mio. Euro). Dem Allgeier-Konzern standen zum Ende des dritten Quartals 2025 liquide Mittel in H\u00f6he von 25 Mio. Euro zur Verf\u00fcgung (31. Dezember 2024: 57\u00a0Mio. Euro). Die verzinslichen Finanzschulden (ohne Verbindlichkeiten aus Miet- und Leasingvertr\u00e4gen) beliefen sich zum 30. September 2025 auf 149 Mio. Euro (31. Dezember\u00a02024: 149\u00a0Mio. Euro). Dagegen reduzierte sich die Inanspruchnahme des Factorings von 30 Mio. Euro auf 13 Mio. Euro. Die Nettoverschuldung lag zum Ende des dritten Quartals bei 137 Mio. Euro (31.\u00a0Dezember 2024: 122\u00a0Mio. Euro). Die Bilanzsumme betrug zum Stichtag 450 Mio. Euro (31.\u00a0Dezember 2024: 471 Mio. Euro).<\/p>\n<p>Hinweise<\/p>\n<p>Das Gesch\u00e4ft der im Oktober 2025 ver\u00e4u\u00dferten Allgeier IT Services GmbH, M\u00fcnchen, wurde im Berichtsjahr 2025 sowie im Vergleichsjahr 2024 in das aufgegebene Gesch\u00e4ft gegliedert. Das Closing der Transaktion wird f\u00fcr Ende November 2025 erwartet. Die Angaben zum fortgef\u00fchrten Gesch\u00e4ft des Allgeier-Konzerns wurden f\u00fcr die Gesch\u00e4ftsjahre 2024 und 2025 entsprechend angepasst und sind nicht mit fr\u00fcheren Ver\u00f6ffentlichungen vergleichbar.<\/p>\n<p>Die Gesch\u00e4ftszahlen f\u00fcr das dritte Quartal 2025 werden im Einzelnen in der freiwilligen Zwischeninformation f\u00fcr den Allgeier-Konzern dargestellt, die am 14. November 2025 ver\u00f6ffentlicht wird.<\/p>\n<p>Eine Aussage zum Forecast bis zum Jahresende 2025 im fortgef\u00fchrten Gesch\u00e4ft wird auf der Basis der aktuell aufgrund des Carve-out des ver\u00e4u\u00dferten IT-Services-Gesch\u00e4fts noch andauernden Arbeiten f\u00fcr einen aktualisierten Forecast sowie f\u00fcr die Planung f\u00fcr das Gesch\u00e4ftsjahr 2026 erfolgen.<\/p>\n<p>Kontakt:<\/p>\n<p>Allgeier SE<br \/>\nInvestor Relations<br \/>\nDr. Christopher Gro\u00dfe<br \/>\nMontgelasstra\u00dfe 14<br \/>\n81679 M\u00fcnchen<br \/>\nTel.: +49 (0)89\/998421-0<br \/>\nFax: +49 (0)89\/998421-11<br \/>\nE-Mail: ir@allgeier.com<br \/>\nWeb: www.allgeier.com<\/p>\n<\/div>\n<p>Ende der Insiderinformation<\/p>\n<hr \/>\n<p>05.11.2025 CET\/CEST Die EQS Distributionsservices umfassen gesetzliche Meldepflichten, Corporate News\/Finanznachrichten und Pressemitteilungen.<br \/>\nOriginalinhalt anzeigen: <a href=\"https:\/\/eqs-cockpit.com\/cgi-bin\/fncls.ssp?fn=redirect&amp;url=60057e7a9ab27fef67f02edccdad1979&amp;application_id=2224338&amp;site_id=airport_aws~~~7cc68db1-74de-43c8-af69-2ae0a97efdc3&amp;application_name=news\">EQS News<\/a><\/p>\n<hr \/>\n<\/td>\n<\/tr>\n<\/tbody>\n<\/table>\n<table>\n<tbody>\n<tr>\n<td align=\"left\" valign=\"top\">Sprache:<\/td>\n<td align=\"left\" valign=\"top\">Deutsch<\/td>\n<\/tr>\n<tr>\n<td align=\"left\" valign=\"top\">Unternehmen:<\/td>\n<td align=\"left\" valign=\"top\">ALLGEIER SE<\/td>\n<\/tr>\n<tr>\n<td align=\"left\" valign=\"top\"><\/td>\n<td align=\"left\" valign=\"top\">Montgelasstr. 14<\/td>\n<\/tr>\n<tr>\n<td align=\"left\" valign=\"top\"><\/td>\n<td align=\"left\" valign=\"top\">81679 M\u00fcnchen<\/td>\n<\/tr>\n<tr>\n<td align=\"left\" valign=\"top\"><\/td>\n<td align=\"left\" valign=\"top\">Deutschland<\/td>\n<\/tr>\n<tr>\n<td align=\"left\" valign=\"top\">Telefon:<\/td>\n<td align=\"left\" valign=\"top\">+49 (0) 89 &#8211; 99 84 21 0<\/td>\n<\/tr>\n<tr>\n<td align=\"left\" valign=\"top\">Fax:<\/td>\n<td align=\"left\" valign=\"top\">+49 (0) 89 &#8211; 99 84 21 11<\/td>\n<\/tr>\n<tr>\n<td align=\"left\" valign=\"top\">E-Mail:<\/td>\n<td align=\"left\" valign=\"top\">info@allgeier.com<\/td>\n<\/tr>\n<tr>\n<td align=\"left\" valign=\"top\">Internet:<\/td>\n<td align=\"left\" valign=\"top\">http:\/\/www.allgeier.com<\/td>\n<\/tr>\n<tr>\n<td align=\"left\" valign=\"top\">ISIN:<\/td>\n<td align=\"left\" valign=\"top\">DE000A2GS633<\/td>\n<\/tr>\n<tr>\n<td align=\"left\" valign=\"top\">WKN:<\/td>\n<td align=\"left\" valign=\"top\">A2GS63<\/td>\n<\/tr>\n<tr>\n<td align=\"left\" valign=\"top\">Indizes:<\/td>\n<td align=\"left\" valign=\"top\">CDAX<\/td>\n<\/tr>\n<tr>\n<td align=\"left\" valign=\"top\">B\u00f6rsen:<\/td>\n<td align=\"left\" valign=\"top\">Regulierter Markt in Frankfurt (General Standard); Freiverkehr in Berlin, D\u00fcsseldorf, Hamburg, Stuttgart, Tradegate Exchange<\/td>\n<\/tr>\n<tr>\n<td align=\"left\" valign=\"top\">EQS News ID:<\/td>\n<td align=\"left\" valign=\"top\">2224338<\/td>\n<\/tr>\n<\/tbody>\n<\/table>\n<p>&nbsp;<\/p>\n<table border=\"0\">\n<tbody>\n<tr>\n<td colspan=\"2\" align=\"left\" valign=\"top\"><\/td>\n<\/tr>\n<\/tbody>\n<\/table>\n<table border=\"0\">\n<tbody>\n<tr>\n<td colspan=\"2\" align=\"left\" valign=\"top\"><\/td>\n<\/tr>\n<tr>\n<td align=\"left\" valign=\"top\">Ende der Mitteilung<\/td>\n<td align=\"left\" valign=\"top\">EQS News-Service<\/td>\n<\/tr>\n<\/tbody>\n<\/table>\n<table border=\"0\">\n<tbody>\n<tr>\n<td>\n<hr \/>\n<\/td>\n<\/tr>\n<\/tbody>\n<\/table>\n<div>\n<p>2224338\u00a0\u00a005.11.2025\u00a0CET\/CEST<\/p>\n<\/div>\n<p><img loading=\"lazy\" decoding=\"async\" src=\"https:\/\/eqs-cockpit.com\/cgi-bin\/fncls.ssp?fn=show_t_gif&amp;application_id=2224338&amp;application_name=news&amp;site_id=airport_aws~~~7cc68db1-74de-43c8-af69-2ae0a97efdc3\" alt=\"\" width=\"0\" height=\"0\" border=\"0\" \/><\/p>\n","protected":false},"excerpt":{"rendered":"<p>ALLGEIER SE \/ Schlagwort(e): Quartalsergebnis\/Vorl\u00e4ufiges Ergebnis Allgeier SE: Operatives Ergebnis im dritten Quartal 2025 \u00fcbersteigt das operative Ergebnis des Vorjahresquartals 05.11.2025 \/ 14:26 CET\/CEST Ver\u00f6ffentlichung einer Insiderinformation nach Artikel 17 der Verordnung (EU) Nr. 596\/2014, \u00fcbermittelt durch EQS News &#8211; ein Service der EQS Group. F\u00fcr den Inhalt der Mitteilung ist der Emittent \/ Herausgeber &hellip; <\/p>\n","protected":false},"author":1,"featured_media":0,"parent":1155,"menu_order":0,"comment_status":"closed","ping_status":"closed","template":"","meta":{"_acf_changed":false,"footnotes":""},"categories":[],"tags":[],"class_list":["post-7412","page","type-page","status-publish","hentry"],"acf":[],"yoast_head":"<!-- This site is optimized with the Yoast SEO plugin v27.3 - https:\/\/yoast.com\/product\/yoast-seo-wordpress\/ -->\n<title>Allgeier SE: Operatives Ergebnis im dritten Quartal 2025 \u00fcbersteigt das operative Ergebnis des Vorjahresquartals - Allgeier SE<\/title>\n<meta name=\"robots\" content=\"index, follow, max-snippet:-1, max-image-preview:large, max-video-preview:-1\" \/>\n<link rel=\"canonical\" href=\"https:\/\/www.allgeier.com\/de\/investor-relations\/adhoc-announcements\/es-05112025-2\/\" \/>\n<meta property=\"og:locale\" content=\"de_DE\" \/>\n<meta property=\"og:type\" content=\"article\" \/>\n<meta property=\"og:title\" content=\"Allgeier SE: Operatives Ergebnis im dritten Quartal 2025 \u00fcbersteigt das operative Ergebnis des Vorjahresquartals - Allgeier SE\" \/>\n<meta property=\"og:description\" content=\"ALLGEIER SE \/ Schlagwort(e): Quartalsergebnis\/Vorl\u00e4ufiges Ergebnis Allgeier SE: Operatives Ergebnis im dritten Quartal 2025 \u00fcbersteigt das operative Ergebnis des Vorjahresquartals 05.11.2025 \/ 14:26 CET\/CEST Ver\u00f6ffentlichung einer Insiderinformation nach Artikel 17 der Verordnung (EU) Nr. 596\/2014, \u00fcbermittelt durch EQS News &#8211; ein Service der EQS Group. F\u00fcr den Inhalt der Mitteilung ist der Emittent \/ Herausgeber &hellip;\" \/>\n<meta property=\"og:url\" content=\"https:\/\/www.allgeier.com\/de\/investor-relations\/adhoc-announcements\/es-05112025-2\/\" \/>\n<meta property=\"og:site_name\" content=\"Allgeier SE\" \/>\n<meta property=\"article:modified_time\" content=\"2025-12-11T13:51:13+00:00\" \/>\n<meta property=\"og:image\" content=\"https:\/\/eqs-cockpit.com\/cgi-bin\/fncls.ssp?fn=show_t_gif&amp;application_id=2224338&amp;application_name=news&amp;site_id=airport_aws~~~7cc68db1-74de-43c8-af69-2ae0a97efdc3\" \/>\n<meta name=\"twitter:card\" content=\"summary_large_image\" \/>\n<meta name=\"twitter:label1\" content=\"Gesch\u00e4tzte Lesezeit\" \/>\n\t<meta name=\"twitter:data1\" content=\"5\u00a0Minuten\" \/>\n<script type=\"application\/ld+json\" class=\"yoast-schema-graph\">{\"@context\":\"https:\\\/\\\/schema.org\",\"@graph\":[{\"@type\":\"WebPage\",\"@id\":\"https:\\\/\\\/www.allgeier.com\\\/de\\\/investor-relations\\\/adhoc-announcements\\\/es-05112025-2\\\/\",\"url\":\"https:\\\/\\\/www.allgeier.com\\\/de\\\/investor-relations\\\/adhoc-announcements\\\/es-05112025-2\\\/\",\"name\":\"Allgeier SE: Operatives Ergebnis im dritten Quartal 2025 \u00fcbersteigt das operative Ergebnis des Vorjahresquartals - Allgeier SE\",\"isPartOf\":{\"@id\":\"https:\\\/\\\/www.allgeier.com\\\/de\\\/#website\"},\"primaryImageOfPage\":{\"@id\":\"https:\\\/\\\/www.allgeier.com\\\/de\\\/investor-relations\\\/adhoc-announcements\\\/es-05112025-2\\\/#primaryimage\"},\"image\":{\"@id\":\"https:\\\/\\\/www.allgeier.com\\\/de\\\/investor-relations\\\/adhoc-announcements\\\/es-05112025-2\\\/#primaryimage\"},\"thumbnailUrl\":\"https:\\\/\\\/eqs-cockpit.com\\\/cgi-bin\\\/fncls.ssp?fn=show_t_gif&amp;application_id=2224338&amp;application_name=news&amp;site_id=airport_aws~~~7cc68db1-74de-43c8-af69-2ae0a97efdc3\",\"datePublished\":\"2025-11-05T12:26:04+00:00\",\"dateModified\":\"2025-12-11T13:51:13+00:00\",\"breadcrumb\":{\"@id\":\"https:\\\/\\\/www.allgeier.com\\\/de\\\/investor-relations\\\/adhoc-announcements\\\/es-05112025-2\\\/#breadcrumb\"},\"inLanguage\":\"de\",\"potentialAction\":[{\"@type\":\"ReadAction\",\"target\":[\"https:\\\/\\\/www.allgeier.com\\\/de\\\/investor-relations\\\/adhoc-announcements\\\/es-05112025-2\\\/\"]}]},{\"@type\":\"ImageObject\",\"inLanguage\":\"de\",\"@id\":\"https:\\\/\\\/www.allgeier.com\\\/de\\\/investor-relations\\\/adhoc-announcements\\\/es-05112025-2\\\/#primaryimage\",\"url\":\"https:\\\/\\\/eqs-cockpit.com\\\/cgi-bin\\\/fncls.ssp?fn=show_t_gif&amp;application_id=2224338&amp;application_name=news&amp;site_id=airport_aws~~~7cc68db1-74de-43c8-af69-2ae0a97efdc3\",\"contentUrl\":\"https:\\\/\\\/eqs-cockpit.com\\\/cgi-bin\\\/fncls.ssp?fn=show_t_gif&amp;application_id=2224338&amp;application_name=news&amp;site_id=airport_aws~~~7cc68db1-74de-43c8-af69-2ae0a97efdc3\"},{\"@type\":\"BreadcrumbList\",\"@id\":\"https:\\\/\\\/www.allgeier.com\\\/de\\\/investor-relations\\\/adhoc-announcements\\\/es-05112025-2\\\/#breadcrumb\",\"itemListElement\":[{\"@type\":\"ListItem\",\"position\":1,\"name\":\"Home\",\"item\":\"https:\\\/\\\/www.allgeier.com\\\/de\\\/\"},{\"@type\":\"ListItem\",\"position\":2,\"name\":\"Investor Relations\",\"item\":\"https:\\\/\\\/www.allgeier.com\\\/de\\\/investor-relations\\\/\"},{\"@type\":\"ListItem\",\"position\":3,\"name\":\"Ad hoc-Mitteilungen\",\"item\":\"https:\\\/\\\/www.allgeier.com\\\/de\\\/investor-relations\\\/adhoc-announcements\\\/\"},{\"@type\":\"ListItem\",\"position\":4,\"name\":\"Allgeier SE: Operatives Ergebnis im dritten Quartal 2025 \u00fcbersteigt das operative Ergebnis des Vorjahresquartals\"}]},{\"@type\":\"WebSite\",\"@id\":\"https:\\\/\\\/www.allgeier.com\\\/de\\\/#website\",\"url\":\"https:\\\/\\\/www.allgeier.com\\\/de\\\/\",\"name\":\"Allgeier SE\",\"description\":\"Software &amp; IT Services for digital transformation\",\"potentialAction\":[{\"@type\":\"SearchAction\",\"target\":{\"@type\":\"EntryPoint\",\"urlTemplate\":\"https:\\\/\\\/www.allgeier.com\\\/de\\\/?s={search_term_string}\"},\"query-input\":{\"@type\":\"PropertyValueSpecification\",\"valueRequired\":true,\"valueName\":\"search_term_string\"}}],\"inLanguage\":\"de\"}]}<\/script>\n<!-- \/ Yoast SEO plugin. -->","yoast_head_json":{"title":"Allgeier SE: Operatives Ergebnis im dritten Quartal 2025 \u00fcbersteigt das operative Ergebnis des Vorjahresquartals - Allgeier SE","robots":{"index":"index","follow":"follow","max-snippet":"max-snippet:-1","max-image-preview":"max-image-preview:large","max-video-preview":"max-video-preview:-1"},"canonical":"https:\/\/www.allgeier.com\/de\/investor-relations\/adhoc-announcements\/es-05112025-2\/","og_locale":"de_DE","og_type":"article","og_title":"Allgeier SE: Operatives Ergebnis im dritten Quartal 2025 \u00fcbersteigt das operative Ergebnis des Vorjahresquartals - Allgeier SE","og_description":"ALLGEIER SE \/ Schlagwort(e): Quartalsergebnis\/Vorl\u00e4ufiges Ergebnis Allgeier SE: Operatives Ergebnis im dritten Quartal 2025 \u00fcbersteigt das operative Ergebnis des Vorjahresquartals 05.11.2025 \/ 14:26 CET\/CEST Ver\u00f6ffentlichung einer Insiderinformation nach Artikel 17 der Verordnung (EU) Nr. 596\/2014, \u00fcbermittelt durch EQS News &#8211; ein Service der EQS Group. F\u00fcr den Inhalt der Mitteilung ist der Emittent \/ Herausgeber &hellip;","og_url":"https:\/\/www.allgeier.com\/de\/investor-relations\/adhoc-announcements\/es-05112025-2\/","og_site_name":"Allgeier SE","article_modified_time":"2025-12-11T13:51:13+00:00","og_image":[{"url":"https:\/\/eqs-cockpit.com\/cgi-bin\/fncls.ssp?fn=show_t_gif&amp;application_id=2224338&amp;application_name=news&amp;site_id=airport_aws~~~7cc68db1-74de-43c8-af69-2ae0a97efdc3","type":"","width":"","height":""}],"twitter_card":"summary_large_image","twitter_misc":{"Gesch\u00e4tzte Lesezeit":"5\u00a0Minuten"},"schema":{"@context":"https:\/\/schema.org","@graph":[{"@type":"WebPage","@id":"https:\/\/www.allgeier.com\/de\/investor-relations\/adhoc-announcements\/es-05112025-2\/","url":"https:\/\/www.allgeier.com\/de\/investor-relations\/adhoc-announcements\/es-05112025-2\/","name":"Allgeier SE: Operatives Ergebnis im dritten Quartal 2025 \u00fcbersteigt das operative Ergebnis des Vorjahresquartals - Allgeier SE","isPartOf":{"@id":"https:\/\/www.allgeier.com\/de\/#website"},"primaryImageOfPage":{"@id":"https:\/\/www.allgeier.com\/de\/investor-relations\/adhoc-announcements\/es-05112025-2\/#primaryimage"},"image":{"@id":"https:\/\/www.allgeier.com\/de\/investor-relations\/adhoc-announcements\/es-05112025-2\/#primaryimage"},"thumbnailUrl":"https:\/\/eqs-cockpit.com\/cgi-bin\/fncls.ssp?fn=show_t_gif&amp;application_id=2224338&amp;application_name=news&amp;site_id=airport_aws~~~7cc68db1-74de-43c8-af69-2ae0a97efdc3","datePublished":"2025-11-05T12:26:04+00:00","dateModified":"2025-12-11T13:51:13+00:00","breadcrumb":{"@id":"https:\/\/www.allgeier.com\/de\/investor-relations\/adhoc-announcements\/es-05112025-2\/#breadcrumb"},"inLanguage":"de","potentialAction":[{"@type":"ReadAction","target":["https:\/\/www.allgeier.com\/de\/investor-relations\/adhoc-announcements\/es-05112025-2\/"]}]},{"@type":"ImageObject","inLanguage":"de","@id":"https:\/\/www.allgeier.com\/de\/investor-relations\/adhoc-announcements\/es-05112025-2\/#primaryimage","url":"https:\/\/eqs-cockpit.com\/cgi-bin\/fncls.ssp?fn=show_t_gif&amp;application_id=2224338&amp;application_name=news&amp;site_id=airport_aws~~~7cc68db1-74de-43c8-af69-2ae0a97efdc3","contentUrl":"https:\/\/eqs-cockpit.com\/cgi-bin\/fncls.ssp?fn=show_t_gif&amp;application_id=2224338&amp;application_name=news&amp;site_id=airport_aws~~~7cc68db1-74de-43c8-af69-2ae0a97efdc3"},{"@type":"BreadcrumbList","@id":"https:\/\/www.allgeier.com\/de\/investor-relations\/adhoc-announcements\/es-05112025-2\/#breadcrumb","itemListElement":[{"@type":"ListItem","position":1,"name":"Home","item":"https:\/\/www.allgeier.com\/de\/"},{"@type":"ListItem","position":2,"name":"Investor Relations","item":"https:\/\/www.allgeier.com\/de\/investor-relations\/"},{"@type":"ListItem","position":3,"name":"Ad hoc-Mitteilungen","item":"https:\/\/www.allgeier.com\/de\/investor-relations\/adhoc-announcements\/"},{"@type":"ListItem","position":4,"name":"Allgeier SE: Operatives Ergebnis im dritten Quartal 2025 \u00fcbersteigt das operative Ergebnis des Vorjahresquartals"}]},{"@type":"WebSite","@id":"https:\/\/www.allgeier.com\/de\/#website","url":"https:\/\/www.allgeier.com\/de\/","name":"Allgeier SE","description":"Software &amp; IT Services for digital transformation","potentialAction":[{"@type":"SearchAction","target":{"@type":"EntryPoint","urlTemplate":"https:\/\/www.allgeier.com\/de\/?s={search_term_string}"},"query-input":{"@type":"PropertyValueSpecification","valueRequired":true,"valueName":"search_term_string"}}],"inLanguage":"de"}]}},"_links":{"self":[{"href":"https:\/\/www.allgeier.com\/de\/wp-json\/wp\/v2\/pages\/7412","targetHints":{"allow":["GET"]}}],"collection":[{"href":"https:\/\/www.allgeier.com\/de\/wp-json\/wp\/v2\/pages"}],"about":[{"href":"https:\/\/www.allgeier.com\/de\/wp-json\/wp\/v2\/types\/page"}],"author":[{"embeddable":true,"href":"https:\/\/www.allgeier.com\/de\/wp-json\/wp\/v2\/users\/1"}],"replies":[{"embeddable":true,"href":"https:\/\/www.allgeier.com\/de\/wp-json\/wp\/v2\/comments?post=7412"}],"version-history":[{"count":0,"href":"https:\/\/www.allgeier.com\/de\/wp-json\/wp\/v2\/pages\/7412\/revisions"}],"up":[{"embeddable":true,"href":"https:\/\/www.allgeier.com\/de\/wp-json\/wp\/v2\/pages\/1155"}],"wp:attachment":[{"href":"https:\/\/www.allgeier.com\/de\/wp-json\/wp\/v2\/media?parent=7412"}],"wp:term":[{"taxonomy":"category","embeddable":true,"href":"https:\/\/www.allgeier.com\/de\/wp-json\/wp\/v2\/categories?post=7412"},{"taxonomy":"post_tag","embeddable":true,"href":"https:\/\/www.allgeier.com\/de\/wp-json\/wp\/v2\/tags?post=7412"}],"curies":[{"name":"wp","href":"https:\/\/api.w.org\/{rel}","templated":true}]}}