{"id":7435,"date":"2025-12-15T18:11:31","date_gmt":"2025-12-15T18:11:31","guid":{"rendered":"https:\/\/www.allgeier.com\/de\/?page_id=7435"},"modified":"2026-01-12T15:31:44","modified_gmt":"2026-01-12T15:31:44","slug":"share-buyback-2025","status":"publish","type":"page","link":"https:\/\/www.allgeier.com\/de\/investor-relations\/share-buyback-2025\/","title":{"rendered":"Aktienr\u00fcckkauf 2025\/2026"},"content":{"rendered":"<p>Am 18. Dezember 2025 hat der Vorstand der Allgeier SE beschlossen, von der durch die Hauptversammlung am 27. Juni 2025 erteilten Erm\u00e4chtigung gem\u00e4\u00df \u00a7 71 Abs. 1 Nr. 8 AktG zum R\u00fcckkauf eigener Aktien Gebrauch zu machen.<\/p>\n<p>Insgesamt sollen im Rahmen eines Aktienr\u00fcckkaufprogramms bis zu 575.080 Aktien der Allgeier SE zur\u00fcckerworben werden, entsprechend einem Anteil von rund 5 % des derzeitigen Grundkapitals von EUR 11.501.613,00, wobei der R\u00fcckkauf auf eine solche Anzahl von Aktien begrenzt ist, die einem Gesamtvolumen von h\u00f6chstens EUR 11 Mio. (ohne Erwerbsnebenkosten) entspricht. Der R\u00fcckkauf wird in dem Zeitraum vom 19. Dezember 2025 bis sp\u00e4testens zum 30. April 2026 stattfinden.<\/p>\n<p>Allgeier SE hat die Bedingungen dieses Aktienr\u00fcckkaufprogramms am 19. Dezember 2025 nach Art. 5 Abs. 1 lit. a) der Verordnung (EU) Nr. 596\/2014 und Art. 2 Abs. 1 der Delegierten Verordnung der Kommission (EU) Nr. 2016\/1052 bekanntgemacht.<\/p>\n<ul>\n<li><a href=\"https:\/\/www.allgeier.com\/de\/investor-relations\/adhoc-announcements\/guidance-fuer-das-geschaeftsjahr-2026-und-aktienrueckkauf\/\" target=\"_blank\" rel=\"noopener\">Ad-hoc-Mitteilung vom 18. Dezember 2025<\/a><\/li>\n<li><a href=\"https:\/\/www.allgeier.com\/de\/wp-content\/uploads\/sites\/3\/2025\/12\/Allgeier-SE_Startmitteilung_Aktienrueckkauf-2025.pdf\" target=\"_blank\" rel=\"noopener\">Bekanntmachung nach Art. 2 Abs. 1 der Delegierten Verordnung (EU) Nr. 2016\/1052 der Kommission zur Verordnung (EU) Nr. 596\/2014 (MAR) vom 19. Dezember 2025<\/a><\/li>\n<\/ul>\n<p><strong>Ver\u00f6ffentlichung von Aktienr\u00fcckk\u00e4ufen in detaillierter und aggregierter Form nach Art. 2 Abs. 2 und Abs. 3 der Delegierten Verordnung der Kommission (EU) Nr. 2016\/1052<\/strong><br \/>\n\n<table id=\"tablepress-1\" class=\"tablepress tablepress-id-1\">\n<thead>\n<tr class=\"row-1\">\n\t<th class=\"column-1\">Datum<\/th><th class=\"column-2\">\u00dcberblick Aktienr\u00fcckk\u00e4ufe<\/th><th class=\"column-3\">Gesch\u00e4fte in detaillierter Form<\/th><th class=\"column-4\">Gesamtzahl der erworbenen Aktien<\/th><th class=\"column-5\">Ausgegebener Gesamtbetrag<\/th>\n<\/tr>\n<\/thead>\n<tbody class=\"row-striping row-hover\">\n<tr class=\"row-2\">\n\t<td class=\"column-1\">07.04.2026 \u2013 10.04.2026<\/td><td class=\"column-2\"><a href=\"https:\/\/www.allgeier.com\/de\/wp-content\/uploads\/sites\/3\/2026\/04\/Allgeier-SE_Aktienrueckkauf-2025_17.-Zwischenmeldung_DE_v1_2026-04-13.pdf\" target=\"_blank\">PDF<\/a><\/td><td class=\"column-3\"><a href=\"https:\/\/www.allgeier.com\/de\/wp-content\/uploads\/sites\/3\/2026\/04\/Daily-Reporting_SBB_Allgeier-1.pdf\" target=\"_blank\">PDF<\/a><\/td><td class=\"column-4\">14.209<\/td><td class=\"column-5\">EUR 252.075,02<\/td>\n<\/tr>\n<tr class=\"row-3\">\n\t<td class=\"column-1\">30.03.2026 \u2013 02.04.2026<\/td><td class=\"column-2\"><a href=\"https:\/\/www.allgeier.com\/de\/wp-content\/uploads\/sites\/3\/2026\/04\/Allgeier-SE_Aktienrueckkauf-2025_16.-Zwischenmeldung_DE_v1_2026-04-07.pdf\" target=\"_blank\">PDF<\/a><\/td><td class=\"column-3\"><a href=\"https:\/\/www.allgeier.com\/de\/wp-content\/uploads\/sites\/3\/2026\/04\/Daily-Reporting_SBB_Allgeier.pdf\" target=\"_blank\">PDF<\/a><\/td><td class=\"column-4\">14.355<\/td><td class=\"column-5\">EUR 242.100,64<\/td>\n<\/tr>\n<tr class=\"row-4\">\n\t<td class=\"column-1\">23.03.2026 \u2013 27.03.2026<\/td><td class=\"column-2\"><a href=\"https:\/\/www.allgeier.com\/de\/wp-content\/uploads\/sites\/3\/2026\/03\/Allgeier-SE_Aktienrueckkauf-2025_15.-Zwischenmeldung_DE_v1_2026-03-30.pdf\" target=\"_blank\">PDF<\/a><\/td><td class=\"column-3\"><a href=\"https:\/\/www.allgeier.com\/de\/wp-content\/uploads\/sites\/3\/2026\/03\/Daily-Reporting_SBB_Allgeier-4.pdf\" target=\"_blank\">PDF<\/a><\/td><td class=\"column-4\">21.128<\/td><td class=\"column-5\">EUR 342.606,17<\/td>\n<\/tr>\n<tr class=\"row-5\">\n\t<td class=\"column-1\">16.03.2026 \u2013 20.03.2026<\/td><td class=\"column-2\"><a href=\"https:\/\/www.allgeier.com\/de\/wp-content\/uploads\/sites\/3\/2026\/03\/Allgeier-SE_Aktienrueckkauf-2025_14.-Zwischenmeldung_DE_v1_2026-03-23.pdf\" target=\"_blank\">PDF<\/a><\/td><td class=\"column-3\"><a href=\"https:\/\/www.allgeier.com\/de\/wp-content\/uploads\/sites\/3\/2026\/03\/Daily-Reporting_SBB_Allgeier-3.pdf\" target=\"_blank\">PDF<\/a><\/td><td class=\"column-4\">18.018<\/td><td class=\"column-5\">EUR 310.980,78<\/td>\n<\/tr>\n<tr class=\"row-6\">\n\t<td class=\"column-1\">09.03.2026 \u2013 13.03.2026<\/td><td class=\"column-2\"><a href=\"https:\/\/www.allgeier.com\/de\/wp-content\/uploads\/sites\/3\/2026\/03\/Allgeier-SE_Aktienrueckkauf-2025_13.-Zwischenmeldung_DE_v1_2026-03-16.pdf\" target=\"_blank\">PDF<\/a><\/td><td class=\"column-3\"><a href=\"https:\/\/www.allgeier.com\/de\/wp-content\/uploads\/sites\/3\/2026\/03\/Daily-Reporting_SBB_Allgeier-2.pdf\" target=\"_blank\">PDF<\/a><\/td><td class=\"column-4\">29.998<\/td><td class=\"column-5\">EUR 531.870,52<\/td>\n<\/tr>\n<tr class=\"row-7\">\n\t<td class=\"column-1\">02.03.2026 \u2013 06.03.2026<\/td><td class=\"column-2\"><a href=\"https:\/\/www.allgeier.com\/de\/wp-content\/uploads\/sites\/3\/2026\/03\/Allgeier-SE_Aktienrueckkauf-2025_12.-Zwischenmeldung_DE_v1_2026-03-09.pdf\" target=\"_blank\">PDF<\/a><\/td><td class=\"column-3\"><a href=\"https:\/\/www.allgeier.com\/de\/wp-content\/uploads\/sites\/3\/2026\/03\/Daily-Reporting_SBB_Allgeier-1.pdf\" target=\"_blank\">PDF<\/a><\/td><td class=\"column-4\">27.848<\/td><td class=\"column-5\">EUR 490.736,97<\/td>\n<\/tr>\n<tr class=\"row-8\">\n\t<td class=\"column-1\">23.02.2026 \u2013 27.02.2026<\/td><td class=\"column-2\"><a href=\"https:\/\/www.allgeier.com\/de\/wp-content\/uploads\/sites\/3\/2026\/03\/Allgeier-SE_Aktienrueckkauf-2025_11.-Zwischenmeldung_DE_v1_2026-03-02.pdf\" target=\"_blank\">PDF<\/a><\/td><td class=\"column-3\"><a href=\"https:\/\/www.allgeier.com\/de\/wp-content\/uploads\/sites\/3\/2026\/03\/Daily-Reporting_SBB_Allgeier.pdf\" target=\"_blank\">PDF<\/a><\/td><td class=\"column-4\">41.272<br \/>\n<br \/>\n<\/td><td class=\"column-5\">EUR 703.774,99<\/td>\n<\/tr>\n<tr class=\"row-9\">\n\t<td class=\"column-1\">16.02.2026 \u2013 20.02.2026<\/td><td class=\"column-2\"><a href=\"https:\/\/www.allgeier.com\/de\/wp-content\/uploads\/sites\/3\/2026\/02\/Allgeier-SE_Aktienrueckkauf-2025_10.-Zwischenmeldung_DE_v1_2026-02-23.pdf\" target=\"_blank\">PDF<\/a><\/td><td class=\"column-3\"><a href=\"https:\/\/www.allgeier.com\/de\/wp-content\/uploads\/sites\/3\/2026\/02\/Daily-Reporting_SBB_Allgeier-1.pdf\" target=\"_blank\">PDF<\/a><\/td><td class=\"column-4\">38.237<\/td><td class=\"column-5\">EUR 652.829,48<\/td>\n<\/tr>\n<tr class=\"row-10\">\n\t<td class=\"column-1\">09.02.2026 \u2013 13.02.2026<\/td><td class=\"column-2\"><a href=\"https:\/\/www.allgeier.com\/de\/wp-content\/uploads\/sites\/3\/2026\/02\/Allgeier-SE_Aktienrueckkauf-2025_9.-Zwischenmeldung_DE_v1_2026-02-16.pdf\" target=\"_blank\">PDF<\/a><\/td><td class=\"column-3\"><a href=\"https:\/\/www.allgeier.com\/de\/wp-content\/uploads\/sites\/3\/2026\/02\/Daily-Reporting-SBB.pdf\" target=\"_blank\">PDF<\/a><\/td><td class=\"column-4\">36.414<\/td><td class=\"column-5\">EUR 656.230,26<\/td>\n<\/tr>\n<tr class=\"row-11\">\n\t<td class=\"column-1\">02.02.2026 \u2013 06.02.2026<\/td><td class=\"column-2\"><a href=\"https:\/\/www.allgeier.com\/de\/wp-content\/uploads\/sites\/3\/2026\/02\/Allgeier-SE_Aktienrueckkauf-2025_8.-Zwischenmeldung_DE_v1_2026-02-09.pdf\" target=\"_blank\">PDF<\/a><\/td><td class=\"column-3\"><a href=\"https:\/\/www.allgeier.com\/de\/wp-content\/uploads\/sites\/3\/2026\/02\/Daily-Reporting_SBB_Allgeier.pdf\" target=\"_blank\">PDF<\/a><\/td><td class=\"column-4\">33.932<\/td><td class=\"column-5\">EUR 717.733,01<\/td>\n<\/tr>\n<tr class=\"row-12\">\n\t<td class=\"column-1\">26.01.2026 \u2013 30.01.2026<\/td><td class=\"column-2\"><a href=\"https:\/\/www.allgeier.com\/de\/wp-content\/uploads\/sites\/3\/2026\/02\/Allgeier-SE_Aktienrueckkauf-2025_7.-Zwischenmeldung_DE_v1_2026-02-02.pdf\" target=\"_blank\">PDF<\/a><\/td><td class=\"column-3\"><a href=\"https:\/\/www.allgeier.com\/de\/wp-content\/uploads\/sites\/3\/2026\/02\/Daily-Reporting_SBB_Allgeier_26.-30.01.2026.pdf\" target=\"_blank\">PDF<\/a><\/td><td class=\"column-4\">35.137<\/td><td class=\"column-5\">EUR 788.995,25<\/td>\n<\/tr>\n<tr class=\"row-13\">\n\t<td class=\"column-1\">19.01.2026 \u2013 23.01.2026<\/td><td class=\"column-2\"><a href=\"https:\/\/www.allgeier.com\/de\/wp-content\/uploads\/sites\/3\/2026\/01\/Allgeier-SE_Aktienrueckkauf-2025_6.-Zwischenmeldung_DE_v1_2026-01-26.pdf\" target=\"_blank\">PDF<\/a><\/td><td class=\"column-3\"><a href=\"https:\/\/www.allgeier.com\/de\/wp-content\/uploads\/sites\/3\/2026\/01\/Reporting_SBB_Allgeier-19.01.-23.01.pdf\" target=\"_blank\">PDF<\/a><\/td><td class=\"column-4\">34.644<\/td><td class=\"column-5\">EUR 763.585,32<\/td>\n<\/tr>\n<tr class=\"row-14\">\n\t<td class=\"column-1\">12.01.2026 \u2013 16.01.2026<\/td><td class=\"column-2\"><a href=\"https:\/\/www.allgeier.com\/de\/wp-content\/uploads\/sites\/3\/2026\/01\/Allgeier-SE_Aktienrueckkauf-2025_5.-Zwischenmeldung_DE_v1_2026-01-19.pdf\" target=\"_blank\">PDF<\/a><\/td><td class=\"column-3\"><a href=\"https:\/\/www.allgeier.com\/de\/wp-content\/uploads\/sites\/3\/2026\/01\/Reporting_SBB_Allgeier-12.01.-16.01.pdf\" target=\"_blank\">PDF<\/a><\/td><td class=\"column-4\">26.390<\/td><td class=\"column-5\">EUR 612.942,86<\/td>\n<\/tr>\n<tr class=\"row-15\">\n\t<td class=\"column-1\">05.01.2026 \u2013 09.01.2026<\/td><td class=\"column-2\"><a href=\"https:\/\/www.allgeier.com\/de\/wp-content\/uploads\/sites\/3\/2026\/01\/Allgeier-SE_Aktienrueckkauf-2025_4.-Zwischenmeldung_DE_v1_2026-01-12.pdf\" target=\"_blank\">PDF<\/a><\/td><td class=\"column-3\"><a href=\"https:\/\/www.allgeier.com\/de\/wp-content\/uploads\/sites\/3\/2026\/01\/Reporting_SBB_Allgeier-05.01.-09.01.pdf\" target=\"_blank\">PDF<\/a><\/td><td class=\"column-4\">19.971<\/td><td class=\"column-5\">EUR 426.687,84<\/td>\n<\/tr>\n<tr class=\"row-16\">\n\t<td class=\"column-1\">29.12.2025 \u2013 02.01.2026<\/td><td class=\"column-2\"><a href=\"https:\/\/www.allgeier.com\/de\/wp-content\/uploads\/sites\/3\/2026\/01\/Allgeier-SE_Aktienrueckkauf-2025_3.-Zwischenmeldung_DE_v1_2026-01-05.pdf\" target=\"_blank\">PDF<\/a><\/td><td class=\"column-3\"><a href=\"https:\/\/www.allgeier.com\/de\/wp-content\/uploads\/sites\/3\/2026\/01\/Uebersicht-Aktienrueckkauf-Allgeier-SE-29.12.2025-02.01.2026.pdf\" target=\"_blank\">PDF<\/a><\/td><td class=\"column-4\">11.871<\/td><td class=\"column-5\">EUR 245.136,82<\/td>\n<\/tr>\n<tr class=\"row-17\">\n\t<td class=\"column-1\">22.12.2025 \u2013 23.12.2025<\/td><td class=\"column-2\"><a href=\"https:\/\/www.allgeier.com\/de\/wp-content\/uploads\/sites\/3\/2025\/12\/Allgeier-SE_Aktienrueckkauf-2025_2.-Zwischenmeldung_DE_v1_20251229.pdf\" target=\"_blank\">PDF<\/a><\/td><td class=\"column-3\"><a href=\"https:\/\/www.allgeier.com\/de\/wp-content\/uploads\/sites\/3\/2025\/12\/20251222_Daily-Reporting_SBB_Allgeier.pdf\" target=\"_blank\">PDF<\/a><\/td><td class=\"column-4\">5.851<\/td><td class=\"column-5\">EUR 117.350,47<\/td>\n<\/tr>\n<tr class=\"row-18\">\n\t<td class=\"column-1\">19.12.2025 -<br \/>\r\n19.12.2025<\/td><td class=\"column-2\"><a href=\"https:\/\/www.allgeier.com\/de\/wp-content\/uploads\/sites\/3\/2025\/12\/Allgeier-SE_Aktienrueckkauf-2025_1.-Zwischenmeldung_DE.pdf\" target=\"_blank\">PDF<\/a><\/td><td class=\"column-3\"><a href=\"https:\/\/www.allgeier.com\/de\/wp-content\/uploads\/sites\/3\/2025\/12\/Allgeier-SE_Aktienrueckkauf-2025_Geschaefte-in-detaillierter-Form_20251219_20251219.pdf\" target=\"_blank\">PDF<\/a><\/td><td class=\"column-4\">3.665<\/td><td class=\"column-5\">EUR 74.200,86<\/td>\n<\/tr>\n<\/tbody>\n<\/table>\n<!-- #tablepress-1 from cache -->\n","protected":false},"excerpt":{"rendered":"<p>Am 18. Dezember 2025 hat der Vorstand der Allgeier SE beschlossen, von der durch die Hauptversammlung am 27. Juni 2025 erteilten Erm\u00e4chtigung gem\u00e4\u00df \u00a7 71 Abs. 1 Nr. 8 AktG zum R\u00fcckkauf eigener Aktien Gebrauch zu machen. Insgesamt sollen im Rahmen eines Aktienr\u00fcckkaufprogramms bis zu 575.080 Aktien der Allgeier SE zur\u00fcckerworben werden, entsprechend einem Anteil &hellip; <\/p>\n","protected":false},"author":4,"featured_media":0,"parent":1143,"menu_order":0,"comment_status":"closed","ping_status":"closed","template":"","meta":{"_acf_changed":false,"footnotes":""},"categories":[],"tags":[],"class_list":["post-7435","page","type-page","status-publish","hentry"],"acf":[],"yoast_head":"<!-- This site is optimized with the Yoast SEO plugin v27.4 - https:\/\/yoast.com\/product\/yoast-seo-wordpress\/ -->\n<title>Aktienr\u00fcckkauf 2025\/2026 - Allgeier SE<\/title>\n<meta name=\"robots\" content=\"index, follow, max-snippet:-1, max-image-preview:large, max-video-preview:-1\" \/>\n<link rel=\"canonical\" href=\"https:\/\/www.allgeier.com\/de\/investor-relations\/share-buyback-2025\/\" \/>\n<meta property=\"og:locale\" content=\"de_DE\" \/>\n<meta property=\"og:type\" content=\"article\" \/>\n<meta property=\"og:title\" content=\"Aktienr\u00fcckkauf 2025\/2026 - Allgeier SE\" \/>\n<meta property=\"og:description\" content=\"Am 18. Dezember 2025 hat der Vorstand der Allgeier SE beschlossen, von der durch die Hauptversammlung am 27. Juni 2025 erteilten Erm\u00e4chtigung gem\u00e4\u00df \u00a7 71 Abs. 1 Nr. 8 AktG zum R\u00fcckkauf eigener Aktien Gebrauch zu machen. Insgesamt sollen im Rahmen eines Aktienr\u00fcckkaufprogramms bis zu 575.080 Aktien der Allgeier SE zur\u00fcckerworben werden, entsprechend einem Anteil &hellip;\" \/>\n<meta property=\"og:url\" content=\"https:\/\/www.allgeier.com\/de\/investor-relations\/share-buyback-2025\/\" \/>\n<meta property=\"og:site_name\" content=\"Allgeier SE\" \/>\n<meta property=\"article:modified_time\" content=\"2026-01-12T15:31:44+00:00\" \/>\n<meta name=\"twitter:card\" content=\"summary_large_image\" \/>\n<meta name=\"twitter:label1\" content=\"Gesch\u00e4tzte Lesezeit\" \/>\n\t<meta name=\"twitter:data1\" content=\"2\u00a0Minuten\" \/>\n<script type=\"application\/ld+json\" class=\"yoast-schema-graph\">{\"@context\":\"https:\\\/\\\/schema.org\",\"@graph\":[{\"@type\":\"WebPage\",\"@id\":\"https:\\\/\\\/www.allgeier.com\\\/de\\\/investor-relations\\\/share-buyback-2025\\\/\",\"url\":\"https:\\\/\\\/www.allgeier.com\\\/de\\\/investor-relations\\\/share-buyback-2025\\\/\",\"name\":\"Aktienr\u00fcckkauf 2025\\\/2026 - Allgeier SE\",\"isPartOf\":{\"@id\":\"https:\\\/\\\/www.allgeier.com\\\/de\\\/#website\"},\"datePublished\":\"2025-12-15T18:11:31+00:00\",\"dateModified\":\"2026-01-12T15:31:44+00:00\",\"breadcrumb\":{\"@id\":\"https:\\\/\\\/www.allgeier.com\\\/de\\\/investor-relations\\\/share-buyback-2025\\\/#breadcrumb\"},\"inLanguage\":\"de\",\"potentialAction\":[{\"@type\":\"ReadAction\",\"target\":[\"https:\\\/\\\/www.allgeier.com\\\/de\\\/investor-relations\\\/share-buyback-2025\\\/\"]}]},{\"@type\":\"BreadcrumbList\",\"@id\":\"https:\\\/\\\/www.allgeier.com\\\/de\\\/investor-relations\\\/share-buyback-2025\\\/#breadcrumb\",\"itemListElement\":[{\"@type\":\"ListItem\",\"position\":1,\"name\":\"Home\",\"item\":\"https:\\\/\\\/www.allgeier.com\\\/de\\\/\"},{\"@type\":\"ListItem\",\"position\":2,\"name\":\"Investor Relations\",\"item\":\"https:\\\/\\\/www.allgeier.com\\\/de\\\/investor-relations\\\/\"},{\"@type\":\"ListItem\",\"position\":3,\"name\":\"Aktienr\u00fcckkauf 2025\\\/2026\"}]},{\"@type\":\"WebSite\",\"@id\":\"https:\\\/\\\/www.allgeier.com\\\/de\\\/#website\",\"url\":\"https:\\\/\\\/www.allgeier.com\\\/de\\\/\",\"name\":\"Allgeier SE\",\"description\":\"Software &amp; IT Services for digital transformation\",\"potentialAction\":[{\"@type\":\"SearchAction\",\"target\":{\"@type\":\"EntryPoint\",\"urlTemplate\":\"https:\\\/\\\/www.allgeier.com\\\/de\\\/?s={search_term_string}\"},\"query-input\":{\"@type\":\"PropertyValueSpecification\",\"valueRequired\":true,\"valueName\":\"search_term_string\"}}],\"inLanguage\":\"de\"}]}<\/script>\n<!-- \/ Yoast SEO plugin. -->","yoast_head_json":{"title":"Aktienr\u00fcckkauf 2025\/2026 - Allgeier SE","robots":{"index":"index","follow":"follow","max-snippet":"max-snippet:-1","max-image-preview":"max-image-preview:large","max-video-preview":"max-video-preview:-1"},"canonical":"https:\/\/www.allgeier.com\/de\/investor-relations\/share-buyback-2025\/","og_locale":"de_DE","og_type":"article","og_title":"Aktienr\u00fcckkauf 2025\/2026 - Allgeier SE","og_description":"Am 18. Dezember 2025 hat der Vorstand der Allgeier SE beschlossen, von der durch die Hauptversammlung am 27. Juni 2025 erteilten Erm\u00e4chtigung gem\u00e4\u00df \u00a7 71 Abs. 1 Nr. 8 AktG zum R\u00fcckkauf eigener Aktien Gebrauch zu machen. Insgesamt sollen im Rahmen eines Aktienr\u00fcckkaufprogramms bis zu 575.080 Aktien der Allgeier SE zur\u00fcckerworben werden, entsprechend einem Anteil &hellip;","og_url":"https:\/\/www.allgeier.com\/de\/investor-relations\/share-buyback-2025\/","og_site_name":"Allgeier SE","article_modified_time":"2026-01-12T15:31:44+00:00","twitter_card":"summary_large_image","twitter_misc":{"Gesch\u00e4tzte Lesezeit":"2\u00a0Minuten"},"schema":{"@context":"https:\/\/schema.org","@graph":[{"@type":"WebPage","@id":"https:\/\/www.allgeier.com\/de\/investor-relations\/share-buyback-2025\/","url":"https:\/\/www.allgeier.com\/de\/investor-relations\/share-buyback-2025\/","name":"Aktienr\u00fcckkauf 2025\/2026 - Allgeier SE","isPartOf":{"@id":"https:\/\/www.allgeier.com\/de\/#website"},"datePublished":"2025-12-15T18:11:31+00:00","dateModified":"2026-01-12T15:31:44+00:00","breadcrumb":{"@id":"https:\/\/www.allgeier.com\/de\/investor-relations\/share-buyback-2025\/#breadcrumb"},"inLanguage":"de","potentialAction":[{"@type":"ReadAction","target":["https:\/\/www.allgeier.com\/de\/investor-relations\/share-buyback-2025\/"]}]},{"@type":"BreadcrumbList","@id":"https:\/\/www.allgeier.com\/de\/investor-relations\/share-buyback-2025\/#breadcrumb","itemListElement":[{"@type":"ListItem","position":1,"name":"Home","item":"https:\/\/www.allgeier.com\/de\/"},{"@type":"ListItem","position":2,"name":"Investor Relations","item":"https:\/\/www.allgeier.com\/de\/investor-relations\/"},{"@type":"ListItem","position":3,"name":"Aktienr\u00fcckkauf 2025\/2026"}]},{"@type":"WebSite","@id":"https:\/\/www.allgeier.com\/de\/#website","url":"https:\/\/www.allgeier.com\/de\/","name":"Allgeier SE","description":"Software &amp; IT Services for digital transformation","potentialAction":[{"@type":"SearchAction","target":{"@type":"EntryPoint","urlTemplate":"https:\/\/www.allgeier.com\/de\/?s={search_term_string}"},"query-input":{"@type":"PropertyValueSpecification","valueRequired":true,"valueName":"search_term_string"}}],"inLanguage":"de"}]}},"_links":{"self":[{"href":"https:\/\/www.allgeier.com\/de\/wp-json\/wp\/v2\/pages\/7435","targetHints":{"allow":["GET"]}}],"collection":[{"href":"https:\/\/www.allgeier.com\/de\/wp-json\/wp\/v2\/pages"}],"about":[{"href":"https:\/\/www.allgeier.com\/de\/wp-json\/wp\/v2\/types\/page"}],"author":[{"embeddable":true,"href":"https:\/\/www.allgeier.com\/de\/wp-json\/wp\/v2\/users\/4"}],"replies":[{"embeddable":true,"href":"https:\/\/www.allgeier.com\/de\/wp-json\/wp\/v2\/comments?post=7435"}],"version-history":[{"count":1,"href":"https:\/\/www.allgeier.com\/de\/wp-json\/wp\/v2\/pages\/7435\/revisions"}],"predecessor-version":[{"id":7470,"href":"https:\/\/www.allgeier.com\/de\/wp-json\/wp\/v2\/pages\/7435\/revisions\/7470"}],"up":[{"embeddable":true,"href":"https:\/\/www.allgeier.com\/de\/wp-json\/wp\/v2\/pages\/1143"}],"wp:attachment":[{"href":"https:\/\/www.allgeier.com\/de\/wp-json\/wp\/v2\/media?parent=7435"}],"wp:term":[{"taxonomy":"category","embeddable":true,"href":"https:\/\/www.allgeier.com\/de\/wp-json\/wp\/v2\/categories?post=7435"},{"taxonomy":"post_tag","embeddable":true,"href":"https:\/\/www.allgeier.com\/de\/wp-json\/wp\/v2\/tags?post=7435"}],"curies":[{"name":"wp","href":"https:\/\/api.w.org\/{rel}","templated":true}]}}