{"id":7568,"date":"2026-03-26T17:13:03","date_gmt":"2026-03-26T17:13:03","guid":{"rendered":"https:\/\/www.allgeier.com\/de\/investor-relations\/adhoc-announcements\/es-26032026\/"},"modified":"2026-03-26T17:13:03","modified_gmt":"2026-03-26T17:13:03","slug":"es-26032026","status":"publish","type":"page","link":"https:\/\/www.allgeier.com\/de\/investor-relations\/adhoc-announcements\/es-26032026\/","title":{"rendered":"es-26032026"},"content":{"rendered":"<table border=\"0\">\n<tr>\n<td>\n<p>ALLGEIER SE \/ Schlagwort(e): Gesch\u00e4ftszahlen \/ Gesamtjahr<\/p>\n<p>Allgeier SE: Allgeier erreicht die Ergebnis-Guidance f\u00fcr 2025 und verst\u00e4rkt die Fokussierung auf KI\u2011basierte Plattformtechnologien und Softwarel\u00f6sungen <\/p>\n<p>26.03.2026 \/ 18:13 CET\/CEST<\/p>\n<p>Ver\u00f6ffentlichung einer Insiderinformation nach Artikel 17 der Verordnung (EU) Nr. 596\/2014, \u00fcbermittelt durch <a href=\"https:\/\/eqs-cockpit.com\/cgi-bin\/fncls.ssp?fn=redirect&amp;url=2be925ac0334ae7b4f51fbaee4a6daf0&amp;application_id=2298802&amp;site_id=airport_aws~~~7cc68db1-74de-43c8-af69-2ae0a97efdc3&amp;application_name=news\">EQS News<\/a> &#8211; ein Service der <a href=\"https:\/\/eqs-cockpit.com\/cgi-bin\/fncls.ssp?fn=redirect&amp;url=f5d50dc7e8798b6eb177f7955e598e60&amp;application_id=2298802&amp;site_id=airport_aws~~~7cc68db1-74de-43c8-af69-2ae0a97efdc3&amp;application_name=news\">EQS Group<\/a>.<\/p>\n<p>F\u00fcr den Inhalt der Mitteilung ist der Emittent \/ Herausgeber verantwortlich.<\/p>\n<hr \/>\n<div>\n<p><i>M\u00fcnchen, 26. M\u00e4rz 2026<\/i> \u2013\u00a0Die Allgeier-Gruppe (Allgeier\u00a0SE, ISIN\u00a0DE000A2GS633, WKN\u00a0A2GS63) erreichte im Gesch\u00e4ftsjahr\u00a02025 die in der Ad-hoc-Mitteilung vom 18.\u00a0Dezember\u00a02025 gemeldete Guidance. Zudem haben wir im Jahr\u00a02025 mit der erfolgreichen Ver\u00e4u\u00dferung unseres Infrastruktur-Managed-Services-Gesch\u00e4fts unser Profil als Anbieter hochwertiger KI\u2011basierter Plattformtechnologien und Softwarel\u00f6sungen zur Digitalisierung von Gesch\u00e4fts\u2011 und Verwaltungsprozessen weiter gesch\u00e4rft. Damit spezialisiert sich die Allgeier\u2011Gruppe im Kerngesch\u00e4ft noch st\u00e4rker auf Konzeption, Entwicklung, Vertrieb und Betreuung komplexer Softwarel\u00f6sungen sowie auf skalierbare KI-basierte Plattform- und Portalans\u00e4tze. Zugleich hat uns diese Transaktion zus\u00e4tzlichen finanziellen Spielraum verschafft, um das organische Wachstum unseres Kerngesch\u00e4fts zu unterst\u00fctzen und es perspektivisch um weitere selektive Akquisitionen zu erg\u00e4nzen. Zur weiteren strategischen Fokussierung hat Allgeier die Ver\u00e4u\u00dferung der publicplan\u00a0GmbH beschlossen und die Gesellschaft in das aufgegebene Gesch\u00e4ft gegliedert.<\/p>\n<p>Gesch\u00e4ftsentwicklung des fortgef\u00fchrten Gesch\u00e4fts im Gesamtjahr 2025<\/p>\n<p>Die Allgeier-Gruppe steigerte im Gesch\u00e4ftsjahr\u00a02025 ohne das im vierten Quartal ver\u00e4u\u00dferte Infrastruktur-Managed-Services-Gesch\u00e4ft und ohne die zur Ver\u00e4u\u00dferung gehaltene publicplan\u00a0GmbH die Gesamtleistung auf 335\u00a0Mio.\u00a0Euro (Vorjahr: 331\u00a0Mio.\u00a0Euro). Die Wertsch\u00f6pfung erreichte mit 124\u00a0Mio.\u00a0Euro das Niveau des Vorjahres (Vorjahr: 124\u00a0Mio.\u00a0Euro). Die Wertsch\u00f6pfungsmarge (Wertsch\u00f6pfung definiert als Verh\u00e4ltnis aus Gesamtleistung und der Gesamtleistung direkt zurechenbaren Umsatz- und Personalkosten) belief sich auf 37,2\u00a0Prozent (Vorjahr: 37,5\u00a0Prozent). Das bereinigte EBITDA (EBITDA vor Effekten, die betriebswirtschaftlich als au\u00dferordentlich oder periodenfremd qualifiziert werden) lag bei 44,8\u00a0Mio.\u00a0Euro (Vorjahr: 45,9\u00a0Mio.\u00a0Euro), entsprechend einer bereinigten EBITDA-Marge von 13,4\u00a0Prozent (Vorjahr: 13,8\u00a0Prozent).<\/p>\n<p>Gesch\u00e4ftsentwicklung des Konzerns im Gesamtjahr 2025<\/p>\n<p>Der Allgeier-Konzern (jeweils einschlie\u00dflich des aufgegebenen Gesch\u00e4fts) erreichte im Gesch\u00e4ftsjahr\u00a02025 eine Gesamtleistung von 400\u00a0Mio.\u00a0Euro (Vorjahr: 457\u00a0Mio.\u00a0Euro). Das bereinigte Konzern-EBITDA lag bei 50,4\u00a0Mio.\u00a0Euro (Vorjahr: 55,8\u00a0Mio.\u00a0Euro).<\/p>\n<p>Eckdaten der Bilanz zum 31. Dezember 2025<\/p>\n<p>Aus der Ver\u00e4u\u00dferung des Infrastruktur-Managed-Services-Gesch\u00e4fts der Allgeier\u00a0IT\u00a0Services erzielte der Konzern einen Mittelzufluss von 75,7\u00a0Mio.\u00a0Euro, der zu einer deutlichen Verbesserung der Bilanzkennziffern f\u00fchrte: Die Nettofinanzverbindlichkeiten konnten signifikant reduziert werden; zugleich hat sich die Eigenkapitalquote deutlich erh\u00f6ht. Gemessen an der Entwicklung der liquiden Mittel in H\u00f6he von 42\u00a0Mio.\u00a0Euro (Vorjahr: 57\u00a0Mio.\u00a0Euro) und der kurz- und langfristigen Finanzschulden von 82\u00a0Mio.\u00a0Euro (Vorjahr: 149\u00a0Mio.\u00a0Euro) sank die Nettoverschuldung im Jahr 2025 deutlich um 52\u00a0Mio.\u00a0Euro. Unter Ber\u00fccksichtigung der nach IFRS\u00a016 zu passivierenden Verbindlichkeiten aus Miet- und Leasingvertr\u00e4gen von 22\u00a0Mio.\u00a0Euro (Vorjahr: 37\u00a0Mio.\u00a0Euro) sowie einem niedrigeren Bestand an ins Factoring gegebenen Kundenforderungen in H\u00f6he von 14 Mio. Euro (Vorjahr: 30 Mio. Euro) reduzierte sich die Nettoverschuldung um 83\u00a0Mio.\u00a0Euro. Die Bilanzsumme lag bei 403\u00a0Mio.\u00a0Euro (Vorjahr: 471\u00a0Mio.\u00a0Euro). Das Eigenkapital erh\u00f6hte sich auf 205\u00a0Mio.\u00a0Euro (Vorjahr: 194\u00a0Mio.\u00a0Euro). Die Eigenkapitalquote stieg auf rund 51\u00a0Prozent (Vorjahr: 41\u00a0Prozent).<\/p>\n<p>Best\u00e4tigung der Guidance 2026<\/p>\n<p>Die Allgeier\u00a0SE best\u00e4tigt Stand heute die Guidance f\u00fcr das Gesch\u00e4ftsjahr\u00a02026, die in der Ad-hoc-Mitteilung vom 18.\u00a0Dezember\u00a02025 ver\u00f6ffentlicht wurde. Aufgrund der Umgliederung der publicplan GmbH in das aufgegebene Gesch\u00e4ft, wurden die Werte f\u00fcr das fortgef\u00fchrte Gesch\u00e4ft entsprechend angepasst. Die derzeitige Planung f\u00fcr das Gesch\u00e4ftsjahr 2026 sieht f\u00fcr das fortgef\u00fchrte Gesch\u00e4ft einen Umsatz in der Gr\u00f6\u00dfenordnung von 350 bis 390\u00a0Mio.\u00a0Euro vor. Das erwartete bereinigte EBITDA des fortgef\u00fchrten Gesch\u00e4fts der Allgeier-Gruppe f\u00fcr 2026 betr\u00e4gt zwischen 47 und 53\u00a0Mio.\u00a0Euro. Die entsprechende bereinigte EBITDA-Marge wird in einer Gr\u00f6\u00dfenordnung von 13,0 bis 13,5 Prozent erwartet. Mittelfristig erwartet der Vorstand f\u00fcr den kommenden F\u00fcnfjahreszeitraum eine durchschnittliche organische Wachstumsrate des Konzernumsatzes von knapp 10 Prozent. Die bereinigte EBITDA-Marge soll innerhalb dieses Zeitraums weiter auf 15\u00a0Prozent anwachsen. Alle Planzahlen und Zielsetzungen f\u00fcr den Zeitraum ab 2026 beziehen sich auf das organische Konzernwachstum. Potenzielle weitere Akquisitionen werden einen zus\u00e4tzlichen Beitrag zum Umsatz- und Ergebniswachstum leisten.<\/p>\n<p>Hinweise<\/p>\n<p>Der Gesch\u00e4ftsbericht 2025 der Allgeier\u00a0SE wird am 31.\u00a0M\u00e4rz\u00a02026 ver\u00f6ffentlicht und ist dann unter www.allgeier.com einzusehen.<\/p>\n<p>Das Gesch\u00e4ft der im vierten Quartal\u00a02025 ver\u00e4u\u00dferten Allgeier IT Services\u00a0GmbH sowie der zur Ver\u00e4u\u00dferung vorgesehenen publicplan\u00a0GmbH wurde im Berichtsjahr 2025 sowie im Vergleichsjahr 2024 in das aufgegebene Gesch\u00e4ft gegliedert. Das aufgegebene Gesch\u00e4ft des Vergleichsjahres 2024 enth\u00e4lt zudem das Gesch\u00e4ft der im Gesch\u00e4ftsjahr\u00a02024 ver\u00e4u\u00dferten Allgeier Experts Holding\u00a0GmbH und ihrer Tochtergesellschaften. Die Angaben zum fortgef\u00fchrten Gesch\u00e4ft des Allgeier-Konzerns wurden f\u00fcr die Gesch\u00e4ftsjahre\u00a02024 und 2025 entsprechend angepasst und sind nicht mit fr\u00fcheren Ver\u00f6ffentlichungen vergleichbar.<\/p>\n<p>\u00a0<\/p>\n<p>Kontakt:<\/p>\n<p>Allgeier SE<br \/>\nInvestor Relations<br \/>\nDr. Christopher Gro\u00dfe<br \/>\nMontgelasstra\u00dfe 14<br \/>\n81679 M\u00fcnchen<br \/>\nTel.: +49 (0)89\/998421-0<br \/>\nFax: +49 (0)89\/998421-11<br \/>\nE-Mail: <a href=\"mailto:ir@allgeier.com\">ir@allgeier.com<\/a><br \/>\nWeb: <a href=\"https:\/\/eqs-cockpit.com\/cgi-bin\/fncls.ssp?fn=redirect&amp;url=fba671096fad4fab9ee591bdc0d038d4&amp;application_id=2298802&amp;site_id=airport_aws~~~7cc68db1-74de-43c8-af69-2ae0a97efdc3&amp;application_name=news\">www.allgeier.com<\/a><br \/>\n\u00a0<\/p>\n<p>Allgeier ist ein Technologie-Unternehmen f\u00fcr digitale Transformation. Die zur Allgeier-Gruppe geh\u00f6renden Unternehmen unterst\u00fctzen ihre mehr als 2.500\u00a0Kunden im In- und Ausland mit modernen Softwarel\u00f6sungen, KI-Plattformtechnologien und umfassenden Services bei den Herausforderungen des digitalen Wandels sowie der Digitalisierung und Transformation gesch\u00e4fts- und verwaltungskritischer Prozesse. Die breite und stabile Kundenbasis besteht aus global agierenden Konzernen, leistungsstarken mittelst\u00e4ndischen Unternehmen sowie Auftraggebern des \u00f6ffentlichen Sektors auf allen f\u00f6deralen Ebenen. Das Leistungsportfolio reicht von eigenen Software-Produkten und KI-Plattform- und -Portalarchitekturen \u00fcber High-End-Softwareentwicklung, Beratung und Konzeption von Digitalisierungsl\u00f6sungen bis hin zur langfristigen Betreuung von Softwareanwendungen in der Cloud oder anderen Umgebungen. In den beiden Konzernsegmenten Enterprise IT und mgm technology partners sind rund 2.600\u00a0Mitarbeiter an weltweit insgesamt 46\u00a0Standorten in der DACH-Region, in Frankreich, Spanien, Portugal, Polen, Tschechien und den Niederlanden sowie in Indien, Vietnam und den USA t\u00e4tig. Im Gesch\u00e4ftsjahr\u00a02025 erzielte Allgeier im fortgef\u00fchrten Gesch\u00e4ft eine Gesamtleistung von 335\u00a0Mio.\u00a0Euro. Gem\u00e4\u00df L\u00fcnendonk\u00ae-Liste\u00a02025 z\u00e4hlt Allgeier zu den f\u00fchrenden IT-Beratungs- und Systemintegrations-Unternehmen in Deutschland und belegt den ersten Platz auf der L\u00fcnendonk\u00ae-Liste\u00a02025 \u201eF\u00fchrende mittelst\u00e4ndische IT-Beratungs- und Systemintegrations-Unternehmen in Deutschland\u201c. Allgeier\u00a0SE ist am Regulierten Markt der Frankfurter Wertpapierb\u00f6rse im General Standard gelistet (WKN\u00a0A2GS63, ISIN\u00a0DE000A2GS633). Weitere Informationen unter: www.allgeier.com<\/p>\n<\/div>\n<p>Ende der Insiderinformation<\/p>\n<hr \/>\n<p>\n26.03.2026 CET\/CEST Die EQS Distributionsservices umfassen gesetzliche Meldepflichten, Corporate News\/Finanznachrichten und Pressemitteilungen.<\/p>\n<hr \/>\n<\/td>\n<\/tr>\n<\/table>\n<table>\n<tr>\n<td align=\"left\" valign=\"top\">Sprache:<\/td>\n<td align=\"left\" valign=\"top\">Deutsch<\/td>\n<\/tr>\n<tr>\n<td align=\"left\" valign=\"top\">Unternehmen:<\/td>\n<td align=\"left\" valign=\"top\">ALLGEIER SE<\/td>\n<\/tr>\n<tr>\n<td align=\"left\" valign=\"top\" \/>\n<td align=\"left\" valign=\"top\">Montgelasstr. 14<\/td>\n<\/tr>\n<tr>\n<td align=\"left\" valign=\"top\" \/>\n<td align=\"left\" valign=\"top\">81679 M\u00fcnchen<\/td>\n<\/tr>\n<tr>\n<td align=\"left\" valign=\"top\" \/>\n<td align=\"left\" valign=\"top\">Deutschland<\/td>\n<\/tr>\n<tr>\n<td align=\"left\" valign=\"top\">Telefon:<\/td>\n<td align=\"left\" valign=\"top\">+49 (0) 89 &#8211; 99 84 21 0<\/td>\n<\/tr>\n<tr>\n<td align=\"left\" valign=\"top\">Fax:<\/td>\n<td align=\"left\" valign=\"top\">+49 (0) 89 &#8211; 99 84 21 11<\/td>\n<\/tr>\n<tr>\n<td align=\"left\" valign=\"top\">E-Mail:<\/td>\n<td align=\"left\" valign=\"top\">info@allgeier.com<\/td>\n<\/tr>\n<tr>\n<td align=\"left\" valign=\"top\">Internet:<\/td>\n<td align=\"left\" valign=\"top\">http:\/\/www.allgeier.com<\/td>\n<\/tr>\n<tr>\n<td align=\"left\" valign=\"top\">ISIN:<\/td>\n<td align=\"left\" valign=\"top\">DE000A2GS633<\/td>\n<\/tr>\n<tr>\n<td align=\"left\" valign=\"top\">WKN:<\/td>\n<td align=\"left\" valign=\"top\">A2GS63<\/td>\n<\/tr>\n<tr>\n<td align=\"left\" valign=\"top\">Indizes:<\/td>\n<td align=\"left\" valign=\"top\">CDAX<\/td>\n<\/tr>\n<tr>\n<td align=\"left\" valign=\"top\">B\u00f6rsen:<\/td>\n<td align=\"left\" valign=\"top\">Regulierter Markt in Frankfurt (General Standard); Freiverkehr in D\u00fcsseldorf, Hamburg, Stuttgart, Tradegate BSX<\/td>\n<\/tr>\n<tr>\n<td align=\"left\" valign=\"top\">EQS News ID:<\/td>\n<td align=\"left\" valign=\"top\">2298802<\/td>\n<\/tr>\n<\/table>\n<p><\/p>\n<table border=\"0\">\n<tr>\n<td align=\"left\" valign=\"top\" colspan=\"2\" \/>\n<\/tr>\n<\/table>\n<table border=\"0\">\n<tr>\n<td align=\"left\" valign=\"top\" colspan=\"2\">\u00a0<\/td>\n<\/tr>\n<tr>\n<td align=\"left\" valign=\"top\">Ende der Mitteilung<\/td>\n<td align=\"left\" valign=\"top\">EQS News-Service<\/td>\n<\/tr>\n<\/table>\n<table border=\"0\">\n<tr>\n<td>\n<hr \/>\n<\/td>\n<\/tr>\n<\/table>\n<div>\n<p>2298802\u00a0\u00a026.03.2026\u00a0CET\/CEST<\/p>\n<\/div>\n<p><img loading=\"lazy\" decoding=\"async\" src=\"https:\/\/eqs-cockpit.com\/cgi-bin\/fncls.ssp?fn=show_t_gif&amp;application_id=2298802&amp;application_name=news&amp;site_id=airport_aws~~~7cc68db1-74de-43c8-af69-2ae0a97efdc3\" alt=\"\" width=\"0\" height=\"0\" border=\"0\" \/><\/p>\n","protected":false},"excerpt":{"rendered":"<p>ALLGEIER SE \/ Schlagwort(e): Gesch\u00e4ftszahlen \/ Gesamtjahr Allgeier SE: Allgeier erreicht die Ergebnis-Guidance f\u00fcr 2025 und verst\u00e4rkt die Fokussierung auf KI\u2011basierte Plattformtechnologien und Softwarel\u00f6sungen 26.03.2026 \/ 18:13 CET\/CEST Ver\u00f6ffentlichung einer Insiderinformation nach Artikel 17 der Verordnung (EU) Nr. 596\/2014, \u00fcbermittelt durch EQS News &#8211; ein Service der EQS Group. F\u00fcr den Inhalt der Mitteilung ist &hellip; <\/p>\n","protected":false},"author":1,"featured_media":0,"parent":1155,"menu_order":0,"comment_status":"closed","ping_status":"closed","template":"","meta":{"_acf_changed":false,"footnotes":""},"categories":[],"tags":[],"class_list":["post-7568","page","type-page","status-publish","hentry"],"acf":[],"yoast_head":"<!-- This site is optimized with the Yoast SEO plugin v27.4 - https:\/\/yoast.com\/product\/yoast-seo-wordpress\/ -->\n<title>es-26032026 - Allgeier SE<\/title>\n<meta name=\"robots\" content=\"index, follow, max-snippet:-1, max-image-preview:large, max-video-preview:-1\" \/>\n<link rel=\"canonical\" href=\"https:\/\/www.allgeier.com\/de\/investor-relations\/adhoc-announcements\/es-26032026\/\" \/>\n<meta property=\"og:locale\" content=\"de_DE\" \/>\n<meta property=\"og:type\" content=\"article\" \/>\n<meta property=\"og:title\" content=\"es-26032026 - Allgeier SE\" \/>\n<meta property=\"og:description\" content=\"ALLGEIER SE \/ Schlagwort(e): Gesch\u00e4ftszahlen \/ Gesamtjahr Allgeier SE: Allgeier erreicht die Ergebnis-Guidance f\u00fcr 2025 und verst\u00e4rkt die Fokussierung auf KI\u2011basierte Plattformtechnologien und Softwarel\u00f6sungen 26.03.2026 \/ 18:13 CET\/CEST Ver\u00f6ffentlichung einer Insiderinformation nach Artikel 17 der Verordnung (EU) Nr. 596\/2014, \u00fcbermittelt durch EQS News &#8211; ein Service der EQS Group. F\u00fcr den Inhalt der Mitteilung ist &hellip;\" \/>\n<meta property=\"og:url\" content=\"https:\/\/www.allgeier.com\/de\/investor-relations\/adhoc-announcements\/es-26032026\/\" \/>\n<meta property=\"og:site_name\" content=\"Allgeier SE\" \/>\n<meta property=\"og:image\" content=\"https:\/\/eqs-cockpit.com\/cgi-bin\/fncls.ssp?fn=show_t_gif&amp;application_id=2298802&amp;application_name=news&amp;site_id=airport_aws~~~7cc68db1-74de-43c8-af69-2ae0a97efdc3\" \/>\n<meta name=\"twitter:card\" content=\"summary_large_image\" \/>\n<meta name=\"twitter:label1\" content=\"Gesch\u00e4tzte Lesezeit\" \/>\n\t<meta name=\"twitter:data1\" content=\"6\u00a0Minuten\" \/>\n<script type=\"application\/ld+json\" class=\"yoast-schema-graph\">{\"@context\":\"https:\\\/\\\/schema.org\",\"@graph\":[{\"@type\":\"WebPage\",\"@id\":\"https:\\\/\\\/www.allgeier.com\\\/de\\\/investor-relations\\\/adhoc-announcements\\\/es-26032026\\\/\",\"url\":\"https:\\\/\\\/www.allgeier.com\\\/de\\\/investor-relations\\\/adhoc-announcements\\\/es-26032026\\\/\",\"name\":\"es-26032026 - Allgeier SE\",\"isPartOf\":{\"@id\":\"https:\\\/\\\/www.allgeier.com\\\/de\\\/#website\"},\"primaryImageOfPage\":{\"@id\":\"https:\\\/\\\/www.allgeier.com\\\/de\\\/investor-relations\\\/adhoc-announcements\\\/es-26032026\\\/#primaryimage\"},\"image\":{\"@id\":\"https:\\\/\\\/www.allgeier.com\\\/de\\\/investor-relations\\\/adhoc-announcements\\\/es-26032026\\\/#primaryimage\"},\"thumbnailUrl\":\"https:\\\/\\\/eqs-cockpit.com\\\/cgi-bin\\\/fncls.ssp?fn=show_t_gif&amp;application_id=2298802&amp;application_name=news&amp;site_id=airport_aws~~~7cc68db1-74de-43c8-af69-2ae0a97efdc3\",\"datePublished\":\"2026-03-26T17:13:03+00:00\",\"breadcrumb\":{\"@id\":\"https:\\\/\\\/www.allgeier.com\\\/de\\\/investor-relations\\\/adhoc-announcements\\\/es-26032026\\\/#breadcrumb\"},\"inLanguage\":\"de\",\"potentialAction\":[{\"@type\":\"ReadAction\",\"target\":[\"https:\\\/\\\/www.allgeier.com\\\/de\\\/investor-relations\\\/adhoc-announcements\\\/es-26032026\\\/\"]}]},{\"@type\":\"ImageObject\",\"inLanguage\":\"de\",\"@id\":\"https:\\\/\\\/www.allgeier.com\\\/de\\\/investor-relations\\\/adhoc-announcements\\\/es-26032026\\\/#primaryimage\",\"url\":\"https:\\\/\\\/eqs-cockpit.com\\\/cgi-bin\\\/fncls.ssp?fn=show_t_gif&amp;application_id=2298802&amp;application_name=news&amp;site_id=airport_aws~~~7cc68db1-74de-43c8-af69-2ae0a97efdc3\",\"contentUrl\":\"https:\\\/\\\/eqs-cockpit.com\\\/cgi-bin\\\/fncls.ssp?fn=show_t_gif&amp;application_id=2298802&amp;application_name=news&amp;site_id=airport_aws~~~7cc68db1-74de-43c8-af69-2ae0a97efdc3\"},{\"@type\":\"BreadcrumbList\",\"@id\":\"https:\\\/\\\/www.allgeier.com\\\/de\\\/investor-relations\\\/adhoc-announcements\\\/es-26032026\\\/#breadcrumb\",\"itemListElement\":[{\"@type\":\"ListItem\",\"position\":1,\"name\":\"Home\",\"item\":\"https:\\\/\\\/www.allgeier.com\\\/de\\\/\"},{\"@type\":\"ListItem\",\"position\":2,\"name\":\"Investor Relations\",\"item\":\"https:\\\/\\\/www.allgeier.com\\\/de\\\/investor-relations\\\/\"},{\"@type\":\"ListItem\",\"position\":3,\"name\":\"Ad hoc-Mitteilungen\",\"item\":\"https:\\\/\\\/www.allgeier.com\\\/de\\\/investor-relations\\\/adhoc-announcements\\\/\"},{\"@type\":\"ListItem\",\"position\":4,\"name\":\"es-26032026\"}]},{\"@type\":\"WebSite\",\"@id\":\"https:\\\/\\\/www.allgeier.com\\\/de\\\/#website\",\"url\":\"https:\\\/\\\/www.allgeier.com\\\/de\\\/\",\"name\":\"Allgeier SE\",\"description\":\"Software &amp; IT Services for digital transformation\",\"potentialAction\":[{\"@type\":\"SearchAction\",\"target\":{\"@type\":\"EntryPoint\",\"urlTemplate\":\"https:\\\/\\\/www.allgeier.com\\\/de\\\/?s={search_term_string}\"},\"query-input\":{\"@type\":\"PropertyValueSpecification\",\"valueRequired\":true,\"valueName\":\"search_term_string\"}}],\"inLanguage\":\"de\"}]}<\/script>\n<!-- \/ Yoast SEO plugin. -->","yoast_head_json":{"title":"es-26032026 - Allgeier SE","robots":{"index":"index","follow":"follow","max-snippet":"max-snippet:-1","max-image-preview":"max-image-preview:large","max-video-preview":"max-video-preview:-1"},"canonical":"https:\/\/www.allgeier.com\/de\/investor-relations\/adhoc-announcements\/es-26032026\/","og_locale":"de_DE","og_type":"article","og_title":"es-26032026 - Allgeier SE","og_description":"ALLGEIER SE \/ Schlagwort(e): Gesch\u00e4ftszahlen \/ Gesamtjahr Allgeier SE: Allgeier erreicht die Ergebnis-Guidance f\u00fcr 2025 und verst\u00e4rkt die Fokussierung auf KI\u2011basierte Plattformtechnologien und Softwarel\u00f6sungen 26.03.2026 \/ 18:13 CET\/CEST Ver\u00f6ffentlichung einer Insiderinformation nach Artikel 17 der Verordnung (EU) Nr. 596\/2014, \u00fcbermittelt durch EQS News &#8211; ein Service der EQS Group. F\u00fcr den Inhalt der Mitteilung ist &hellip;","og_url":"https:\/\/www.allgeier.com\/de\/investor-relations\/adhoc-announcements\/es-26032026\/","og_site_name":"Allgeier SE","og_image":[{"url":"https:\/\/eqs-cockpit.com\/cgi-bin\/fncls.ssp?fn=show_t_gif&amp;application_id=2298802&amp;application_name=news&amp;site_id=airport_aws~~~7cc68db1-74de-43c8-af69-2ae0a97efdc3","type":"","width":"","height":""}],"twitter_card":"summary_large_image","twitter_misc":{"Gesch\u00e4tzte Lesezeit":"6\u00a0Minuten"},"schema":{"@context":"https:\/\/schema.org","@graph":[{"@type":"WebPage","@id":"https:\/\/www.allgeier.com\/de\/investor-relations\/adhoc-announcements\/es-26032026\/","url":"https:\/\/www.allgeier.com\/de\/investor-relations\/adhoc-announcements\/es-26032026\/","name":"es-26032026 - Allgeier SE","isPartOf":{"@id":"https:\/\/www.allgeier.com\/de\/#website"},"primaryImageOfPage":{"@id":"https:\/\/www.allgeier.com\/de\/investor-relations\/adhoc-announcements\/es-26032026\/#primaryimage"},"image":{"@id":"https:\/\/www.allgeier.com\/de\/investor-relations\/adhoc-announcements\/es-26032026\/#primaryimage"},"thumbnailUrl":"https:\/\/eqs-cockpit.com\/cgi-bin\/fncls.ssp?fn=show_t_gif&amp;application_id=2298802&amp;application_name=news&amp;site_id=airport_aws~~~7cc68db1-74de-43c8-af69-2ae0a97efdc3","datePublished":"2026-03-26T17:13:03+00:00","breadcrumb":{"@id":"https:\/\/www.allgeier.com\/de\/investor-relations\/adhoc-announcements\/es-26032026\/#breadcrumb"},"inLanguage":"de","potentialAction":[{"@type":"ReadAction","target":["https:\/\/www.allgeier.com\/de\/investor-relations\/adhoc-announcements\/es-26032026\/"]}]},{"@type":"ImageObject","inLanguage":"de","@id":"https:\/\/www.allgeier.com\/de\/investor-relations\/adhoc-announcements\/es-26032026\/#primaryimage","url":"https:\/\/eqs-cockpit.com\/cgi-bin\/fncls.ssp?fn=show_t_gif&amp;application_id=2298802&amp;application_name=news&amp;site_id=airport_aws~~~7cc68db1-74de-43c8-af69-2ae0a97efdc3","contentUrl":"https:\/\/eqs-cockpit.com\/cgi-bin\/fncls.ssp?fn=show_t_gif&amp;application_id=2298802&amp;application_name=news&amp;site_id=airport_aws~~~7cc68db1-74de-43c8-af69-2ae0a97efdc3"},{"@type":"BreadcrumbList","@id":"https:\/\/www.allgeier.com\/de\/investor-relations\/adhoc-announcements\/es-26032026\/#breadcrumb","itemListElement":[{"@type":"ListItem","position":1,"name":"Home","item":"https:\/\/www.allgeier.com\/de\/"},{"@type":"ListItem","position":2,"name":"Investor Relations","item":"https:\/\/www.allgeier.com\/de\/investor-relations\/"},{"@type":"ListItem","position":3,"name":"Ad hoc-Mitteilungen","item":"https:\/\/www.allgeier.com\/de\/investor-relations\/adhoc-announcements\/"},{"@type":"ListItem","position":4,"name":"es-26032026"}]},{"@type":"WebSite","@id":"https:\/\/www.allgeier.com\/de\/#website","url":"https:\/\/www.allgeier.com\/de\/","name":"Allgeier SE","description":"Software &amp; IT Services for digital transformation","potentialAction":[{"@type":"SearchAction","target":{"@type":"EntryPoint","urlTemplate":"https:\/\/www.allgeier.com\/de\/?s={search_term_string}"},"query-input":{"@type":"PropertyValueSpecification","valueRequired":true,"valueName":"search_term_string"}}],"inLanguage":"de"}]}},"_links":{"self":[{"href":"https:\/\/www.allgeier.com\/de\/wp-json\/wp\/v2\/pages\/7568","targetHints":{"allow":["GET"]}}],"collection":[{"href":"https:\/\/www.allgeier.com\/de\/wp-json\/wp\/v2\/pages"}],"about":[{"href":"https:\/\/www.allgeier.com\/de\/wp-json\/wp\/v2\/types\/page"}],"author":[{"embeddable":true,"href":"https:\/\/www.allgeier.com\/de\/wp-json\/wp\/v2\/users\/1"}],"replies":[{"embeddable":true,"href":"https:\/\/www.allgeier.com\/de\/wp-json\/wp\/v2\/comments?post=7568"}],"version-history":[{"count":0,"href":"https:\/\/www.allgeier.com\/de\/wp-json\/wp\/v2\/pages\/7568\/revisions"}],"up":[{"embeddable":true,"href":"https:\/\/www.allgeier.com\/de\/wp-json\/wp\/v2\/pages\/1155"}],"wp:attachment":[{"href":"https:\/\/www.allgeier.com\/de\/wp-json\/wp\/v2\/media?parent=7568"}],"wp:term":[{"taxonomy":"category","embeddable":true,"href":"https:\/\/www.allgeier.com\/de\/wp-json\/wp\/v2\/categories?post=7568"},{"taxonomy":"post_tag","embeddable":true,"href":"https:\/\/www.allgeier.com\/de\/wp-json\/wp\/v2\/tags?post=7568"}],"curies":[{"name":"wp","href":"https:\/\/api.w.org\/{rel}","templated":true}]}}