{"id":7643,"date":"2026-05-11T15:21:24","date_gmt":"2026-05-11T15:21:24","guid":{"rendered":"https:\/\/www.allgeier.com\/de\/investor-relations\/adhoc-announcements\/es-11052026\/"},"modified":"2026-05-11T15:21:24","modified_gmt":"2026-05-11T15:21:24","slug":"es-11052026","status":"publish","type":"page","link":"https:\/\/www.allgeier.com\/de\/investor-relations\/adhoc-announcements\/es-11052026\/","title":{"rendered":"es-11052026"},"content":{"rendered":"<table border=\"0\">\n<tr>\n<td>\n<p>ALLGEIER SE \/ Schlagwort(e): Gesch\u00e4ftszahlen \/ Quartal\/Dividenden<\/p>\n<p>Allgeier SE: Allgeier erh\u00f6ht den Umsatz im ersten Quartal 2026 um 9 Prozent und schl\u00e4gt eine Dividende in H\u00f6he von 1,00 Euro je Aktie vor <\/p>\n<p>11.05.2026 \/ 17:21 CET\/CEST<\/p>\n<p>Ver\u00f6ffentlichung einer Insiderinformation nach Artikel 17 der Verordnung (EU) Nr. 596\/2014, \u00fcbermittelt durch <a href=\"https:\/\/eqs-cockpit.com\/cgi-bin\/fncls.ssp?fn=redirect&amp;url=2be925ac0334ae7b4f51fbaee4a6daf0&amp;application_id=2325416&amp;site_id=airport_aws~~~7cc68db1-74de-43c8-af69-2ae0a97efdc3&amp;application_name=news\">EQS News<\/a> &#8211; ein Service der <a href=\"https:\/\/eqs-cockpit.com\/cgi-bin\/fncls.ssp?fn=redirect&amp;url=f5d50dc7e8798b6eb177f7955e598e60&amp;application_id=2325416&amp;site_id=airport_aws~~~7cc68db1-74de-43c8-af69-2ae0a97efdc3&amp;application_name=news\">EQS Group<\/a>.<\/p>\n<p>F\u00fcr den Inhalt der Mitteilung ist der Emittent \/ Herausgeber verantwortlich.<\/p>\n<hr \/>\n<div>\n<p><i>M\u00fcnchen, 11.05.2026<\/i> \u2013 Allgeier SE (ISIN DE000A2GS633, WKN A2GS63) erzielt im ersten Quartal 2026 (01. Januar 2026 \u2013 31. M\u00e4rz 2026) gem\u00e4\u00df vorl\u00e4ufigen Zahlen im fortgef\u00fchrten Gesch\u00e4ft einen Umsatz von 87\u00a0Mio.\u00a0Euro (Vorjahr: 79\u00a0Mio.\u00a0Euro). Dies entspricht einer Erh\u00f6hung um 9\u00a0Prozent.<\/p>\n<p>Die Wertsch\u00f6pfung (definiert als Gesamtleistung abz\u00fcglich der den Ums\u00e4tzen direkt zurechenbaren Umsatz- und Personalkosten) betrug im fortgef\u00fchrten Gesch\u00e4ft des Konzerns im ersten Quartal 30\u00a0Mio.\u00a0Euro (Vorjahr: 28\u00a0Mio.\u00a0Euro). Die Wertsch\u00f6pfungsmarge belief sich entsprechend auf 34\u00a0Prozent (Vorjahr: 35\u00a0Prozent). Das bereinigte EBITDA (EBITDA vor Effekten, die betriebswirtschaftlich als au\u00dferordentlich oder periodenfremd qualifiziert werden) belief sich auf 9,1\u00a0Mio.\u00a0Euro (Vorjahr: 8,9\u00a0Mio.\u00a0Euro), entsprechend einer bereinigten EBITDA-Marge von 10,3\u00a0Prozent (Vorjahr: 11,0\u00a0Prozent). Im ersten Quartal\u00a02026 sind im fortgef\u00fchrten Gesch\u00e4ft des Allgeier-Konzerns au\u00dferordentliche Kosten in H\u00f6he von rund 0,7\u00a0Mio.\u00a0Euro angefallen. Das berichtete EBITDA lag entsprechend bei 8,4\u00a0Mio.\u00a0Euro (Vorjahr: 8,5\u00a0Mio.\u00a0Euro). Das EBIT belief sich auf 2,7\u00a0Mio.\u00a0Euro (Vorjahr: 3,1\u00a0Mio.\u00a0Euro). Das Ergebnis vor Steuern erh\u00f6hte sich auf 1,4\u00a0Mio.\u00a0Euro (Vorjahr: 0,8\u00a0Mio.\u00a0Euro).<\/p>\n<p>Eckdaten der Bilanz zum 31. M\u00e4rz 2026<\/p>\n<p>Zum Bilanzstichtag 31.\u00a0M\u00e4rz\u00a02026 betrug das Konzern-Eigenkapital 194\u00a0Mio.\u00a0Euro (31.\u00a0Dezember\u00a02025:\u00a0205\u00a0Mio.\u00a0Euro). Dem Allgeier-Konzern standen zum Ende des ersten Quartals 2026 liquide Mittel in H\u00f6he von 33\u00a0Mio.\u00a0Euro zur Verf\u00fcgung (31. Dezember 2025: 42\u00a0Mio.\u00a0Euro). Ein Betrag von ca. 7 Mio. Euro wurde im ersten Quartal 2026 zum Erwerb von eigenen Aktien genutzt. Der Bestand an eigenen Aktien betrug zum 31. M\u00e4rz 2026 391.590 St\u00fcck (3,25 Prozent des Grundkapitals). Die verzinslichen Finanzschulden (ohne Verbindlichkeiten aus Miet- und Leasingvertr\u00e4gen) beliefen sich zum 31. M\u00e4rz 2026 auf 88 Mio.\u00a0Euro (31. Dezember\u00a02025: 82\u00a0Mio.\u00a0Euro). Die Inanspruchnahme des Factorings betrug 15\u00a0Mio. Euro (Vorjahr: 14\u00a0Mio.\u00a0Euro). Die Nettoverschuldung des Allgeier-Konzerns als Ergebnis aus verzinslichen Finanzschulden abz\u00fcglich liquider Mittel (ohne Verbindlichkeiten aus den gefactorten Rechnungen) lag zum Ende des ersten Quartals bei 55\u00a0Mio.\u00a0Euro (31.\u00a0Dezember 2025: 40\u00a0Mio. Euro). Die Bilanzsumme betrug zum Stichtag 402\u00a0Mio.\u00a0Euro (31.\u00a0Dezember 2025: 403\u00a0Mio. Euro).<\/p>\n<p>Gewinnverwendung<\/p>\n<p>Vorstand und Aufsichtsrat haben beschlossen, der Hauptversammlung die Zahlung einer Dividende von insgesamt 1,00 Euro je berechtigter Aktie aus dem Bilanzgewinn der Allgeier SE per 31.\u00a0Dezember 2025 vorzuschlagen. Hintergrund der Erh\u00f6hung der in den Vorjahren ausgesch\u00fctteten Dividende von 0,50 Euro je Aktie um weitere 0,50 Euro ist der erfolgreiche Verkauf des IT-Infrastruktur-Managed-Service-Gesch\u00e4fts im Gesch\u00e4ftsjahr 2025. Der Verkauf hat einen Cash-Zufluss von ca. 76 Mio. Euro eingebracht, der \u00fcberwiegend zur Reduzierung der Verschuldung verwendet wurde. Die Hauptversammlung der Allgeier SE findet am 30.\u00a0Juni\u00a02026 in M\u00fcnchen statt.<\/p>\n<p>Best\u00e4tigung der Guidance 2026<\/p>\n<p>Die Allgeier\u00a0SE best\u00e4tigt Stand heute die Guidance f\u00fcr das Gesch\u00e4ftsjahr\u00a02026, die in der Ad-hoc-Mitteilung vom 26.\u00a0M\u00e4rz\u00a02026 und im Gesch\u00e4ftsbericht\u00a02025 ver\u00f6ffentlicht wurde.<\/p>\n<p>Hinweise<\/p>\n<p>Die Gesch\u00e4ftszahlen f\u00fcr das erste Quartal 2026 werden im Einzelnen in der freiwilligen Zwischeninformation f\u00fcr den Allgeier-Konzern dargestellt, die am 15.\u00a0Mai\u00a02026 ver\u00f6ffentlicht wird.<\/p>\n<p>\u00a0<\/p>\n<p>Kontakt:<\/p>\n<p>Allgeier SE<br \/>\nInvestor Relations<br \/>\nDr. Christopher Gro\u00dfe<br \/>\nMontgelasstra\u00dfe 14<br \/>\n81679 M\u00fcnchen<br \/>\nTel.: +49 (0)89\/998421-0<br \/>\nFax: +49 (0)89\/998421-11<br \/>\nE-Mail: <a href=\"mailto:ir@allgeier.com\">ir@allgeier.com<\/a><br \/>\nWeb: <a href=\"https:\/\/eqs-cockpit.com\/cgi-bin\/fncls.ssp?fn=redirect&amp;url=fba671096fad4fab9ee591bdc0d038d4&amp;application_id=2325416&amp;site_id=airport_aws~~~7cc68db1-74de-43c8-af69-2ae0a97efdc3&amp;application_name=news\">www.allgeier.com<\/a><\/p>\n<p>\u00a0<\/p>\n<p>Allgeier ist ein Technologie-Unternehmen f\u00fcr digitale Transformation. Die zur Allgeier-Gruppe geh\u00f6renden Unternehmen unterst\u00fctzen ihre mehr als 2.500\u00a0Kunden im In- und Ausland mit modernen Softwarel\u00f6sungen, KI-Plattformtechnologien und umfassenden Services bei den Herausforderungen des digitalen Wandels sowie der Digitalisierung und Transformation gesch\u00e4fts- und verwaltungskritischer Prozesse. Die breite und stabile Kundenbasis besteht aus global agierenden Konzernen, leistungsstarken mittelst\u00e4ndischen Unternehmen sowie Auftraggebern des \u00f6ffentlichen Sektors auf allen f\u00f6deralen Ebenen. Das Leistungsportfolio reicht von eigenen Software-Produkten und KI-Plattform- und -Portalarchitekturen \u00fcber High-End-Softwareentwicklung, Beratung und Konzeption von Digitalisierungsl\u00f6sungen bis hin zur langfristigen Betreuung von Softwareanwendungen in der Cloud oder anderen Umgebungen. In den beiden Konzernsegmenten Enterprise IT und mgm technology partners sind rund 2.600\u00a0Mitarbeiter an weltweit insgesamt 46\u00a0Standorten in der DACH-Region, in Frankreich, Spanien, Portugal, Polen, Tschechien und den Niederlanden sowie in Indien, Vietnam und den USA t\u00e4tig. Im Gesch\u00e4ftsjahr\u00a02025 erzielte Allgeier im fortgef\u00fchrten Gesch\u00e4ft eine Gesamtleistung von 335\u00a0Mio.\u00a0Euro. Gem\u00e4\u00df L\u00fcnendonk\u00ae-Liste\u00a02025 z\u00e4hlt Allgeier zu den f\u00fchrenden IT-Beratungs- und Systemintegrations-Unternehmen in Deutschland und belegt den ersten Platz auf der L\u00fcnendonk\u00ae-Liste\u00a02025 \u201eF\u00fchrende mittelst\u00e4ndische IT-Beratungs- und Systemintegrations-Unternehmen in Deutschland\u201c. Allgeier\u00a0SE ist am Regulierten Markt der Frankfurter Wertpapierb\u00f6rse im General Standard gelistet (WKN\u00a0A2GS63, ISIN\u00a0DE000A2GS633). Weitere Informationen unter: <a href=\"https:\/\/eqs-cockpit.com\/cgi-bin\/fncls.ssp?fn=redirect&amp;url=fba671096fad4fab9ee591bdc0d038d4&amp;application_id=2325416&amp;site_id=airport_aws~~~7cc68db1-74de-43c8-af69-2ae0a97efdc3&amp;application_name=news\">www.allgeier.com<\/a><\/p>\n<\/div>\n<p>Ende der Insiderinformation<\/p>\n<hr \/>\n<p>\n11.05.2026 CET\/CEST Die EQS Distributionsservices umfassen gesetzliche Meldepflichten, Corporate News\/Finanznachrichten und Pressemitteilungen.<\/p>\n<hr \/>\n<\/td>\n<\/tr>\n<\/table>\n<table>\n<tr>\n<td align=\"left\" valign=\"top\">Sprache:<\/td>\n<td align=\"left\" valign=\"top\">Deutsch<\/td>\n<\/tr>\n<tr>\n<td align=\"left\" valign=\"top\">Unternehmen:<\/td>\n<td align=\"left\" valign=\"top\">ALLGEIER SE<\/td>\n<\/tr>\n<tr>\n<td align=\"left\" valign=\"top\" \/>\n<td align=\"left\" valign=\"top\">Montgelasstr. 14<\/td>\n<\/tr>\n<tr>\n<td align=\"left\" valign=\"top\" \/>\n<td align=\"left\" valign=\"top\">81679 M\u00fcnchen<\/td>\n<\/tr>\n<tr>\n<td align=\"left\" valign=\"top\" \/>\n<td align=\"left\" valign=\"top\">Deutschland<\/td>\n<\/tr>\n<tr>\n<td align=\"left\" valign=\"top\">Telefon:<\/td>\n<td align=\"left\" valign=\"top\">+49 (0) 89 &#8211; 99 84 21 0<\/td>\n<\/tr>\n<tr>\n<td align=\"left\" valign=\"top\">Fax:<\/td>\n<td align=\"left\" valign=\"top\">+49 (0) 89 &#8211; 99 84 21 11<\/td>\n<\/tr>\n<tr>\n<td align=\"left\" valign=\"top\">E-Mail:<\/td>\n<td align=\"left\" valign=\"top\">info@allgeier.com<\/td>\n<\/tr>\n<tr>\n<td align=\"left\" valign=\"top\">Internet:<\/td>\n<td align=\"left\" valign=\"top\">http:\/\/www.allgeier.com<\/td>\n<\/tr>\n<tr>\n<td align=\"left\" valign=\"top\">ISIN:<\/td>\n<td align=\"left\" valign=\"top\">DE000A2GS633<\/td>\n<\/tr>\n<tr>\n<td align=\"left\" valign=\"top\">WKN:<\/td>\n<td align=\"left\" valign=\"top\">A2GS63<\/td>\n<\/tr>\n<tr>\n<td align=\"left\" valign=\"top\">Indizes:<\/td>\n<td align=\"left\" valign=\"top\">CDAX<\/td>\n<\/tr>\n<tr>\n<td align=\"left\" valign=\"top\">B\u00f6rsen:<\/td>\n<td align=\"left\" valign=\"top\">Regulierter Markt in Frankfurt (General Standard); Freiverkehr in D\u00fcsseldorf, Hamburg, Stuttgart, Tradegate BSX<\/td>\n<\/tr>\n<tr>\n<td align=\"left\" valign=\"top\">EQS News ID:<\/td>\n<td align=\"left\" valign=\"top\">2325416<\/td>\n<\/tr>\n<\/table>\n<p><\/p>\n<table border=\"0\">\n<tr>\n<td align=\"left\" valign=\"top\" colspan=\"2\" \/>\n<\/tr>\n<\/table>\n<table border=\"0\">\n<tr>\n<td align=\"left\" valign=\"top\" colspan=\"2\">\u00a0<\/td>\n<\/tr>\n<tr>\n<td align=\"left\" valign=\"top\">Ende der Mitteilung<\/td>\n<td align=\"left\" valign=\"top\">EQS News-Service<\/td>\n<\/tr>\n<\/table>\n<table border=\"0\">\n<tr>\n<td>\n<hr \/>\n<\/td>\n<\/tr>\n<\/table>\n<div>\n<p>2325416\u00a0\u00a011.05.2026\u00a0CET\/CEST<\/p>\n<\/div>\n<p><img loading=\"lazy\" decoding=\"async\" src=\"https:\/\/eqs-cockpit.com\/cgi-bin\/fncls2.ssx?fn=show_t_gif&amp;application_id=2325416&amp;application_name=news&amp;site_id=airport_aws~~~7cc68db1-74de-43c8-af69-2ae0a97efdc3\" alt=\"\" width=\"0\" height=\"0\" border=\"0\" \/><\/p>\n","protected":false},"excerpt":{"rendered":"<p>ALLGEIER SE \/ Schlagwort(e): Gesch\u00e4ftszahlen \/ Quartal\/Dividenden Allgeier SE: Allgeier erh\u00f6ht den Umsatz im ersten Quartal 2026 um 9 Prozent und schl\u00e4gt eine Dividende in H\u00f6he von 1,00 Euro je Aktie vor 11.05.2026 \/ 17:21 CET\/CEST Ver\u00f6ffentlichung einer Insiderinformation nach Artikel 17 der Verordnung (EU) Nr. 596\/2014, \u00fcbermittelt durch EQS News &#8211; ein Service der &hellip; <\/p>\n","protected":false},"author":1,"featured_media":0,"parent":1155,"menu_order":0,"comment_status":"closed","ping_status":"closed","template":"","meta":{"_acf_changed":false,"footnotes":""},"categories":[],"tags":[],"class_list":["post-7643","page","type-page","status-publish","hentry"],"acf":[],"yoast_head":"<!-- This site is optimized with the Yoast SEO plugin v27.4 - https:\/\/yoast.com\/product\/yoast-seo-wordpress\/ -->\n<title>es-11052026 - Allgeier SE<\/title>\n<meta name=\"robots\" content=\"index, follow, max-snippet:-1, max-image-preview:large, max-video-preview:-1\" \/>\n<link rel=\"canonical\" href=\"https:\/\/www.allgeier.com\/de\/investor-relations\/adhoc-announcements\/es-11052026\/\" \/>\n<meta property=\"og:locale\" content=\"de_DE\" \/>\n<meta property=\"og:type\" content=\"article\" \/>\n<meta property=\"og:title\" content=\"es-11052026 - Allgeier SE\" \/>\n<meta property=\"og:description\" content=\"ALLGEIER SE \/ Schlagwort(e): Gesch\u00e4ftszahlen \/ Quartal\/Dividenden Allgeier SE: Allgeier erh\u00f6ht den Umsatz im ersten Quartal 2026 um 9 Prozent und schl\u00e4gt eine Dividende in H\u00f6he von 1,00 Euro je Aktie vor 11.05.2026 \/ 17:21 CET\/CEST Ver\u00f6ffentlichung einer Insiderinformation nach Artikel 17 der Verordnung (EU) Nr. 596\/2014, \u00fcbermittelt durch EQS News &#8211; ein Service der &hellip;\" \/>\n<meta property=\"og:url\" content=\"https:\/\/www.allgeier.com\/de\/investor-relations\/adhoc-announcements\/es-11052026\/\" \/>\n<meta property=\"og:site_name\" content=\"Allgeier SE\" \/>\n<meta property=\"og:image\" content=\"https:\/\/eqs-cockpit.com\/cgi-bin\/fncls2.ssx?fn=show_t_gif&amp;application_id=2325416&amp;application_name=news&amp;site_id=airport_aws~~~7cc68db1-74de-43c8-af69-2ae0a97efdc3\" \/>\n<meta name=\"twitter:card\" content=\"summary_large_image\" \/>\n<meta name=\"twitter:label1\" content=\"Gesch\u00e4tzte Lesezeit\" \/>\n\t<meta name=\"twitter:data1\" content=\"4\u00a0Minuten\" \/>\n<script type=\"application\/ld+json\" class=\"yoast-schema-graph\">{\"@context\":\"https:\\\/\\\/schema.org\",\"@graph\":[{\"@type\":\"WebPage\",\"@id\":\"https:\\\/\\\/www.allgeier.com\\\/de\\\/investor-relations\\\/adhoc-announcements\\\/es-11052026\\\/\",\"url\":\"https:\\\/\\\/www.allgeier.com\\\/de\\\/investor-relations\\\/adhoc-announcements\\\/es-11052026\\\/\",\"name\":\"es-11052026 - Allgeier SE\",\"isPartOf\":{\"@id\":\"https:\\\/\\\/www.allgeier.com\\\/de\\\/#website\"},\"primaryImageOfPage\":{\"@id\":\"https:\\\/\\\/www.allgeier.com\\\/de\\\/investor-relations\\\/adhoc-announcements\\\/es-11052026\\\/#primaryimage\"},\"image\":{\"@id\":\"https:\\\/\\\/www.allgeier.com\\\/de\\\/investor-relations\\\/adhoc-announcements\\\/es-11052026\\\/#primaryimage\"},\"thumbnailUrl\":\"https:\\\/\\\/eqs-cockpit.com\\\/cgi-bin\\\/fncls2.ssx?fn=show_t_gif&amp;application_id=2325416&amp;application_name=news&amp;site_id=airport_aws~~~7cc68db1-74de-43c8-af69-2ae0a97efdc3\",\"datePublished\":\"2026-05-11T15:21:24+00:00\",\"breadcrumb\":{\"@id\":\"https:\\\/\\\/www.allgeier.com\\\/de\\\/investor-relations\\\/adhoc-announcements\\\/es-11052026\\\/#breadcrumb\"},\"inLanguage\":\"de\",\"potentialAction\":[{\"@type\":\"ReadAction\",\"target\":[\"https:\\\/\\\/www.allgeier.com\\\/de\\\/investor-relations\\\/adhoc-announcements\\\/es-11052026\\\/\"]}]},{\"@type\":\"ImageObject\",\"inLanguage\":\"de\",\"@id\":\"https:\\\/\\\/www.allgeier.com\\\/de\\\/investor-relations\\\/adhoc-announcements\\\/es-11052026\\\/#primaryimage\",\"url\":\"https:\\\/\\\/eqs-cockpit.com\\\/cgi-bin\\\/fncls2.ssx?fn=show_t_gif&amp;application_id=2325416&amp;application_name=news&amp;site_id=airport_aws~~~7cc68db1-74de-43c8-af69-2ae0a97efdc3\",\"contentUrl\":\"https:\\\/\\\/eqs-cockpit.com\\\/cgi-bin\\\/fncls2.ssx?fn=show_t_gif&amp;application_id=2325416&amp;application_name=news&amp;site_id=airport_aws~~~7cc68db1-74de-43c8-af69-2ae0a97efdc3\"},{\"@type\":\"BreadcrumbList\",\"@id\":\"https:\\\/\\\/www.allgeier.com\\\/de\\\/investor-relations\\\/adhoc-announcements\\\/es-11052026\\\/#breadcrumb\",\"itemListElement\":[{\"@type\":\"ListItem\",\"position\":1,\"name\":\"Home\",\"item\":\"https:\\\/\\\/www.allgeier.com\\\/de\\\/\"},{\"@type\":\"ListItem\",\"position\":2,\"name\":\"Investor Relations\",\"item\":\"https:\\\/\\\/www.allgeier.com\\\/de\\\/investor-relations\\\/\"},{\"@type\":\"ListItem\",\"position\":3,\"name\":\"Ad hoc-Mitteilungen\",\"item\":\"https:\\\/\\\/www.allgeier.com\\\/de\\\/investor-relations\\\/adhoc-announcements\\\/\"},{\"@type\":\"ListItem\",\"position\":4,\"name\":\"es-11052026\"}]},{\"@type\":\"WebSite\",\"@id\":\"https:\\\/\\\/www.allgeier.com\\\/de\\\/#website\",\"url\":\"https:\\\/\\\/www.allgeier.com\\\/de\\\/\",\"name\":\"Allgeier SE\",\"description\":\"Software &amp; IT Services for digital transformation\",\"potentialAction\":[{\"@type\":\"SearchAction\",\"target\":{\"@type\":\"EntryPoint\",\"urlTemplate\":\"https:\\\/\\\/www.allgeier.com\\\/de\\\/?s={search_term_string}\"},\"query-input\":{\"@type\":\"PropertyValueSpecification\",\"valueRequired\":true,\"valueName\":\"search_term_string\"}}],\"inLanguage\":\"de\"}]}<\/script>\n<!-- \/ Yoast SEO plugin. -->","yoast_head_json":{"title":"es-11052026 - Allgeier SE","robots":{"index":"index","follow":"follow","max-snippet":"max-snippet:-1","max-image-preview":"max-image-preview:large","max-video-preview":"max-video-preview:-1"},"canonical":"https:\/\/www.allgeier.com\/de\/investor-relations\/adhoc-announcements\/es-11052026\/","og_locale":"de_DE","og_type":"article","og_title":"es-11052026 - Allgeier SE","og_description":"ALLGEIER SE \/ Schlagwort(e): Gesch\u00e4ftszahlen \/ Quartal\/Dividenden Allgeier SE: Allgeier erh\u00f6ht den Umsatz im ersten Quartal 2026 um 9 Prozent und schl\u00e4gt eine Dividende in H\u00f6he von 1,00 Euro je Aktie vor 11.05.2026 \/ 17:21 CET\/CEST Ver\u00f6ffentlichung einer Insiderinformation nach Artikel 17 der Verordnung (EU) Nr. 596\/2014, \u00fcbermittelt durch EQS News &#8211; ein Service der &hellip;","og_url":"https:\/\/www.allgeier.com\/de\/investor-relations\/adhoc-announcements\/es-11052026\/","og_site_name":"Allgeier SE","og_image":[{"url":"https:\/\/eqs-cockpit.com\/cgi-bin\/fncls2.ssx?fn=show_t_gif&amp;application_id=2325416&amp;application_name=news&amp;site_id=airport_aws~~~7cc68db1-74de-43c8-af69-2ae0a97efdc3","type":"","width":"","height":""}],"twitter_card":"summary_large_image","twitter_misc":{"Gesch\u00e4tzte Lesezeit":"4\u00a0Minuten"},"schema":{"@context":"https:\/\/schema.org","@graph":[{"@type":"WebPage","@id":"https:\/\/www.allgeier.com\/de\/investor-relations\/adhoc-announcements\/es-11052026\/","url":"https:\/\/www.allgeier.com\/de\/investor-relations\/adhoc-announcements\/es-11052026\/","name":"es-11052026 - Allgeier SE","isPartOf":{"@id":"https:\/\/www.allgeier.com\/de\/#website"},"primaryImageOfPage":{"@id":"https:\/\/www.allgeier.com\/de\/investor-relations\/adhoc-announcements\/es-11052026\/#primaryimage"},"image":{"@id":"https:\/\/www.allgeier.com\/de\/investor-relations\/adhoc-announcements\/es-11052026\/#primaryimage"},"thumbnailUrl":"https:\/\/eqs-cockpit.com\/cgi-bin\/fncls2.ssx?fn=show_t_gif&amp;application_id=2325416&amp;application_name=news&amp;site_id=airport_aws~~~7cc68db1-74de-43c8-af69-2ae0a97efdc3","datePublished":"2026-05-11T15:21:24+00:00","breadcrumb":{"@id":"https:\/\/www.allgeier.com\/de\/investor-relations\/adhoc-announcements\/es-11052026\/#breadcrumb"},"inLanguage":"de","potentialAction":[{"@type":"ReadAction","target":["https:\/\/www.allgeier.com\/de\/investor-relations\/adhoc-announcements\/es-11052026\/"]}]},{"@type":"ImageObject","inLanguage":"de","@id":"https:\/\/www.allgeier.com\/de\/investor-relations\/adhoc-announcements\/es-11052026\/#primaryimage","url":"https:\/\/eqs-cockpit.com\/cgi-bin\/fncls2.ssx?fn=show_t_gif&amp;application_id=2325416&amp;application_name=news&amp;site_id=airport_aws~~~7cc68db1-74de-43c8-af69-2ae0a97efdc3","contentUrl":"https:\/\/eqs-cockpit.com\/cgi-bin\/fncls2.ssx?fn=show_t_gif&amp;application_id=2325416&amp;application_name=news&amp;site_id=airport_aws~~~7cc68db1-74de-43c8-af69-2ae0a97efdc3"},{"@type":"BreadcrumbList","@id":"https:\/\/www.allgeier.com\/de\/investor-relations\/adhoc-announcements\/es-11052026\/#breadcrumb","itemListElement":[{"@type":"ListItem","position":1,"name":"Home","item":"https:\/\/www.allgeier.com\/de\/"},{"@type":"ListItem","position":2,"name":"Investor Relations","item":"https:\/\/www.allgeier.com\/de\/investor-relations\/"},{"@type":"ListItem","position":3,"name":"Ad hoc-Mitteilungen","item":"https:\/\/www.allgeier.com\/de\/investor-relations\/adhoc-announcements\/"},{"@type":"ListItem","position":4,"name":"es-11052026"}]},{"@type":"WebSite","@id":"https:\/\/www.allgeier.com\/de\/#website","url":"https:\/\/www.allgeier.com\/de\/","name":"Allgeier SE","description":"Software &amp; IT Services for digital transformation","potentialAction":[{"@type":"SearchAction","target":{"@type":"EntryPoint","urlTemplate":"https:\/\/www.allgeier.com\/de\/?s={search_term_string}"},"query-input":{"@type":"PropertyValueSpecification","valueRequired":true,"valueName":"search_term_string"}}],"inLanguage":"de"}]}},"_links":{"self":[{"href":"https:\/\/www.allgeier.com\/de\/wp-json\/wp\/v2\/pages\/7643","targetHints":{"allow":["GET"]}}],"collection":[{"href":"https:\/\/www.allgeier.com\/de\/wp-json\/wp\/v2\/pages"}],"about":[{"href":"https:\/\/www.allgeier.com\/de\/wp-json\/wp\/v2\/types\/page"}],"author":[{"embeddable":true,"href":"https:\/\/www.allgeier.com\/de\/wp-json\/wp\/v2\/users\/1"}],"replies":[{"embeddable":true,"href":"https:\/\/www.allgeier.com\/de\/wp-json\/wp\/v2\/comments?post=7643"}],"version-history":[{"count":0,"href":"https:\/\/www.allgeier.com\/de\/wp-json\/wp\/v2\/pages\/7643\/revisions"}],"up":[{"embeddable":true,"href":"https:\/\/www.allgeier.com\/de\/wp-json\/wp\/v2\/pages\/1155"}],"wp:attachment":[{"href":"https:\/\/www.allgeier.com\/de\/wp-json\/wp\/v2\/media?parent=7643"}],"wp:term":[{"taxonomy":"category","embeddable":true,"href":"https:\/\/www.allgeier.com\/de\/wp-json\/wp\/v2\/categories?post=7643"},{"taxonomy":"post_tag","embeddable":true,"href":"https:\/\/www.allgeier.com\/de\/wp-json\/wp\/v2\/tags?post=7643"}],"curies":[{"name":"wp","href":"https:\/\/api.w.org\/{rel}","templated":true}]}}