{"id":984,"date":"2015-02-02T10:19:01","date_gmt":"2015-02-02T10:19:01","guid":{"rendered":"http:\/\/www.allgeier.com\/en\/?page_id=984"},"modified":"2025-02-05T18:19:59","modified_gmt":"2025-02-05T18:19:59","slug":"02022015-2","status":"publish","type":"page","link":"https:\/\/www.allgeier.com\/de\/pressroom\/press-releases\/02022015-2\/","title":{"rendered":"02022015"},"content":{"rendered":"<p class=\"innoStandard\"><em>D\u00fcsseldorf, 02.02.2015 \u2013\u00a0<\/em><strong>Zum Jahresbeginn firmiert die innocate solutions gmbh zur Allgeier Productivity Solutions GmbH um und b\u00fcndelt unter der neuen Marke das auf Microsoft-Technologien basierte Gesch\u00e4ft f\u00fcr Kommunikations- und Produktivit\u00e4tsl\u00f6sungen der Allgeier Gruppe. Durch den Zusammenschluss verschiedener Produkt- und Serviceteams entsteht somit ein f\u00fchrender Anbieter f\u00fcr Microsoft Services und Solutions im deutschen Markt.<\/strong><\/p>\n<p class=\"innoStandard\">Mit der mehrheitlichen Beteiligung der Allgeier Gruppe an der innocate solutions wurde bereits vor einem Jahr die strategische Entwicklung zu einem f\u00fchrenden Microsoft-Dienstleister vollzogen. Innerhalb der Gruppe hat sich innocate als leistungsstarker Dienstleister f\u00fcr Microsoft Technologien in den Bereichen SharePoint, Dynamics CRM, Lync und zukunftsweisende Cloud Services rund um Office 365 positioniert. Die erfolgreiche Entwicklung im Jahr 2014 spiegelt sich in der \u00dcbererf\u00fcllung der Gesch\u00e4ftsziele und einem Umsatzwachstum von \u00fcber 40 Prozent. Im neuen Jahr soll die erfolgreiche Strategie mit dem Ziel weiteren Wachstums fortgesetzt und die Sichtbarkeit im Markt unter dem Namen\u00a0<b>Allgeier Productivity Solutions<\/b>\u00a0weiter ausgebaut werden.<\/p>\n<p class=\"innoStandard\">Dazu b\u00fcndelt Allgeier Productivity Solutions die Leistungen und Kompetenzen rund um das Microsoft Servicegesch\u00e4ft und gewinnt Microsoft Know-how-Tr\u00e4ger aus anderen Allgeier Tochtergesellschaften hinzu. Hierf\u00fcr wird etwa das Microsoft UC Team der Xiopia GmbH rund um die MVPs f\u00fcr Exchange und Lync, Siegfried Jagott und Thomas Poett, in die neue Firmierung integriert. Von der St\u00e4rkung und Erweiterung der Kernkompetenzen profitieren insbesondere die Kunden. Ihnen wird neben dem umfassenden Angebot an Microsoft Services und Solutions mit den Standorten D\u00fcsseldorf, Hamburg, Wiesbaden und M\u00fcnchen zuk\u00fcnftig noch besserer Service und h\u00f6here Skalierbarkeit geboten.<\/p>\n<p class=\"innoStandard\">Die Angebotsschwerpunkte der Allgeier Productivity Solutions liegen in Dienstleistungen rund um Microsoft Lync und Exchange sowie SharePoint und Dynamics CRM. Dabei besetzt die Einheit gezielt wachstumsstarke Zukunftsm\u00e4rkte mit Cloud Services, eigenentwickelten Cloud L\u00f6sungen rund um Office 365 sowie den erfolgreichen IT Management- und IT Strategie-Beratungsleistungen.<\/p>\n<p class=\"innoStandard\">In Zukunft soll das Microsoft Service- und Produktportfolio der Allgeier Productivity Solutions durch gezielte Akquisitionen f\u00fchrender Anbieter weiter gest\u00e4rkt werden.<\/p>\n<p class=\"innoUnterberschrift\"><strong>\u00dcber Allgeier Productivity Solutions<\/strong><\/p>\n<p>Allgeier Productivity Solutions ist eine Tochter der Allgeier Gruppe, die mit knapp 500 Mio. Euro Umsatz und 4.400 Mitarbeitern zu den f\u00fchrenden IT-Dienstleistern Deutschlands geh\u00f6rt. Als strategischer Dienstleister der Allgeier Gruppe f\u00fcr Kommunikations- und Produktivit\u00e4tsl\u00f6sungen auf der Basis von Microsoft Technologien begleitet Allgeier Productivity Solutions seine Kunden auch in den Themen Projekt- und Anforderungsmanagement. Die Schwerpunkte des Microsoft Goldkompetenzpartners liegen in den Bereichen SharePoint, Dynamics CRM, Exchange und Lync, worin Allgeier Productivity Solutions \u00fcber ausgezeichnete \u00a0Referenzen im Gro\u00dfkundenbereich und gehobenem Mittelstand verf\u00fcgt. Zu den Kunden z\u00e4hlen Banken und Versicherungen, Energieversorger, Automobilzulieferer und \u00f6ffentliche Auftraggeber. L\u00f6sungen von Allgeier Productivity Solutions werden immer angemessen auf die Kundenanforderungen ausgelegt und implementiert \u2013 f\u00fcr eine nachhaltige Unterst\u00fctzung der Unternehmensprozesse durch den Einsatz von Informationstechnologie.<\/p>\n<p>&nbsp;<\/p>\n<p><a title=\"Allgeier Productivity Solutions\" href=\"http:\/\/www.allgeier-ps.com\" target=\"_blank\"><img loading=\"lazy\" decoding=\"async\" src=\"https:\/\/www.allgeier.com\/de\/wp-content\/uploads\/sites\/3\/2015\/03\/Allgeier-PS-Logo-vect.jpg\" alt=\"\" width=\"288\" height=\"63\" \/><\/a><\/p>\n","protected":false},"excerpt":{"rendered":"<p>D\u00fcsseldorf, 02.02.2015 \u2013\u00a0Zum Jahresbeginn firmiert die innocate solutions gmbh zur Allgeier Productivity Solutions GmbH um und b\u00fcndelt unter der neuen Marke das auf Microsoft-Technologien basierte Gesch\u00e4ft f\u00fcr Kommunikations- und Produktivit\u00e4tsl\u00f6sungen der Allgeier Gruppe. Durch den Zusammenschluss verschiedener Produkt- und Serviceteams entsteht somit ein f\u00fchrender Anbieter f\u00fcr Microsoft Services und Solutions im deutschen Markt. Mit der &hellip; <\/p>\n","protected":false},"author":1,"featured_media":0,"parent":1169,"menu_order":0,"comment_status":"closed","ping_status":"closed","template":"","meta":{"_acf_changed":false,"footnotes":""},"categories":[7],"tags":[],"class_list":["post-984","page","type-page","status-publish","hentry","category-pressemitteilungen"],"acf":[],"yoast_head":"<!-- This site is optimized with the Yoast SEO plugin v27.4 - https:\/\/yoast.com\/product\/yoast-seo-wordpress\/ -->\n<title>02022015 - Allgeier SE<\/title>\n<meta name=\"robots\" content=\"index, follow, max-snippet:-1, max-image-preview:large, max-video-preview:-1\" \/>\n<link rel=\"canonical\" href=\"https:\/\/www.allgeier.com\/de\/pressroom\/press-releases\/02022015-2\/\" \/>\n<meta property=\"og:locale\" content=\"de_DE\" \/>\n<meta property=\"og:type\" content=\"article\" \/>\n<meta property=\"og:title\" content=\"02022015 - Allgeier SE\" \/>\n<meta property=\"og:description\" content=\"D\u00fcsseldorf, 02.02.2015 \u2013\u00a0Zum Jahresbeginn firmiert die innocate solutions gmbh zur Allgeier Productivity Solutions GmbH um und b\u00fcndelt unter der neuen Marke das auf Microsoft-Technologien basierte Gesch\u00e4ft f\u00fcr Kommunikations- und Produktivit\u00e4tsl\u00f6sungen der Allgeier Gruppe. Durch den Zusammenschluss verschiedener Produkt- und Serviceteams entsteht somit ein f\u00fchrender Anbieter f\u00fcr Microsoft Services und Solutions im deutschen Markt. Mit der &hellip;\" \/>\n<meta property=\"og:url\" content=\"https:\/\/www.allgeier.com\/de\/pressroom\/press-releases\/02022015-2\/\" \/>\n<meta property=\"og:site_name\" content=\"Allgeier SE\" \/>\n<meta property=\"article:modified_time\" content=\"2025-02-05T18:19:59+00:00\" \/>\n<meta property=\"og:image\" content=\"https:\/\/www.allgeier.com\/de\/wp-content\/uploads\/sites\/3\/2015\/03\/Allgeier-PS-Logo-vect.jpg\" \/>\n<meta name=\"twitter:card\" content=\"summary_large_image\" \/>\n<meta name=\"twitter:label1\" content=\"Gesch\u00e4tzte Lesezeit\" \/>\n\t<meta name=\"twitter:data1\" content=\"3\u00a0Minuten\" \/>\n<script type=\"application\/ld+json\" class=\"yoast-schema-graph\">{\"@context\":\"https:\\\/\\\/schema.org\",\"@graph\":[{\"@type\":\"WebPage\",\"@id\":\"https:\\\/\\\/www.allgeier.com\\\/de\\\/pressroom\\\/press-releases\\\/02022015-2\\\/\",\"url\":\"https:\\\/\\\/www.allgeier.com\\\/de\\\/pressroom\\\/press-releases\\\/02022015-2\\\/\",\"name\":\"02022015 - Allgeier SE\",\"isPartOf\":{\"@id\":\"https:\\\/\\\/www.allgeier.com\\\/de\\\/#website\"},\"primaryImageOfPage\":{\"@id\":\"https:\\\/\\\/www.allgeier.com\\\/de\\\/pressroom\\\/press-releases\\\/02022015-2\\\/#primaryimage\"},\"image\":{\"@id\":\"https:\\\/\\\/www.allgeier.com\\\/de\\\/pressroom\\\/press-releases\\\/02022015-2\\\/#primaryimage\"},\"thumbnailUrl\":\"https:\\\/\\\/www.allgeier.com\\\/de\\\/wp-content\\\/uploads\\\/sites\\\/3\\\/2015\\\/03\\\/Allgeier-PS-Logo-vect.jpg\",\"datePublished\":\"2015-02-02T10:19:01+00:00\",\"dateModified\":\"2025-02-05T18:19:59+00:00\",\"breadcrumb\":{\"@id\":\"https:\\\/\\\/www.allgeier.com\\\/de\\\/pressroom\\\/press-releases\\\/02022015-2\\\/#breadcrumb\"},\"inLanguage\":\"de\",\"potentialAction\":[{\"@type\":\"ReadAction\",\"target\":[\"https:\\\/\\\/www.allgeier.com\\\/de\\\/pressroom\\\/press-releases\\\/02022015-2\\\/\"]}]},{\"@type\":\"ImageObject\",\"inLanguage\":\"de\",\"@id\":\"https:\\\/\\\/www.allgeier.com\\\/de\\\/pressroom\\\/press-releases\\\/02022015-2\\\/#primaryimage\",\"url\":\"https:\\\/\\\/www.allgeier.com\\\/de\\\/wp-content\\\/uploads\\\/sites\\\/3\\\/2015\\\/03\\\/Allgeier-PS-Logo-vect.jpg\",\"contentUrl\":\"https:\\\/\\\/www.allgeier.com\\\/de\\\/wp-content\\\/uploads\\\/sites\\\/3\\\/2015\\\/03\\\/Allgeier-PS-Logo-vect.jpg\",\"width\":845,\"height\":185},{\"@type\":\"BreadcrumbList\",\"@id\":\"https:\\\/\\\/www.allgeier.com\\\/de\\\/pressroom\\\/press-releases\\\/02022015-2\\\/#breadcrumb\",\"itemListElement\":[{\"@type\":\"ListItem\",\"position\":1,\"name\":\"Home\",\"item\":\"https:\\\/\\\/www.allgeier.com\\\/de\\\/\"},{\"@type\":\"ListItem\",\"position\":2,\"name\":\"Presse\",\"item\":\"https:\\\/\\\/www.allgeier.com\\\/de\\\/pressroom\\\/\"},{\"@type\":\"ListItem\",\"position\":3,\"name\":\"Pressemitteilungen\",\"item\":\"https:\\\/\\\/www.allgeier.com\\\/de\\\/pressroom\\\/press-releases\\\/\"},{\"@type\":\"ListItem\",\"position\":4,\"name\":\"02022015\"}]},{\"@type\":\"WebSite\",\"@id\":\"https:\\\/\\\/www.allgeier.com\\\/de\\\/#website\",\"url\":\"https:\\\/\\\/www.allgeier.com\\\/de\\\/\",\"name\":\"Allgeier SE\",\"description\":\"Software &amp; IT Services for digital transformation\",\"potentialAction\":[{\"@type\":\"SearchAction\",\"target\":{\"@type\":\"EntryPoint\",\"urlTemplate\":\"https:\\\/\\\/www.allgeier.com\\\/de\\\/?s={search_term_string}\"},\"query-input\":{\"@type\":\"PropertyValueSpecification\",\"valueRequired\":true,\"valueName\":\"search_term_string\"}}],\"inLanguage\":\"de\"}]}<\/script>\n<!-- \/ Yoast SEO plugin. -->","yoast_head_json":{"title":"02022015 - Allgeier SE","robots":{"index":"index","follow":"follow","max-snippet":"max-snippet:-1","max-image-preview":"max-image-preview:large","max-video-preview":"max-video-preview:-1"},"canonical":"https:\/\/www.allgeier.com\/de\/pressroom\/press-releases\/02022015-2\/","og_locale":"de_DE","og_type":"article","og_title":"02022015 - Allgeier SE","og_description":"D\u00fcsseldorf, 02.02.2015 \u2013\u00a0Zum Jahresbeginn firmiert die innocate solutions gmbh zur Allgeier Productivity Solutions GmbH um und b\u00fcndelt unter der neuen Marke das auf Microsoft-Technologien basierte Gesch\u00e4ft f\u00fcr Kommunikations- und Produktivit\u00e4tsl\u00f6sungen der Allgeier Gruppe. Durch den Zusammenschluss verschiedener Produkt- und Serviceteams entsteht somit ein f\u00fchrender Anbieter f\u00fcr Microsoft Services und Solutions im deutschen Markt. Mit der &hellip;","og_url":"https:\/\/www.allgeier.com\/de\/pressroom\/press-releases\/02022015-2\/","og_site_name":"Allgeier SE","article_modified_time":"2025-02-05T18:19:59+00:00","og_image":[{"url":"https:\/\/www.allgeier.com\/de\/wp-content\/uploads\/sites\/3\/2015\/03\/Allgeier-PS-Logo-vect.jpg","type":"","width":"","height":""}],"twitter_card":"summary_large_image","twitter_misc":{"Gesch\u00e4tzte Lesezeit":"3\u00a0Minuten"},"schema":{"@context":"https:\/\/schema.org","@graph":[{"@type":"WebPage","@id":"https:\/\/www.allgeier.com\/de\/pressroom\/press-releases\/02022015-2\/","url":"https:\/\/www.allgeier.com\/de\/pressroom\/press-releases\/02022015-2\/","name":"02022015 - Allgeier SE","isPartOf":{"@id":"https:\/\/www.allgeier.com\/de\/#website"},"primaryImageOfPage":{"@id":"https:\/\/www.allgeier.com\/de\/pressroom\/press-releases\/02022015-2\/#primaryimage"},"image":{"@id":"https:\/\/www.allgeier.com\/de\/pressroom\/press-releases\/02022015-2\/#primaryimage"},"thumbnailUrl":"https:\/\/www.allgeier.com\/de\/wp-content\/uploads\/sites\/3\/2015\/03\/Allgeier-PS-Logo-vect.jpg","datePublished":"2015-02-02T10:19:01+00:00","dateModified":"2025-02-05T18:19:59+00:00","breadcrumb":{"@id":"https:\/\/www.allgeier.com\/de\/pressroom\/press-releases\/02022015-2\/#breadcrumb"},"inLanguage":"de","potentialAction":[{"@type":"ReadAction","target":["https:\/\/www.allgeier.com\/de\/pressroom\/press-releases\/02022015-2\/"]}]},{"@type":"ImageObject","inLanguage":"de","@id":"https:\/\/www.allgeier.com\/de\/pressroom\/press-releases\/02022015-2\/#primaryimage","url":"https:\/\/www.allgeier.com\/de\/wp-content\/uploads\/sites\/3\/2015\/03\/Allgeier-PS-Logo-vect.jpg","contentUrl":"https:\/\/www.allgeier.com\/de\/wp-content\/uploads\/sites\/3\/2015\/03\/Allgeier-PS-Logo-vect.jpg","width":845,"height":185},{"@type":"BreadcrumbList","@id":"https:\/\/www.allgeier.com\/de\/pressroom\/press-releases\/02022015-2\/#breadcrumb","itemListElement":[{"@type":"ListItem","position":1,"name":"Home","item":"https:\/\/www.allgeier.com\/de\/"},{"@type":"ListItem","position":2,"name":"Presse","item":"https:\/\/www.allgeier.com\/de\/pressroom\/"},{"@type":"ListItem","position":3,"name":"Pressemitteilungen","item":"https:\/\/www.allgeier.com\/de\/pressroom\/press-releases\/"},{"@type":"ListItem","position":4,"name":"02022015"}]},{"@type":"WebSite","@id":"https:\/\/www.allgeier.com\/de\/#website","url":"https:\/\/www.allgeier.com\/de\/","name":"Allgeier SE","description":"Software &amp; IT Services for digital transformation","potentialAction":[{"@type":"SearchAction","target":{"@type":"EntryPoint","urlTemplate":"https:\/\/www.allgeier.com\/de\/?s={search_term_string}"},"query-input":{"@type":"PropertyValueSpecification","valueRequired":true,"valueName":"search_term_string"}}],"inLanguage":"de"}]}},"_links":{"self":[{"href":"https:\/\/www.allgeier.com\/de\/wp-json\/wp\/v2\/pages\/984","targetHints":{"allow":["GET"]}}],"collection":[{"href":"https:\/\/www.allgeier.com\/de\/wp-json\/wp\/v2\/pages"}],"about":[{"href":"https:\/\/www.allgeier.com\/de\/wp-json\/wp\/v2\/types\/page"}],"author":[{"embeddable":true,"href":"https:\/\/www.allgeier.com\/de\/wp-json\/wp\/v2\/users\/1"}],"replies":[{"embeddable":true,"href":"https:\/\/www.allgeier.com\/de\/wp-json\/wp\/v2\/comments?post=984"}],"version-history":[{"count":1,"href":"https:\/\/www.allgeier.com\/de\/wp-json\/wp\/v2\/pages\/984\/revisions"}],"predecessor-version":[{"id":1264,"href":"https:\/\/www.allgeier.com\/de\/wp-json\/wp\/v2\/pages\/984\/revisions\/1264"}],"up":[{"embeddable":true,"href":"https:\/\/www.allgeier.com\/de\/wp-json\/wp\/v2\/pages\/1169"}],"wp:attachment":[{"href":"https:\/\/www.allgeier.com\/de\/wp-json\/wp\/v2\/media?parent=984"}],"wp:term":[{"taxonomy":"category","embeddable":true,"href":"https:\/\/www.allgeier.com\/de\/wp-json\/wp\/v2\/categories?post=984"},{"taxonomy":"post_tag","embeddable":true,"href":"https:\/\/www.allgeier.com\/de\/wp-json\/wp\/v2\/tags?post=984"}],"curies":[{"name":"wp","href":"https:\/\/api.w.org\/{rel}","templated":true}]}}