{"id":11085,"date":"2025-07-30T09:42:35","date_gmt":"2025-07-30T09:42:35","guid":{"rendered":"https:\/\/www.allgeier.com\/en\/?page_id=11085"},"modified":"2025-07-30T09:42:35","modified_gmt":"2025-07-30T09:42:35","slug":"gemeinsam-staerker-im-digital-commerce-ecube-wird-teil-von-mgm","status":"publish","type":"page","link":"https:\/\/www.allgeier.com\/en\/pressroom\/press-releases\/gemeinsam-staerker-im-digital-commerce-ecube-wird-teil-von-mgm\/","title":{"rendered":"Stronger together in Digital Commerce \u2013 eCube joins forces with mgm"},"content":{"rendered":"<p><em>Munich, 30 July 2025 \u2013<\/em> Effective August 1, 2025, international software company mgm technology partners GmbH will officially welcome eCube GmbH, a specialist in commerce technologies, into the mgm group. This strategic acquisition represents a significant milestone in a long-standing and successful collaboration \u2013 and paves the way for new opportunities for clients and teams alike.<\/p>\n<p><strong>A Partnership Rooted in History, Geared for the Future<\/strong><\/p>\n<p>mgm and eCube share a decades-long relationship built on mutual respect and a common vision for digital commerce. Having partnered on numerous successful projects, especially in the retail sector, the two companies have developed a deep understanding of each other\u2019s strengths. This integration is a natural next step and reinforces their shared commitment to shaping the future of digital commerce.<\/p>\n<p><strong>Welcome to the Team: Commerce Expertise Meets Innovation<\/strong><\/p>\n<p>\u201cWe\u2019re thrilled to welcome the eCube team into our organization,\u201d says Daniel Brodkorb, member of the mgm management board. \u201cThey bring a wealth of expertise in commerce technologies \u2013 particularly in the commercetools ecosystem \u2013 along with in-depth knowledge of complex platform architectures.\u201d<\/p>\n<p>eCube also enriches mgm\u2019s portfolio with its proprietary product Chioro \u2013 a powerful tool for automated product data preparation and optimization. This innovation adds significant value to mgm\u2019s commerce offering by enabling more efficient and effective product data management.<\/p>\n<p><em><a href=\"https:\/\/www.allgeier.com\/en\/wp-content\/uploads\/sites\/2\/2025\/07\/mgm_eCube_Unterzeichnung-1024x553-1.jpg\"><img loading=\"lazy\" decoding=\"async\" class=\"alignnone size-medium wp-image-11086\" src=\"https:\/\/www.allgeier.com\/en\/wp-content\/uploads\/sites\/2\/2025\/07\/mgm_eCube_Unterzeichnung-1024x553-1-300x162.jpg\" alt=\"\" width=\"300\" height=\"162\" srcset=\"https:\/\/www.allgeier.com\/en\/wp-content\/uploads\/sites\/2\/2025\/07\/mgm_eCube_Unterzeichnung-1024x553-1-300x162.jpg 300w, https:\/\/www.allgeier.com\/en\/wp-content\/uploads\/sites\/2\/2025\/07\/mgm_eCube_Unterzeichnung-1024x553-1-768x415.jpg 768w, https:\/\/www.allgeier.com\/en\/wp-content\/uploads\/sites\/2\/2025\/07\/mgm_eCube_Unterzeichnung-1024x553-1.jpg 1024w\" sizes=\"auto, (max-width: 300px) 100vw, 300px\" \/><\/a><\/em><\/p>\n<p><em>Steffen Weber, Managing Director mgm; Maximilian K\u00fchne, Managing Director eCube; Daniel Brodkorb, Member of the Executive Board mgm, Commerce; G\u00fcnter Hei\u00df, Managing Director eCube and Gertrud Rossa, Member of the Executive Board mgm, Personnel.<\/em><\/p>\n<p><strong>A Stronger Presence in Munich and Leipzig<\/strong><\/p>\n<p>Geographically, the integration is an ideal match. eCube\u2019s offices in Munich and Leipzig complement mgm\u2019s existing locations, enabling seamless collaboration from day one. Starting in August 2025, eCube\u2019s experts will become part of mgm\u2019s commerce team \u2013 contributing their talent, experience, and dedication to joint success.<\/p>\n<p>For customers of both organizations, this means even more momentum in commerce, enhanced technical capabilities, and a continued commitment to excellence. \u201cWe\u2019re grateful for the warm welcome extended to our entire team,\u201d says Maximilian K\u00fchne, Managing Director of eCube. \u201cWe\u2019re excited to embark on this new chapter together and look forward to everything we will accomplish as one.\u201d<\/p>\n<p><strong>Further information:<\/strong><\/p>\n<ul class=\"wp-block-list\">\n<li>Website mgm:\u00a0<a href=\"https:\/\/www.mgm-tp.com\/retail.html\">Retail\/eCommerce<\/a><\/li>\n<\/ul>\n","protected":false},"excerpt":{"rendered":"<p>Munich, 30 July 2025 \u2013 Effective August 1, 2025, international software company mgm technology partners GmbH will officially welcome eCube GmbH, a specialist in commerce technologies, into the mgm group. This strategic acquisition represents a significant milestone in a long-standing and successful collaboration \u2013 and paves the way for new opportunities for clients and teams &hellip; <\/p>\n","protected":false},"author":4,"featured_media":0,"parent":253,"menu_order":0,"comment_status":"closed","ping_status":"closed","template":"","meta":{"_acf_changed":false,"footnotes":""},"class_list":["post-11085","page","type-page","status-publish","hentry"],"acf":[],"yoast_head":"<!-- This site is optimized with the Yoast SEO plugin v27.3 - https:\/\/yoast.com\/product\/yoast-seo-wordpress\/ -->\n<title>Stronger together in Digital Commerce \u2013 eCube joins forces with mgm - Allgeier SE<\/title>\n<meta name=\"description\" content=\"The international software company mgm technology partners GmbH (mgm) is growing constantly and readjusting its management board\" \/>\n<meta name=\"robots\" content=\"index, follow, max-snippet:-1, max-image-preview:large, max-video-preview:-1\" \/>\n<link rel=\"canonical\" href=\"https:\/\/www.allgeier.com\/en\/pressroom\/press-releases\/gemeinsam-staerker-im-digital-commerce-ecube-wird-teil-von-mgm\/\" \/>\n<meta property=\"og:locale\" content=\"en_US\" \/>\n<meta property=\"og:type\" content=\"article\" \/>\n<meta property=\"og:title\" content=\"Stronger together in Digital Commerce \u2013 eCube joins forces with mgm - Allgeier SE\" \/>\n<meta property=\"og:description\" content=\"The international software company mgm technology partners GmbH (mgm) is growing constantly and readjusting its management board\" \/>\n<meta property=\"og:url\" content=\"https:\/\/www.allgeier.com\/en\/pressroom\/press-releases\/gemeinsam-staerker-im-digital-commerce-ecube-wird-teil-von-mgm\/\" \/>\n<meta property=\"og:site_name\" content=\"Allgeier SE\" \/>\n<meta property=\"og:image\" content=\"https:\/\/www.allgeier.com\/en\/wp-content\/uploads\/sites\/2\/2025\/07\/mgm_eCube_Unterzeichnung-1024x553-1.jpg\" \/>\n\t<meta property=\"og:image:width\" content=\"1024\" \/>\n\t<meta property=\"og:image:height\" content=\"553\" \/>\n\t<meta property=\"og:image:type\" content=\"image\/jpeg\" \/>\n<meta name=\"twitter:card\" content=\"summary_large_image\" \/>\n<meta name=\"twitter:label1\" content=\"Est. reading time\" \/>\n\t<meta name=\"twitter:data1\" content=\"2 minutes\" \/>\n<script type=\"application\/ld+json\" class=\"yoast-schema-graph\">{\"@context\":\"https:\\\/\\\/schema.org\",\"@graph\":[{\"@type\":\"WebPage\",\"@id\":\"https:\\\/\\\/www.allgeier.com\\\/en\\\/pressroom\\\/press-releases\\\/gemeinsam-staerker-im-digital-commerce-ecube-wird-teil-von-mgm\\\/\",\"url\":\"https:\\\/\\\/www.allgeier.com\\\/en\\\/pressroom\\\/press-releases\\\/gemeinsam-staerker-im-digital-commerce-ecube-wird-teil-von-mgm\\\/\",\"name\":\"Stronger together in Digital Commerce \u2013 eCube joins forces with mgm - Allgeier SE\",\"isPartOf\":{\"@id\":\"https:\\\/\\\/www.allgeier.com\\\/en\\\/#website\"},\"primaryImageOfPage\":{\"@id\":\"https:\\\/\\\/www.allgeier.com\\\/en\\\/pressroom\\\/press-releases\\\/gemeinsam-staerker-im-digital-commerce-ecube-wird-teil-von-mgm\\\/#primaryimage\"},\"image\":{\"@id\":\"https:\\\/\\\/www.allgeier.com\\\/en\\\/pressroom\\\/press-releases\\\/gemeinsam-staerker-im-digital-commerce-ecube-wird-teil-von-mgm\\\/#primaryimage\"},\"thumbnailUrl\":\"https:\\\/\\\/www.allgeier.com\\\/en\\\/wp-content\\\/uploads\\\/sites\\\/2\\\/2025\\\/07\\\/mgm_eCube_Unterzeichnung-1024x553-1-300x162.jpg\",\"datePublished\":\"2025-07-30T09:42:35+00:00\",\"description\":\"The international software company mgm technology partners GmbH (mgm) is growing constantly and readjusting its management board\",\"breadcrumb\":{\"@id\":\"https:\\\/\\\/www.allgeier.com\\\/en\\\/pressroom\\\/press-releases\\\/gemeinsam-staerker-im-digital-commerce-ecube-wird-teil-von-mgm\\\/#breadcrumb\"},\"inLanguage\":\"en-US\",\"potentialAction\":[{\"@type\":\"ReadAction\",\"target\":[\"https:\\\/\\\/www.allgeier.com\\\/en\\\/pressroom\\\/press-releases\\\/gemeinsam-staerker-im-digital-commerce-ecube-wird-teil-von-mgm\\\/\"]}]},{\"@type\":\"ImageObject\",\"inLanguage\":\"en-US\",\"@id\":\"https:\\\/\\\/www.allgeier.com\\\/en\\\/pressroom\\\/press-releases\\\/gemeinsam-staerker-im-digital-commerce-ecube-wird-teil-von-mgm\\\/#primaryimage\",\"url\":\"https:\\\/\\\/www.allgeier.com\\\/en\\\/wp-content\\\/uploads\\\/sites\\\/2\\\/2025\\\/07\\\/mgm_eCube_Unterzeichnung-1024x553-1.jpg\",\"contentUrl\":\"https:\\\/\\\/www.allgeier.com\\\/en\\\/wp-content\\\/uploads\\\/sites\\\/2\\\/2025\\\/07\\\/mgm_eCube_Unterzeichnung-1024x553-1.jpg\",\"width\":1024,\"height\":553},{\"@type\":\"BreadcrumbList\",\"@id\":\"https:\\\/\\\/www.allgeier.com\\\/en\\\/pressroom\\\/press-releases\\\/gemeinsam-staerker-im-digital-commerce-ecube-wird-teil-von-mgm\\\/#breadcrumb\",\"itemListElement\":[{\"@type\":\"ListItem\",\"position\":1,\"name\":\"Home\",\"item\":\"https:\\\/\\\/www.allgeier.com\\\/en\\\/\"},{\"@type\":\"ListItem\",\"position\":2,\"name\":\"Press\",\"item\":\"https:\\\/\\\/www.allgeier.com\\\/en\\\/pressroom\\\/\"},{\"@type\":\"ListItem\",\"position\":3,\"name\":\"Press Releases\",\"item\":\"https:\\\/\\\/www.allgeier.com\\\/en\\\/pressroom\\\/press-releases\\\/\"},{\"@type\":\"ListItem\",\"position\":4,\"name\":\"Stronger together in Digital Commerce \u2013 eCube joins forces with mgm\"}]},{\"@type\":\"WebSite\",\"@id\":\"https:\\\/\\\/www.allgeier.com\\\/en\\\/#website\",\"url\":\"https:\\\/\\\/www.allgeier.com\\\/en\\\/\",\"name\":\"Allgeier SE\",\"description\":\"Software &amp; IT Services for digital transformation\",\"potentialAction\":[{\"@type\":\"SearchAction\",\"target\":{\"@type\":\"EntryPoint\",\"urlTemplate\":\"https:\\\/\\\/www.allgeier.com\\\/en\\\/?s={search_term_string}\"},\"query-input\":{\"@type\":\"PropertyValueSpecification\",\"valueRequired\":true,\"valueName\":\"search_term_string\"}}],\"inLanguage\":\"en-US\"}]}<\/script>\n<!-- \/ Yoast SEO plugin. -->","yoast_head_json":{"title":"Stronger together in Digital Commerce \u2013 eCube joins forces with mgm - Allgeier SE","description":"The international software company mgm technology partners GmbH (mgm) is growing constantly and readjusting its management board","robots":{"index":"index","follow":"follow","max-snippet":"max-snippet:-1","max-image-preview":"max-image-preview:large","max-video-preview":"max-video-preview:-1"},"canonical":"https:\/\/www.allgeier.com\/en\/pressroom\/press-releases\/gemeinsam-staerker-im-digital-commerce-ecube-wird-teil-von-mgm\/","og_locale":"en_US","og_type":"article","og_title":"Stronger together in Digital Commerce \u2013 eCube joins forces with mgm - Allgeier SE","og_description":"The international software company mgm technology partners GmbH (mgm) is growing constantly and readjusting its management board","og_url":"https:\/\/www.allgeier.com\/en\/pressroom\/press-releases\/gemeinsam-staerker-im-digital-commerce-ecube-wird-teil-von-mgm\/","og_site_name":"Allgeier SE","og_image":[{"width":1024,"height":553,"url":"https:\/\/www.allgeier.com\/en\/wp-content\/uploads\/sites\/2\/2025\/07\/mgm_eCube_Unterzeichnung-1024x553-1.jpg","type":"image\/jpeg"}],"twitter_card":"summary_large_image","twitter_misc":{"Est. reading time":"2 minutes"},"schema":{"@context":"https:\/\/schema.org","@graph":[{"@type":"WebPage","@id":"https:\/\/www.allgeier.com\/en\/pressroom\/press-releases\/gemeinsam-staerker-im-digital-commerce-ecube-wird-teil-von-mgm\/","url":"https:\/\/www.allgeier.com\/en\/pressroom\/press-releases\/gemeinsam-staerker-im-digital-commerce-ecube-wird-teil-von-mgm\/","name":"Stronger together in Digital Commerce \u2013 eCube joins forces with mgm - Allgeier SE","isPartOf":{"@id":"https:\/\/www.allgeier.com\/en\/#website"},"primaryImageOfPage":{"@id":"https:\/\/www.allgeier.com\/en\/pressroom\/press-releases\/gemeinsam-staerker-im-digital-commerce-ecube-wird-teil-von-mgm\/#primaryimage"},"image":{"@id":"https:\/\/www.allgeier.com\/en\/pressroom\/press-releases\/gemeinsam-staerker-im-digital-commerce-ecube-wird-teil-von-mgm\/#primaryimage"},"thumbnailUrl":"https:\/\/www.allgeier.com\/en\/wp-content\/uploads\/sites\/2\/2025\/07\/mgm_eCube_Unterzeichnung-1024x553-1-300x162.jpg","datePublished":"2025-07-30T09:42:35+00:00","description":"The international software company mgm technology partners GmbH (mgm) is growing constantly and readjusting its management board","breadcrumb":{"@id":"https:\/\/www.allgeier.com\/en\/pressroom\/press-releases\/gemeinsam-staerker-im-digital-commerce-ecube-wird-teil-von-mgm\/#breadcrumb"},"inLanguage":"en-US","potentialAction":[{"@type":"ReadAction","target":["https:\/\/www.allgeier.com\/en\/pressroom\/press-releases\/gemeinsam-staerker-im-digital-commerce-ecube-wird-teil-von-mgm\/"]}]},{"@type":"ImageObject","inLanguage":"en-US","@id":"https:\/\/www.allgeier.com\/en\/pressroom\/press-releases\/gemeinsam-staerker-im-digital-commerce-ecube-wird-teil-von-mgm\/#primaryimage","url":"https:\/\/www.allgeier.com\/en\/wp-content\/uploads\/sites\/2\/2025\/07\/mgm_eCube_Unterzeichnung-1024x553-1.jpg","contentUrl":"https:\/\/www.allgeier.com\/en\/wp-content\/uploads\/sites\/2\/2025\/07\/mgm_eCube_Unterzeichnung-1024x553-1.jpg","width":1024,"height":553},{"@type":"BreadcrumbList","@id":"https:\/\/www.allgeier.com\/en\/pressroom\/press-releases\/gemeinsam-staerker-im-digital-commerce-ecube-wird-teil-von-mgm\/#breadcrumb","itemListElement":[{"@type":"ListItem","position":1,"name":"Home","item":"https:\/\/www.allgeier.com\/en\/"},{"@type":"ListItem","position":2,"name":"Press","item":"https:\/\/www.allgeier.com\/en\/pressroom\/"},{"@type":"ListItem","position":3,"name":"Press Releases","item":"https:\/\/www.allgeier.com\/en\/pressroom\/press-releases\/"},{"@type":"ListItem","position":4,"name":"Stronger together in Digital Commerce \u2013 eCube joins forces with mgm"}]},{"@type":"WebSite","@id":"https:\/\/www.allgeier.com\/en\/#website","url":"https:\/\/www.allgeier.com\/en\/","name":"Allgeier SE","description":"Software &amp; IT Services for digital transformation","potentialAction":[{"@type":"SearchAction","target":{"@type":"EntryPoint","urlTemplate":"https:\/\/www.allgeier.com\/en\/?s={search_term_string}"},"query-input":{"@type":"PropertyValueSpecification","valueRequired":true,"valueName":"search_term_string"}}],"inLanguage":"en-US"}]}},"_links":{"self":[{"href":"https:\/\/www.allgeier.com\/en\/wp-json\/wp\/v2\/pages\/11085","targetHints":{"allow":["GET"]}}],"collection":[{"href":"https:\/\/www.allgeier.com\/en\/wp-json\/wp\/v2\/pages"}],"about":[{"href":"https:\/\/www.allgeier.com\/en\/wp-json\/wp\/v2\/types\/page"}],"author":[{"embeddable":true,"href":"https:\/\/www.allgeier.com\/en\/wp-json\/wp\/v2\/users\/4"}],"replies":[{"embeddable":true,"href":"https:\/\/www.allgeier.com\/en\/wp-json\/wp\/v2\/comments?post=11085"}],"version-history":[{"count":1,"href":"https:\/\/www.allgeier.com\/en\/wp-json\/wp\/v2\/pages\/11085\/revisions"}],"predecessor-version":[{"id":11087,"href":"https:\/\/www.allgeier.com\/en\/wp-json\/wp\/v2\/pages\/11085\/revisions\/11087"}],"up":[{"embeddable":true,"href":"https:\/\/www.allgeier.com\/en\/wp-json\/wp\/v2\/pages\/253"}],"wp:attachment":[{"href":"https:\/\/www.allgeier.com\/en\/wp-json\/wp\/v2\/media?parent=11085"}],"curies":[{"name":"wp","href":"https:\/\/api.w.org\/{rel}","templated":true}]}}