{"id":1285,"date":"2013-07-16T10:09:23","date_gmt":"2013-07-16T10:09:23","guid":{"rendered":"http:\/\/www.allgeier.com\/en\/?page_id=1285"},"modified":"2025-02-06T14:28:48","modified_gmt":"2025-02-06T14:28:48","slug":"bsh-it-solutions-bsh-it-solutions-gmbh-integrates-the-business-division-it-infrastructure-of-allgeier-it-solutions-gmbh","status":"publish","type":"page","link":"https:\/\/www.allgeier.com\/en\/pressroom\/archives\/2013-2\/bsh-it-solutions-bsh-it-solutions-gmbh-integrates-the-business-division-it-infrastructure-of-allgeier-it-solutions-gmbh\/","title":{"rendered":"16072013"},"content":{"rendered":"<p><i>Bremen, 16.07.2013 \u2013 <\/i>BSH IT Solutions, a 100% subsidiary of Allgeier IT Solutions GmbH, concluded an agreement with its parent company for the integration of the business division IT infrastructure. As from July 1, 2013 , BSH IT Solutions, which already has been working closely with the infrastructure division of Allgeier since the beginning of 2011, takes over the business operation of the range IT infrastructure, including customer relationships and contracts as well as the employees in the course of an asset deal. It thus combines the common service-, sales- and infrastructure-expertise into a strong entity under the leadership of BSH.<\/p>\n<p>A few days ago, Allgeier and BSH moved their previous location in M\u00fcnster to the strategically situated location at the M\u00fcnster Osnabr\u00fcck Airport. By concentrating the infrastructure expertise, BSH significantly strenghtens its presence in North Rhine-Westphalia and the service portfolio. In the future, customers will benefit from a team with over 80 qualified employees in the infrastructure environment at the sites of Bremen, Greven and Westerstede, a data center for hosting and software-as-a-service (SaaS) solutions, as well as improved and standardized service processes.<\/p>\n<p>In the face of the asset deal, Hubert Rohrer, CEO of Allgeier IT Solutions GmbH, said: \u201cThe bundling of infrastructure skills in the BSH brand constitutes a meaningful and consistent optimization of the business unit IT infrastructure for our customers.\u201c<\/p>\n<p>BSH CEO Sascha Sambach is pleased by the trust of the parent company and states on the development: \u201cCombining the expertise of both companies in the BSH is profitable for our common existing and future new customers in particular. BSH IT Solutions has consistently developed positively over the past years and is aiming for further growth.\u201d<\/p>\n<p><i>For more information, please visit <a href=\"http:\/\/www.bsh-it.de\/\">www.bsh-it.de<\/a><\/i><a href=\"https:\/\/www.allgeier.com\/en\/wp-content\/uploads\/sites\/2\/2015\/03\/13-04-RelaunchBSH-Logo-Entw\u00fcrfe-9_klein.jpg\"><img loading=\"lazy\" decoding=\"async\" class=\"alignnone  wp-image-1286\" src=\"https:\/\/www.allgeier.com\/en\/wp-content\/uploads\/sites\/2\/2015\/03\/13-04-RelaunchBSH-Logo-Entw\u00fcrfe-9_klein.jpg\" alt=\"13-04-RelaunchBSH-Logo-Entw\u00fcrfe-9_klein\" width=\"317\" height=\"77\" srcset=\"https:\/\/www.allgeier.com\/en\/wp-content\/uploads\/sites\/2\/2015\/03\/13-04-RelaunchBSH-Logo-Entw\u00fcrfe-9_klein.jpg 354w, https:\/\/www.allgeier.com\/en\/wp-content\/uploads\/sites\/2\/2015\/03\/13-04-RelaunchBSH-Logo-Entw\u00fcrfe-9_klein-300x73.jpg 300w\" sizes=\"auto, (max-width: 317px) 100vw, 317px\" \/><\/a><\/p>\n","protected":false},"excerpt":{"rendered":"<p>Bremen, 16.07.2013 \u2013 BSH IT Solutions, a 100% subsidiary of Allgeier IT Solutions GmbH, concluded an agreement with its parent company for the integration of the business division IT infrastructure. As from July 1, 2013 , BSH IT Solutions, which already has been working closely with the infrastructure division of Allgeier since the beginning of &hellip; <\/p>\n","protected":false},"author":1,"featured_media":0,"parent":1268,"menu_order":0,"comment_status":"closed","ping_status":"closed","template":"","meta":{"_acf_changed":false,"footnotes":""},"class_list":["post-1285","page","type-page","status-publish","hentry"],"acf":[],"yoast_head":"<!-- This site is optimized with the Yoast SEO plugin v27.4 - https:\/\/yoast.com\/product\/yoast-seo-wordpress\/ -->\n<title>16072013 - Allgeier SE<\/title>\n<meta name=\"robots\" content=\"index, follow, max-snippet:-1, max-image-preview:large, max-video-preview:-1\" \/>\n<link rel=\"canonical\" href=\"https:\/\/www.allgeier.com\/en\/pressroom\/archives\/2013-2\/bsh-it-solutions-bsh-it-solutions-gmbh-integrates-the-business-division-it-infrastructure-of-allgeier-it-solutions-gmbh\/\" \/>\n<meta property=\"og:locale\" content=\"en_US\" \/>\n<meta property=\"og:type\" content=\"article\" \/>\n<meta property=\"og:title\" content=\"16072013 - Allgeier SE\" \/>\n<meta property=\"og:description\" content=\"Bremen, 16.07.2013 \u2013 BSH IT Solutions, a 100% subsidiary of Allgeier IT Solutions GmbH, concluded an agreement with its parent company for the integration of the business division IT infrastructure. As from July 1, 2013 , BSH IT Solutions, which already has been working closely with the infrastructure division of Allgeier since the beginning of &hellip;\" \/>\n<meta property=\"og:url\" content=\"https:\/\/www.allgeier.com\/en\/pressroom\/archives\/2013-2\/bsh-it-solutions-bsh-it-solutions-gmbh-integrates-the-business-division-it-infrastructure-of-allgeier-it-solutions-gmbh\/\" \/>\n<meta property=\"og:site_name\" content=\"Allgeier SE\" \/>\n<meta property=\"article:modified_time\" content=\"2025-02-06T14:28:48+00:00\" \/>\n<meta name=\"twitter:card\" content=\"summary_large_image\" \/>\n<meta name=\"twitter:label1\" content=\"Est. reading time\" \/>\n\t<meta name=\"twitter:data1\" content=\"1 minute\" \/>\n<script type=\"application\/ld+json\" class=\"yoast-schema-graph\">{\"@context\":\"https:\\\/\\\/schema.org\",\"@graph\":[{\"@type\":\"WebPage\",\"@id\":\"https:\\\/\\\/www.allgeier.com\\\/en\\\/pressroom\\\/archives\\\/2013-2\\\/bsh-it-solutions-bsh-it-solutions-gmbh-integrates-the-business-division-it-infrastructure-of-allgeier-it-solutions-gmbh\\\/\",\"url\":\"https:\\\/\\\/www.allgeier.com\\\/en\\\/pressroom\\\/archives\\\/2013-2\\\/bsh-it-solutions-bsh-it-solutions-gmbh-integrates-the-business-division-it-infrastructure-of-allgeier-it-solutions-gmbh\\\/\",\"name\":\"16072013 - Allgeier SE\",\"isPartOf\":{\"@id\":\"https:\\\/\\\/www.allgeier.com\\\/en\\\/#website\"},\"datePublished\":\"2013-07-16T10:09:23+00:00\",\"dateModified\":\"2025-02-06T14:28:48+00:00\",\"breadcrumb\":{\"@id\":\"https:\\\/\\\/www.allgeier.com\\\/en\\\/pressroom\\\/archives\\\/2013-2\\\/bsh-it-solutions-bsh-it-solutions-gmbh-integrates-the-business-division-it-infrastructure-of-allgeier-it-solutions-gmbh\\\/#breadcrumb\"},\"inLanguage\":\"en-US\",\"potentialAction\":[{\"@type\":\"ReadAction\",\"target\":[\"https:\\\/\\\/www.allgeier.com\\\/en\\\/pressroom\\\/archives\\\/2013-2\\\/bsh-it-solutions-bsh-it-solutions-gmbh-integrates-the-business-division-it-infrastructure-of-allgeier-it-solutions-gmbh\\\/\"]}]},{\"@type\":\"BreadcrumbList\",\"@id\":\"https:\\\/\\\/www.allgeier.com\\\/en\\\/pressroom\\\/archives\\\/2013-2\\\/bsh-it-solutions-bsh-it-solutions-gmbh-integrates-the-business-division-it-infrastructure-of-allgeier-it-solutions-gmbh\\\/#breadcrumb\",\"itemListElement\":[{\"@type\":\"ListItem\",\"position\":1,\"name\":\"Home\",\"item\":\"https:\\\/\\\/www.allgeier.com\\\/en\\\/\"},{\"@type\":\"ListItem\",\"position\":2,\"name\":\"Press\",\"item\":\"https:\\\/\\\/www.allgeier.com\\\/en\\\/pressroom\\\/\"},{\"@type\":\"ListItem\",\"position\":3,\"name\":\"Press Releases Archives\",\"item\":\"https:\\\/\\\/www.allgeier.com\\\/en\\\/pressroom\\\/archives\\\/\"},{\"@type\":\"ListItem\",\"position\":4,\"name\":\"2013\",\"item\":\"https:\\\/\\\/www.allgeier.com\\\/en\\\/pressroom\\\/archives\\\/2013-2\\\/\"},{\"@type\":\"ListItem\",\"position\":5,\"name\":\"16072013\"}]},{\"@type\":\"WebSite\",\"@id\":\"https:\\\/\\\/www.allgeier.com\\\/en\\\/#website\",\"url\":\"https:\\\/\\\/www.allgeier.com\\\/en\\\/\",\"name\":\"Allgeier SE\",\"description\":\"Software &amp; IT Services for digital transformation\",\"potentialAction\":[{\"@type\":\"SearchAction\",\"target\":{\"@type\":\"EntryPoint\",\"urlTemplate\":\"https:\\\/\\\/www.allgeier.com\\\/en\\\/?s={search_term_string}\"},\"query-input\":{\"@type\":\"PropertyValueSpecification\",\"valueRequired\":true,\"valueName\":\"search_term_string\"}}],\"inLanguage\":\"en-US\"}]}<\/script>\n<!-- \/ Yoast SEO plugin. -->","yoast_head_json":{"title":"16072013 - Allgeier SE","robots":{"index":"index","follow":"follow","max-snippet":"max-snippet:-1","max-image-preview":"max-image-preview:large","max-video-preview":"max-video-preview:-1"},"canonical":"https:\/\/www.allgeier.com\/en\/pressroom\/archives\/2013-2\/bsh-it-solutions-bsh-it-solutions-gmbh-integrates-the-business-division-it-infrastructure-of-allgeier-it-solutions-gmbh\/","og_locale":"en_US","og_type":"article","og_title":"16072013 - Allgeier SE","og_description":"Bremen, 16.07.2013 \u2013 BSH IT Solutions, a 100% subsidiary of Allgeier IT Solutions GmbH, concluded an agreement with its parent company for the integration of the business division IT infrastructure. As from July 1, 2013 , BSH IT Solutions, which already has been working closely with the infrastructure division of Allgeier since the beginning of &hellip;","og_url":"https:\/\/www.allgeier.com\/en\/pressroom\/archives\/2013-2\/bsh-it-solutions-bsh-it-solutions-gmbh-integrates-the-business-division-it-infrastructure-of-allgeier-it-solutions-gmbh\/","og_site_name":"Allgeier SE","article_modified_time":"2025-02-06T14:28:48+00:00","twitter_card":"summary_large_image","twitter_misc":{"Est. reading time":"1 minute"},"schema":{"@context":"https:\/\/schema.org","@graph":[{"@type":"WebPage","@id":"https:\/\/www.allgeier.com\/en\/pressroom\/archives\/2013-2\/bsh-it-solutions-bsh-it-solutions-gmbh-integrates-the-business-division-it-infrastructure-of-allgeier-it-solutions-gmbh\/","url":"https:\/\/www.allgeier.com\/en\/pressroom\/archives\/2013-2\/bsh-it-solutions-bsh-it-solutions-gmbh-integrates-the-business-division-it-infrastructure-of-allgeier-it-solutions-gmbh\/","name":"16072013 - Allgeier SE","isPartOf":{"@id":"https:\/\/www.allgeier.com\/en\/#website"},"datePublished":"2013-07-16T10:09:23+00:00","dateModified":"2025-02-06T14:28:48+00:00","breadcrumb":{"@id":"https:\/\/www.allgeier.com\/en\/pressroom\/archives\/2013-2\/bsh-it-solutions-bsh-it-solutions-gmbh-integrates-the-business-division-it-infrastructure-of-allgeier-it-solutions-gmbh\/#breadcrumb"},"inLanguage":"en-US","potentialAction":[{"@type":"ReadAction","target":["https:\/\/www.allgeier.com\/en\/pressroom\/archives\/2013-2\/bsh-it-solutions-bsh-it-solutions-gmbh-integrates-the-business-division-it-infrastructure-of-allgeier-it-solutions-gmbh\/"]}]},{"@type":"BreadcrumbList","@id":"https:\/\/www.allgeier.com\/en\/pressroom\/archives\/2013-2\/bsh-it-solutions-bsh-it-solutions-gmbh-integrates-the-business-division-it-infrastructure-of-allgeier-it-solutions-gmbh\/#breadcrumb","itemListElement":[{"@type":"ListItem","position":1,"name":"Home","item":"https:\/\/www.allgeier.com\/en\/"},{"@type":"ListItem","position":2,"name":"Press","item":"https:\/\/www.allgeier.com\/en\/pressroom\/"},{"@type":"ListItem","position":3,"name":"Press Releases Archives","item":"https:\/\/www.allgeier.com\/en\/pressroom\/archives\/"},{"@type":"ListItem","position":4,"name":"2013","item":"https:\/\/www.allgeier.com\/en\/pressroom\/archives\/2013-2\/"},{"@type":"ListItem","position":5,"name":"16072013"}]},{"@type":"WebSite","@id":"https:\/\/www.allgeier.com\/en\/#website","url":"https:\/\/www.allgeier.com\/en\/","name":"Allgeier SE","description":"Software &amp; IT Services for digital transformation","potentialAction":[{"@type":"SearchAction","target":{"@type":"EntryPoint","urlTemplate":"https:\/\/www.allgeier.com\/en\/?s={search_term_string}"},"query-input":{"@type":"PropertyValueSpecification","valueRequired":true,"valueName":"search_term_string"}}],"inLanguage":"en-US"}]}},"_links":{"self":[{"href":"https:\/\/www.allgeier.com\/en\/wp-json\/wp\/v2\/pages\/1285","targetHints":{"allow":["GET"]}}],"collection":[{"href":"https:\/\/www.allgeier.com\/en\/wp-json\/wp\/v2\/pages"}],"about":[{"href":"https:\/\/www.allgeier.com\/en\/wp-json\/wp\/v2\/types\/page"}],"author":[{"embeddable":true,"href":"https:\/\/www.allgeier.com\/en\/wp-json\/wp\/v2\/users\/1"}],"replies":[{"embeddable":true,"href":"https:\/\/www.allgeier.com\/en\/wp-json\/wp\/v2\/comments?post=1285"}],"version-history":[{"count":3,"href":"https:\/\/www.allgeier.com\/en\/wp-json\/wp\/v2\/pages\/1285\/revisions"}],"predecessor-version":[{"id":1433,"href":"https:\/\/www.allgeier.com\/en\/wp-json\/wp\/v2\/pages\/1285\/revisions\/1433"}],"up":[{"embeddable":true,"href":"https:\/\/www.allgeier.com\/en\/wp-json\/wp\/v2\/pages\/1268"}],"wp:attachment":[{"href":"https:\/\/www.allgeier.com\/en\/wp-json\/wp\/v2\/media?parent=1285"}],"curies":[{"name":"wp","href":"https:\/\/api.w.org\/{rel}","templated":true}]}}