{"id":8965,"date":"2014-11-07T16:26:35","date_gmt":"2014-11-07T17:26:35","guid":{"rendered":"https:\/\/www.allgeier.com\/en\/?page_id=8965"},"modified":"2023-01-18T20:17:33","modified_gmt":"2023-01-18T20:17:33","slug":"dgap-dd-allgeier-se-english-126","status":"publish","type":"page","link":"https:\/\/www.allgeier.com\/en\/investor-relations\/directors-dealings\/dgap-dd-allgeier-se-english-126\/","title":{"rendered":"DGAP-DD: ALLGEIER SE english"},"content":{"rendered":"<p>Notification concerning transactions by persons performing managerialresponsibilities pursuant to section 15a of the WpHGDirectors&#8217; Dealings notification transmitted by DGAP \u2013 a service of EQS Group AG.The person with duty of notification is solely responsible for the contentof this announcement.&#8212;&#8212;&#8212;&#8212;&#8212;&#8212;&#8212;&#8212;&#8212;&#8212;&#8212;&#8212;&#8212;&#8212;&#8212;&#8212;&#8212;&#8212;&#8212;&#8212;&#8212;&#8212;&#8212;&#8212;&#8212;Details of the person subject to the disclosure requirementCompany: Nectorplan LimitedPerson performing managerial responsibilities, triggering the disclosure requirement for the legal personDetails of the person performing managerial responsibilitiesPosition: Member of an administrative or supervisory bodyInformation about the transaction with duty of notificationDescription of the financial instrument: ShareISIN\/WKN of the financial instrument:  DE0005086300Type of transaction: PurchaseDate: 04.11.2014Price: 14.10Currency: EURNo. of items: 4500.00Total amount traded: 63450.00Place: B\u00f6rse FrankfurtInformation about the company with duty of publicationIssuer: ALLGEIER SEWehrlestra\u00dfe 1281679 M\u00fcnchenDeutschlandISIN: DE0005086300WKN: 508630End of Directors&#8217; Dealings Notification (c) DGAP 07.11.2014DGAP Distribution Services include Regulatory Announcements,Financial\/Corporate News and Press Releases.Media archive at www.dgap-medientreff.de and www.dgap.deID 19815<\/p>\n","protected":false},"excerpt":{"rendered":"<p>Details of the person subject to the disclosure requirement Company: Nectorplan Limited Person performing managerial responsibilities, triggering the disclosure requirement for the legal person Details of the person performing managerial responsibilities Position: Member of an administrative or supervisory<\/p>\n","protected":false},"author":4,"featured_media":0,"parent":8696,"menu_order":0,"comment_status":"close","ping_status":"closed","template":"","meta":{"_acf_changed":false,"footnotes":""},"class_list":["post-8965","page","type-page","status-publish","hentry"],"acf":[],"yoast_head":"<!-- This site is optimized with the Yoast SEO plugin v27.4 - https:\/\/yoast.com\/product\/yoast-seo-wordpress\/ -->\n<title>DGAP-DD: ALLGEIER SE english - Allgeier SE<\/title>\n<meta name=\"robots\" content=\"index, follow, max-snippet:-1, max-image-preview:large, max-video-preview:-1\" \/>\n<link rel=\"canonical\" href=\"https:\/\/www.allgeier.com\/en\/investor-relations\/directors-dealings\/dgap-dd-allgeier-se-english-126\/\" \/>\n<meta property=\"og:locale\" content=\"en_US\" \/>\n<meta property=\"og:type\" content=\"article\" \/>\n<meta property=\"og:title\" content=\"DGAP-DD: ALLGEIER SE english - Allgeier SE\" \/>\n<meta property=\"og:description\" content=\"Details of the person subject to the disclosure requirement Company: Nectorplan Limited Person performing managerial responsibilities, triggering the disclosure requirement for the legal person Details of the person performing managerial responsibilities Position: Member of an administrative or supervisory\" \/>\n<meta property=\"og:url\" content=\"https:\/\/www.allgeier.com\/en\/investor-relations\/directors-dealings\/dgap-dd-allgeier-se-english-126\/\" \/>\n<meta property=\"og:site_name\" content=\"Allgeier SE\" \/>\n<meta property=\"article:modified_time\" content=\"2023-01-18T20:17:33+00:00\" \/>\n<meta name=\"twitter:card\" content=\"summary_large_image\" \/>\n<meta name=\"twitter:label1\" content=\"Est. reading time\" \/>\n\t<meta name=\"twitter:data1\" content=\"1 minute\" \/>\n<script type=\"application\/ld+json\" class=\"yoast-schema-graph\">{\"@context\":\"https:\\\/\\\/schema.org\",\"@graph\":[{\"@type\":\"WebPage\",\"@id\":\"https:\\\/\\\/www.allgeier.com\\\/en\\\/investor-relations\\\/directors-dealings\\\/dgap-dd-allgeier-se-english-126\\\/\",\"url\":\"https:\\\/\\\/www.allgeier.com\\\/en\\\/investor-relations\\\/directors-dealings\\\/dgap-dd-allgeier-se-english-126\\\/\",\"name\":\"DGAP-DD: ALLGEIER SE english - Allgeier SE\",\"isPartOf\":{\"@id\":\"https:\\\/\\\/www.allgeier.com\\\/en\\\/#website\"},\"datePublished\":\"2014-11-07T17:26:35+00:00\",\"dateModified\":\"2023-01-18T20:17:33+00:00\",\"breadcrumb\":{\"@id\":\"https:\\\/\\\/www.allgeier.com\\\/en\\\/investor-relations\\\/directors-dealings\\\/dgap-dd-allgeier-se-english-126\\\/#breadcrumb\"},\"inLanguage\":\"en-US\",\"potentialAction\":[{\"@type\":\"ReadAction\",\"target\":[\"https:\\\/\\\/www.allgeier.com\\\/en\\\/investor-relations\\\/directors-dealings\\\/dgap-dd-allgeier-se-english-126\\\/\"]}]},{\"@type\":\"BreadcrumbList\",\"@id\":\"https:\\\/\\\/www.allgeier.com\\\/en\\\/investor-relations\\\/directors-dealings\\\/dgap-dd-allgeier-se-english-126\\\/#breadcrumb\",\"itemListElement\":[{\"@type\":\"ListItem\",\"position\":1,\"name\":\"Home\",\"item\":\"https:\\\/\\\/www.allgeier.com\\\/en\\\/\"},{\"@type\":\"ListItem\",\"position\":2,\"name\":\"Investor Relations\",\"item\":\"https:\\\/\\\/www.allgeier.com\\\/en\\\/investor-relations\\\/\"},{\"@type\":\"ListItem\",\"position\":3,\"name\":\"Directors\u2018 Dealings\",\"item\":\"https:\\\/\\\/www.allgeier.com\\\/en\\\/investor-relations\\\/directors-dealings\\\/\"},{\"@type\":\"ListItem\",\"position\":4,\"name\":\"DGAP-DD: ALLGEIER SE english\"}]},{\"@type\":\"WebSite\",\"@id\":\"https:\\\/\\\/www.allgeier.com\\\/en\\\/#website\",\"url\":\"https:\\\/\\\/www.allgeier.com\\\/en\\\/\",\"name\":\"Allgeier SE\",\"description\":\"Software &amp; IT Services for digital transformation\",\"potentialAction\":[{\"@type\":\"SearchAction\",\"target\":{\"@type\":\"EntryPoint\",\"urlTemplate\":\"https:\\\/\\\/www.allgeier.com\\\/en\\\/?s={search_term_string}\"},\"query-input\":{\"@type\":\"PropertyValueSpecification\",\"valueRequired\":true,\"valueName\":\"search_term_string\"}}],\"inLanguage\":\"en-US\"}]}<\/script>\n<!-- \/ Yoast SEO plugin. -->","yoast_head_json":{"title":"DGAP-DD: ALLGEIER SE english - Allgeier SE","robots":{"index":"index","follow":"follow","max-snippet":"max-snippet:-1","max-image-preview":"max-image-preview:large","max-video-preview":"max-video-preview:-1"},"canonical":"https:\/\/www.allgeier.com\/en\/investor-relations\/directors-dealings\/dgap-dd-allgeier-se-english-126\/","og_locale":"en_US","og_type":"article","og_title":"DGAP-DD: ALLGEIER SE english - Allgeier SE","og_description":"Details of the person subject to the disclosure requirement Company: Nectorplan Limited Person performing managerial responsibilities, triggering the disclosure requirement for the legal person Details of the person performing managerial responsibilities Position: Member of an administrative or supervisory","og_url":"https:\/\/www.allgeier.com\/en\/investor-relations\/directors-dealings\/dgap-dd-allgeier-se-english-126\/","og_site_name":"Allgeier SE","article_modified_time":"2023-01-18T20:17:33+00:00","twitter_card":"summary_large_image","twitter_misc":{"Est. reading time":"1 minute"},"schema":{"@context":"https:\/\/schema.org","@graph":[{"@type":"WebPage","@id":"https:\/\/www.allgeier.com\/en\/investor-relations\/directors-dealings\/dgap-dd-allgeier-se-english-126\/","url":"https:\/\/www.allgeier.com\/en\/investor-relations\/directors-dealings\/dgap-dd-allgeier-se-english-126\/","name":"DGAP-DD: ALLGEIER SE english - Allgeier SE","isPartOf":{"@id":"https:\/\/www.allgeier.com\/en\/#website"},"datePublished":"2014-11-07T17:26:35+00:00","dateModified":"2023-01-18T20:17:33+00:00","breadcrumb":{"@id":"https:\/\/www.allgeier.com\/en\/investor-relations\/directors-dealings\/dgap-dd-allgeier-se-english-126\/#breadcrumb"},"inLanguage":"en-US","potentialAction":[{"@type":"ReadAction","target":["https:\/\/www.allgeier.com\/en\/investor-relations\/directors-dealings\/dgap-dd-allgeier-se-english-126\/"]}]},{"@type":"BreadcrumbList","@id":"https:\/\/www.allgeier.com\/en\/investor-relations\/directors-dealings\/dgap-dd-allgeier-se-english-126\/#breadcrumb","itemListElement":[{"@type":"ListItem","position":1,"name":"Home","item":"https:\/\/www.allgeier.com\/en\/"},{"@type":"ListItem","position":2,"name":"Investor Relations","item":"https:\/\/www.allgeier.com\/en\/investor-relations\/"},{"@type":"ListItem","position":3,"name":"Directors\u2018 Dealings","item":"https:\/\/www.allgeier.com\/en\/investor-relations\/directors-dealings\/"},{"@type":"ListItem","position":4,"name":"DGAP-DD: ALLGEIER SE english"}]},{"@type":"WebSite","@id":"https:\/\/www.allgeier.com\/en\/#website","url":"https:\/\/www.allgeier.com\/en\/","name":"Allgeier SE","description":"Software &amp; IT Services for digital transformation","potentialAction":[{"@type":"SearchAction","target":{"@type":"EntryPoint","urlTemplate":"https:\/\/www.allgeier.com\/en\/?s={search_term_string}"},"query-input":{"@type":"PropertyValueSpecification","valueRequired":true,"valueName":"search_term_string"}}],"inLanguage":"en-US"}]}},"_links":{"self":[{"href":"https:\/\/www.allgeier.com\/en\/wp-json\/wp\/v2\/pages\/8965","targetHints":{"allow":["GET"]}}],"collection":[{"href":"https:\/\/www.allgeier.com\/en\/wp-json\/wp\/v2\/pages"}],"about":[{"href":"https:\/\/www.allgeier.com\/en\/wp-json\/wp\/v2\/types\/page"}],"author":[{"embeddable":true,"href":"https:\/\/www.allgeier.com\/en\/wp-json\/wp\/v2\/users\/4"}],"replies":[{"embeddable":true,"href":"https:\/\/www.allgeier.com\/en\/wp-json\/wp\/v2\/comments?post=8965"}],"version-history":[{"count":1,"href":"https:\/\/www.allgeier.com\/en\/wp-json\/wp\/v2\/pages\/8965\/revisions"}],"predecessor-version":[{"id":8966,"href":"https:\/\/www.allgeier.com\/en\/wp-json\/wp\/v2\/pages\/8965\/revisions\/8966"}],"up":[{"embeddable":true,"href":"https:\/\/www.allgeier.com\/en\/wp-json\/wp\/v2\/pages\/8696"}],"wp:attachment":[{"href":"https:\/\/www.allgeier.com\/en\/wp-json\/wp\/v2\/media?parent=8965"}],"curies":[{"name":"wp","href":"https:\/\/api.w.org\/{rel}","templated":true}]}}